{"id":2865,"date":"2024-10-21T14:48:21","date_gmt":"2024-10-21T12:48:21","guid":{"rendered":"https:\/\/villacanthus.it\/?post_type=product&#038;p=2865"},"modified":"2024-10-23T14:07:38","modified_gmt":"2024-10-23T12:07:38","slug":"raboso-del-piave","status":"publish","type":"product","link":"https:\/\/villacanthus.it\/de\/shop\/die-rebsorten-des-herzens\/raboso-del-piave\/","title":{"rendered":"Raboso Passito"},"content":{"rendered":"<p>S\u00fc\u00dfer Wein mit intensiver rubinroter Farbe, undurchdringlich f\u00fcr Licht. In der Nase treten intensive Noten von eingelegter Schwarzkirsche hervor, begleitet von dezenteren D\u00fcften nach Novembermoos, mit einem Abgang von karamellisierten Fr\u00fcchten. Der Geschmack, der das olfaktorische Empfinden genau widerspiegelt, ist s\u00fc\u00df, aber ausgewogen und harmonisch.<\/p>\n<p>Ideal als Dessertwein, Digestif oder Meditationswein.<\/p>\n","protected":false},"excerpt":{"rendered":"<p style=\"text-align: center;\"><img decoding=\"async\" class=\"aligncenter\" src=\"https:\/\/villacanthus.it\/wp-content\/uploads\/2023\/04\/icona-uva.png\" width=\"50\" \/>100% Raboso<\/p>\n<p>&nbsp;<\/p>\n<p style=\"text-align: center;\"><img decoding=\"async\" class=\"aligncenter\" src=\"https:\/\/villacanthus.it\/wp-content\/uploads\/2023\/04\/calendario.png\" width=\"50\" \/>Dritte Woche im Oktober<\/p>\n<p>&nbsp;<\/p>\n<p style=\"text-align: center;\"><img decoding=\"async\" class=\"aligncenter\" src=\"https:\/\/villacanthus.it\/wp-content\/uploads\/2023\/04\/raccolata-a-mano.png\" width=\"50\" \/>Von Hand geerntete Trauben in Kisten mit sorgf\u00e4ltiger Auswahl der Trauben. 90 Tage Trocknung<\/p>\n<p>&nbsp;<\/p>\n<p style=\"text-align: center;\"><img decoding=\"async\" class=\"aligncenter\" src=\"https:\/\/villacanthus.it\/wp-content\/uploads\/2023\/04\/pressa.png\" width=\"50\" \/>Pressung, Mazeration auf den Schalen f\u00fcr 25 Tage<\/p>\n<p>&nbsp;<\/p>\n<p style=\"text-align: center;\"><img decoding=\"async\" class=\"aligncenter\" src=\"https:\/\/villacanthus.it\/wp-content\/uploads\/2023\/04\/barile.png\" width=\"50\" data-wp-editing=\"1\" \/>In Barrique f\u00fcr 12 Monate, in vitrifiziertem Beton f\u00fcr 2 Jahre \u2013 Flaschenreifung f\u00fcr 6 Monate<\/p>\n<p>&nbsp;<\/p>\n<p style=\"text-align: center;\"><img decoding=\"async\" class=\"aligncenter\" src=\"https:\/\/villacanthus.it\/wp-content\/uploads\/2023\/04\/termometro.png\" width=\"50\" \/>8\u00b0-10\u00b0C<\/p>\n<p style=\"text-align: center;\"><img decoding=\"async\" class=\"aligncenter\" src=\"https:\/\/villacanthus.it\/wp-content\/uploads\/2023\/04\/peptide.png\" width=\"50\" \/>14% vol<br \/>\nGesamts\u00e4uregehalt 8,5 g\/L<br \/>\nP.h. 3,13<br \/>\nNettotrockenextrakt 35 g\/L<\/p>\n<p style=\"text-align: center;\">Zucker 130 g\/l \u2013 enth\u00e4lt Sulfite<\/p>\n","protected":false},"featured_media":2855,"template":"","meta":{"_acf_changed":false},"product_brand":[],"product_cat":[62],"product_tag":[],"class_list":{"0":"post-2865","1":"product","2":"type-product","3":"status-publish","4":"has-post-thumbnail","6":"product_cat-die-rebsorten-des-herzens","8":"first","9":"instock","10":"taxable","11":"shipping-taxable","12":"purchasable","13":"product-type-simple"},"acf":[],"yoast_head":"<!-- This site is optimized with the Yoast SEO plugin v27.3 - https:\/\/yoast.com\/product\/yoast-seo-wordpress\/ -->\n<title>Italienischer Raboso raisin wine - Villa Canthus<\/title>\n<meta name=\"description\" content=\"Entdecken und kaufen Sie den erfrischenden italienischen Raboso raisin wine bei Villa Canthus, ein Fest f\u00fcr Ihre Sinne.\" \/>\n<meta name=\"robots\" content=\"index, follow, max-snippet:-1, max-image-preview:large, max-video-preview:-1\" \/>\n<link rel=\"canonical\" href=\"https:\/\/villacanthus.it\/de\/shop\/die-rebsorten-des-herzens\/raboso-del-piave\/\" \/>\n<meta property=\"og:locale\" content=\"de_DE\" \/>\n<meta property=\"og:type\" content=\"article\" \/>\n<meta property=\"og:title\" content=\"Italienischer Raboso raisin wine - Villa Canthus\" \/>\n<meta property=\"og:description\" content=\"Entdecken und kaufen Sie den erfrischenden italienischen Raboso raisin wine bei Villa Canthus, ein Fest f\u00fcr Ihre Sinne.\" \/>\n<meta property=\"og:url\" content=\"https:\/\/villacanthus.it\/de\/shop\/die-rebsorten-des-herzens\/raboso-del-piave\/\" \/>\n<meta property=\"og:site_name\" content=\"Villa Canthus\" \/>\n<meta property=\"article:modified_time\" content=\"2024-10-23T12:07:38+00:00\" \/>\n<meta property=\"og:image\" content=\"https:\/\/villacanthus.it\/wp-content\/uploads\/2024\/07\/RabosodelPiave-filtro.png\" \/>\n\t<meta property=\"og:image:width\" content=\"338\" \/>\n\t<meta property=\"og:image:height\" content=\"739\" \/>\n\t<meta property=\"og:image:type\" content=\"image\/png\" \/>\n<meta name=\"twitter:card\" content=\"summary_large_image\" \/>\n<meta name=\"twitter:label1\" content=\"Gesch\u00e4tzte Lesezeit\" \/>\n\t<meta name=\"twitter:data1\" content=\"1\u00a0Minute\" \/>\n<script type=\"application\/ld+json\" class=\"yoast-schema-graph\">{\"@context\":\"https:\\\/\\\/schema.org\",\"@graph\":[{\"@type\":\"WebPage\",\"@id\":\"https:\\\/\\\/villacanthus.it\\\/de\\\/shop\\\/die-rebsorten-des-herzens\\\/raboso-del-piave\\\/\",\"url\":\"https:\\\/\\\/villacanthus.it\\\/de\\\/shop\\\/die-rebsorten-des-herzens\\\/raboso-del-piave\\\/\",\"name\":\"Italienischer Raboso raisin wine - Villa Canthus\",\"isPartOf\":{\"@id\":\"https:\\\/\\\/villacanthus.it\\\/de\\\/#website\"},\"primaryImageOfPage\":{\"@id\":\"https:\\\/\\\/villacanthus.it\\\/de\\\/shop\\\/die-rebsorten-des-herzens\\\/raboso-del-piave\\\/#primaryimage\"},\"image\":{\"@id\":\"https:\\\/\\\/villacanthus.it\\\/de\\\/shop\\\/die-rebsorten-des-herzens\\\/raboso-del-piave\\\/#primaryimage\"},\"thumbnailUrl\":\"https:\\\/\\\/villacanthus.it\\\/wp-content\\\/uploads\\\/2024\\\/07\\\/RabosodelPiave-filtro.png\",\"datePublished\":\"2024-10-21T12:48:21+00:00\",\"dateModified\":\"2024-10-23T12:07:38+00:00\",\"description\":\"Entdecken und kaufen Sie den erfrischenden italienischen Raboso raisin wine bei Villa Canthus, ein Fest f\u00fcr Ihre Sinne.\",\"breadcrumb\":{\"@id\":\"https:\\\/\\\/villacanthus.it\\\/de\\\/shop\\\/die-rebsorten-des-herzens\\\/raboso-del-piave\\\/#breadcrumb\"},\"inLanguage\":\"de\",\"potentialAction\":[{\"@type\":\"ReadAction\",\"target\":[\"https:\\\/\\\/villacanthus.it\\\/de\\\/shop\\\/die-rebsorten-des-herzens\\\/raboso-del-piave\\\/\"]}]},{\"@type\":\"ImageObject\",\"inLanguage\":\"de\",\"@id\":\"https:\\\/\\\/villacanthus.it\\\/de\\\/shop\\\/die-rebsorten-des-herzens\\\/raboso-del-piave\\\/#primaryimage\",\"url\":\"https:\\\/\\\/villacanthus.it\\\/wp-content\\\/uploads\\\/2024\\\/07\\\/RabosodelPiave-filtro.png\",\"contentUrl\":\"https:\\\/\\\/villacanthus.it\\\/wp-content\\\/uploads\\\/2024\\\/07\\\/RabosodelPiave-filtro.png\",\"width\":338,\"height\":739},{\"@type\":\"BreadcrumbList\",\"@id\":\"https:\\\/\\\/villacanthus.it\\\/de\\\/shop\\\/die-rebsorten-des-herzens\\\/raboso-del-piave\\\/#breadcrumb\",\"itemListElement\":[{\"@type\":\"ListItem\",\"position\":1,\"name\":\"Home\",\"item\":\"https:\\\/\\\/villacanthus.it\\\/de\\\/\"},{\"@type\":\"ListItem\",\"position\":2,\"name\":\"Le nostre bottiglie (shop)\",\"item\":\"https:\\\/\\\/villacanthus.it\\\/negozio\\\/\"},{\"@type\":\"ListItem\",\"position\":3,\"name\":\"Raboso Passito\"}]},{\"@type\":\"WebSite\",\"@id\":\"https:\\\/\\\/villacanthus.it\\\/de\\\/#website\",\"url\":\"https:\\\/\\\/villacanthus.it\\\/de\\\/\",\"name\":\"Villa Canthus\",\"description\":\"\",\"publisher\":{\"@id\":\"https:\\\/\\\/villacanthus.it\\\/de\\\/#organization\"},\"potentialAction\":[{\"@type\":\"SearchAction\",\"target\":{\"@type\":\"EntryPoint\",\"urlTemplate\":\"https:\\\/\\\/villacanthus.it\\\/de\\\/?s={search_term_string}\"},\"query-input\":{\"@type\":\"PropertyValueSpecification\",\"valueRequired\":true,\"valueName\":\"search_term_string\"}}],\"inLanguage\":\"de\"},{\"@type\":\"Organization\",\"@id\":\"https:\\\/\\\/villacanthus.it\\\/de\\\/#organization\",\"name\":\"Villa Canthus\",\"url\":\"https:\\\/\\\/villacanthus.it\\\/de\\\/\",\"logo\":{\"@type\":\"ImageObject\",\"inLanguage\":\"de\",\"@id\":\"https:\\\/\\\/villacanthus.it\\\/de\\\/#\\\/schema\\\/logo\\\/image\\\/\",\"url\":\"https:\\\/\\\/villacanthus.it\\\/wp-content\\\/uploads\\\/2023\\\/03\\\/cropped-LOGO-villacanthus-oro-payoff.png\",\"contentUrl\":\"https:\\\/\\\/villacanthus.it\\\/wp-content\\\/uploads\\\/2023\\\/03\\\/cropped-LOGO-villacanthus-oro-payoff.png\",\"width\":684,\"height\":313,\"caption\":\"Villa Canthus\"},\"image\":{\"@id\":\"https:\\\/\\\/villacanthus.it\\\/de\\\/#\\\/schema\\\/logo\\\/image\\\/\"}}]}<\/script>\n<!-- \/ Yoast SEO plugin. -->","yoast_head_json":{"title":"Italienischer Raboso raisin wine - Villa Canthus","description":"Entdecken und kaufen Sie den erfrischenden italienischen Raboso raisin wine bei Villa Canthus, ein Fest f\u00fcr Ihre Sinne.","robots":{"index":"index","follow":"follow","max-snippet":"max-snippet:-1","max-image-preview":"max-image-preview:large","max-video-preview":"max-video-preview:-1"},"canonical":"https:\/\/villacanthus.it\/de\/shop\/die-rebsorten-des-herzens\/raboso-del-piave\/","og_locale":"de_DE","og_type":"article","og_title":"Italienischer Raboso raisin wine - Villa Canthus","og_description":"Entdecken und kaufen Sie den erfrischenden italienischen Raboso raisin wine bei Villa Canthus, ein Fest f\u00fcr Ihre Sinne.","og_url":"https:\/\/villacanthus.it\/de\/shop\/die-rebsorten-des-herzens\/raboso-del-piave\/","og_site_name":"Villa Canthus","article_modified_time":"2024-10-23T12:07:38+00:00","og_image":[{"width":338,"height":739,"url":"https:\/\/villacanthus.it\/wp-content\/uploads\/2024\/07\/RabosodelPiave-filtro.png","type":"image\/png"}],"twitter_card":"summary_large_image","twitter_misc":{"Gesch\u00e4tzte Lesezeit":"1\u00a0Minute"},"schema":{"@context":"https:\/\/schema.org","@graph":[{"@type":"WebPage","@id":"https:\/\/villacanthus.it\/de\/shop\/die-rebsorten-des-herzens\/raboso-del-piave\/","url":"https:\/\/villacanthus.it\/de\/shop\/die-rebsorten-des-herzens\/raboso-del-piave\/","name":"Italienischer Raboso raisin wine - Villa Canthus","isPartOf":{"@id":"https:\/\/villacanthus.it\/de\/#website"},"primaryImageOfPage":{"@id":"https:\/\/villacanthus.it\/de\/shop\/die-rebsorten-des-herzens\/raboso-del-piave\/#primaryimage"},"image":{"@id":"https:\/\/villacanthus.it\/de\/shop\/die-rebsorten-des-herzens\/raboso-del-piave\/#primaryimage"},"thumbnailUrl":"https:\/\/villacanthus.it\/wp-content\/uploads\/2024\/07\/RabosodelPiave-filtro.png","datePublished":"2024-10-21T12:48:21+00:00","dateModified":"2024-10-23T12:07:38+00:00","description":"Entdecken und kaufen Sie den erfrischenden italienischen Raboso raisin wine bei Villa Canthus, ein Fest f\u00fcr Ihre Sinne.","breadcrumb":{"@id":"https:\/\/villacanthus.it\/de\/shop\/die-rebsorten-des-herzens\/raboso-del-piave\/#breadcrumb"},"inLanguage":"de","potentialAction":[{"@type":"ReadAction","target":["https:\/\/villacanthus.it\/de\/shop\/die-rebsorten-des-herzens\/raboso-del-piave\/"]}]},{"@type":"ImageObject","inLanguage":"de","@id":"https:\/\/villacanthus.it\/de\/shop\/die-rebsorten-des-herzens\/raboso-del-piave\/#primaryimage","url":"https:\/\/villacanthus.it\/wp-content\/uploads\/2024\/07\/RabosodelPiave-filtro.png","contentUrl":"https:\/\/villacanthus.it\/wp-content\/uploads\/2024\/07\/RabosodelPiave-filtro.png","width":338,"height":739},{"@type":"BreadcrumbList","@id":"https:\/\/villacanthus.it\/de\/shop\/die-rebsorten-des-herzens\/raboso-del-piave\/#breadcrumb","itemListElement":[{"@type":"ListItem","position":1,"name":"Home","item":"https:\/\/villacanthus.it\/de\/"},{"@type":"ListItem","position":2,"name":"Le nostre bottiglie (shop)","item":"https:\/\/villacanthus.it\/negozio\/"},{"@type":"ListItem","position":3,"name":"Raboso Passito"}]},{"@type":"WebSite","@id":"https:\/\/villacanthus.it\/de\/#website","url":"https:\/\/villacanthus.it\/de\/","name":"Villa Canthus","description":"","publisher":{"@id":"https:\/\/villacanthus.it\/de\/#organization"},"potentialAction":[{"@type":"SearchAction","target":{"@type":"EntryPoint","urlTemplate":"https:\/\/villacanthus.it\/de\/?s={search_term_string}"},"query-input":{"@type":"PropertyValueSpecification","valueRequired":true,"valueName":"search_term_string"}}],"inLanguage":"de"},{"@type":"Organization","@id":"https:\/\/villacanthus.it\/de\/#organization","name":"Villa Canthus","url":"https:\/\/villacanthus.it\/de\/","logo":{"@type":"ImageObject","inLanguage":"de","@id":"https:\/\/villacanthus.it\/de\/#\/schema\/logo\/image\/","url":"https:\/\/villacanthus.it\/wp-content\/uploads\/2023\/03\/cropped-LOGO-villacanthus-oro-payoff.png","contentUrl":"https:\/\/villacanthus.it\/wp-content\/uploads\/2023\/03\/cropped-LOGO-villacanthus-oro-payoff.png","width":684,"height":313,"caption":"Villa Canthus"},"image":{"@id":"https:\/\/villacanthus.it\/de\/#\/schema\/logo\/image\/"}}]}},"_links":{"self":[{"href":"https:\/\/villacanthus.it\/de\/wp-json\/wp\/v2\/product\/2865","targetHints":{"allow":["GET"]}}],"collection":[{"href":"https:\/\/villacanthus.it\/de\/wp-json\/wp\/v2\/product"}],"about":[{"href":"https:\/\/villacanthus.it\/de\/wp-json\/wp\/v2\/types\/product"}],"wp:featuredmedia":[{"embeddable":true,"href":"https:\/\/villacanthus.it\/de\/wp-json\/wp\/v2\/media\/2855"}],"wp:attachment":[{"href":"https:\/\/villacanthus.it\/de\/wp-json\/wp\/v2\/media?parent=2865"}],"wp:term":[{"taxonomy":"product_brand","embeddable":true,"href":"https:\/\/villacanthus.it\/de\/wp-json\/wp\/v2\/product_brand?post=2865"},{"taxonomy":"product_cat","embeddable":true,"href":"https:\/\/villacanthus.it\/de\/wp-json\/wp\/v2\/product_cat?post=2865"},{"taxonomy":"product_tag","embeddable":true,"href":"https:\/\/villacanthus.it\/de\/wp-json\/wp\/v2\/product_tag?post=2865"}],"curies":[{"name":"wp","href":"https:\/\/api.w.org\/{rel}","templated":true}]}}