{"id":2863,"date":"2024-10-21T14:53:19","date_gmt":"2024-10-21T12:53:19","guid":{"rendered":"https:\/\/villacanthus.it\/?post_type=product&#038;p=2863"},"modified":"2024-10-24T09:03:48","modified_gmt":"2024-10-24T07:03:48","slug":"verduzzo-passito-piave","status":"publish","type":"product","link":"https:\/\/villacanthus.it\/de\/shop\/die-rebsorten-des-herzens\/verduzzo-passito-piave\/","title":{"rendered":"Verduzzo Passito Piave"},"content":{"rendered":"<p>S\u00fc\u00dfer Wein mit intensiver strohgelber Farbe und goldenen T\u00f6nen. In der Nase entfaltet er verf\u00fchrerische Noten von Zedernholz und Akazie mit einem Abgang von Vanille und kandierten Fr\u00fcchten; die geschmackliche und olfaktorische Entsprechung ist perfekt. Er ist sanft s\u00fc\u00df, aber strukturiert, persistent, mit einem Abgang von in Spirituose eingelegten Maronen und Trockenfeigen.<\/p>\n<p>Ausgezeichnet zu trockenem Geb\u00e4ck, ein gro\u00dfer Wein zur Meditation.<\/p>\n","protected":false},"excerpt":{"rendered":"<p style=\"text-align: center;\"><img decoding=\"async\" class=\"aligncenter\" src=\"https:\/\/villacanthus.it\/wp-content\/uploads\/2023\/04\/icona-uva.png\" width=\"50\" \/>100% Verduzzo<\/p>\n<p>&nbsp;<\/p>\n<p style=\"text-align: center;\"><img decoding=\"async\" class=\"aligncenter\" src=\"https:\/\/villacanthus.it\/wp-content\/uploads\/2023\/04\/calendario.png\" width=\"50\" \/>Erste Woche im Oktober<\/p>\n<p>&nbsp;<\/p>\n<p style=\"text-align: center;\"><img decoding=\"async\" class=\"aligncenter\" src=\"https:\/\/villacanthus.it\/wp-content\/uploads\/2023\/04\/raccolata-a-mano.png\" width=\"50\" \/>Von Hand geerntete Trauben in K\u00e4sten mit sorgf\u00e4ltiger Auswahl der Trauben. 90 Tage der Trocknung<\/p>\n<p>&nbsp;<\/p>\n<p style=\"text-align: center;\"><img decoding=\"async\" class=\"aligncenter\" src=\"https:\/\/villacanthus.it\/wp-content\/uploads\/2023\/04\/pressa.png\" width=\"50\" \/>Pressung, Kryomazeration auf den Schalen f\u00fcr 3 Tage<\/p>\n<p>&nbsp;<\/p>\n<p style=\"text-align: center;\"><img decoding=\"async\" class=\"aligncenter\" src=\"https:\/\/villacanthus.it\/wp-content\/uploads\/2023\/04\/barile.png\" width=\"50\" data-wp-editing=\"1\" \/>In Barrique f\u00fcr 12 Monate, in vitrifiziertem Beton f\u00fcr 2 Jahre \u2013 Flaschenreifung f\u00fcr 6 Monate<\/p>\n<p>&nbsp;<\/p>\n<p style=\"text-align: center;\"><img decoding=\"async\" class=\"aligncenter\" src=\"https:\/\/villacanthus.it\/wp-content\/uploads\/2023\/04\/termometro.png\" width=\"50\" \/>8\u00b0-10\u00b0C<\/p>\n<p style=\"text-align: center;\"><img decoding=\"async\" class=\"aligncenter\" src=\"https:\/\/villacanthus.it\/wp-content\/uploads\/2023\/04\/peptide.png\" width=\"50\" \/>13,5% vol<br \/>\nGesamts\u00e4uregehalt 5,5 g\/L<br \/>\nP.h. 3<br \/>\nNettotrockenextrakt 25 g\/L<\/p>\n<p style=\"text-align: center;\">Zucker 115 g\/l \u2013 enth\u00e4lt Sulfite<\/p>\n","protected":false},"featured_media":2858,"template":"","meta":{"_acf_changed":false},"product_brand":[],"product_cat":[62],"product_tag":[],"class_list":{"0":"post-2863","1":"product","2":"type-product","3":"status-publish","4":"has-post-thumbnail","6":"product_cat-die-rebsorten-des-herzens","8":"first","9":"instock","10":"taxable","11":"shipping-taxable","12":"purchasable","13":"product-type-simple"},"acf":[],"yoast_head":"<!-- This site is optimized with the Yoast SEO plugin v27.3 - https:\/\/yoast.com\/product\/yoast-seo-wordpress\/ -->\n<title>Italienischer Verduzzo Raisin wine- Villa Canthus<\/title>\n<meta name=\"description\" content=\"Entdecken und kaufen Sie den erfrischenden italienischen Verduzzo Raisin wine bei Villa Canthus, ein Fest f\u00fcr Ihre Sinne.\" \/>\n<meta name=\"robots\" content=\"index, follow, max-snippet:-1, max-image-preview:large, max-video-preview:-1\" \/>\n<link rel=\"canonical\" href=\"https:\/\/villacanthus.it\/de\/shop\/die-rebsorten-des-herzens\/verduzzo-passito-piave\/\" \/>\n<meta property=\"og:locale\" content=\"de_DE\" \/>\n<meta property=\"og:type\" content=\"article\" \/>\n<meta property=\"og:title\" content=\"Italienischer Verduzzo Raisin wine- Villa Canthus\" \/>\n<meta property=\"og:description\" content=\"Entdecken und kaufen Sie den erfrischenden italienischen Verduzzo Raisin wine bei Villa Canthus, ein Fest f\u00fcr Ihre Sinne.\" \/>\n<meta property=\"og:url\" content=\"https:\/\/villacanthus.it\/de\/shop\/die-rebsorten-des-herzens\/verduzzo-passito-piave\/\" \/>\n<meta property=\"og:site_name\" content=\"Villa Canthus\" \/>\n<meta property=\"article:modified_time\" content=\"2024-10-24T07:03:48+00:00\" \/>\n<meta property=\"og:image\" content=\"https:\/\/villacanthus.it\/wp-content\/uploads\/2024\/07\/Verduzzo-passito-filtro.png\" \/>\n\t<meta property=\"og:image:width\" content=\"338\" \/>\n\t<meta property=\"og:image:height\" content=\"739\" \/>\n\t<meta property=\"og:image:type\" content=\"image\/png\" \/>\n<meta name=\"twitter:card\" content=\"summary_large_image\" \/>\n<meta name=\"twitter:label1\" content=\"Gesch\u00e4tzte Lesezeit\" \/>\n\t<meta name=\"twitter:data1\" content=\"1\u00a0Minute\" \/>\n<script type=\"application\/ld+json\" class=\"yoast-schema-graph\">{\"@context\":\"https:\\\/\\\/schema.org\",\"@graph\":[{\"@type\":\"WebPage\",\"@id\":\"https:\\\/\\\/villacanthus.it\\\/de\\\/shop\\\/die-rebsorten-des-herzens\\\/verduzzo-passito-piave\\\/\",\"url\":\"https:\\\/\\\/villacanthus.it\\\/de\\\/shop\\\/die-rebsorten-des-herzens\\\/verduzzo-passito-piave\\\/\",\"name\":\"Italienischer Verduzzo Raisin wine- Villa Canthus\",\"isPartOf\":{\"@id\":\"https:\\\/\\\/villacanthus.it\\\/de\\\/#website\"},\"primaryImageOfPage\":{\"@id\":\"https:\\\/\\\/villacanthus.it\\\/de\\\/shop\\\/die-rebsorten-des-herzens\\\/verduzzo-passito-piave\\\/#primaryimage\"},\"image\":{\"@id\":\"https:\\\/\\\/villacanthus.it\\\/de\\\/shop\\\/die-rebsorten-des-herzens\\\/verduzzo-passito-piave\\\/#primaryimage\"},\"thumbnailUrl\":\"https:\\\/\\\/villacanthus.it\\\/wp-content\\\/uploads\\\/2024\\\/07\\\/Verduzzo-passito-filtro.png\",\"datePublished\":\"2024-10-21T12:53:19+00:00\",\"dateModified\":\"2024-10-24T07:03:48+00:00\",\"description\":\"Entdecken und kaufen Sie den erfrischenden italienischen Verduzzo Raisin wine bei Villa Canthus, ein Fest f\u00fcr Ihre Sinne.\",\"breadcrumb\":{\"@id\":\"https:\\\/\\\/villacanthus.it\\\/de\\\/shop\\\/die-rebsorten-des-herzens\\\/verduzzo-passito-piave\\\/#breadcrumb\"},\"inLanguage\":\"de\",\"potentialAction\":[{\"@type\":\"ReadAction\",\"target\":[\"https:\\\/\\\/villacanthus.it\\\/de\\\/shop\\\/die-rebsorten-des-herzens\\\/verduzzo-passito-piave\\\/\"]}]},{\"@type\":\"ImageObject\",\"inLanguage\":\"de\",\"@id\":\"https:\\\/\\\/villacanthus.it\\\/de\\\/shop\\\/die-rebsorten-des-herzens\\\/verduzzo-passito-piave\\\/#primaryimage\",\"url\":\"https:\\\/\\\/villacanthus.it\\\/wp-content\\\/uploads\\\/2024\\\/07\\\/Verduzzo-passito-filtro.png\",\"contentUrl\":\"https:\\\/\\\/villacanthus.it\\\/wp-content\\\/uploads\\\/2024\\\/07\\\/Verduzzo-passito-filtro.png\",\"width\":338,\"height\":739},{\"@type\":\"BreadcrumbList\",\"@id\":\"https:\\\/\\\/villacanthus.it\\\/de\\\/shop\\\/die-rebsorten-des-herzens\\\/verduzzo-passito-piave\\\/#breadcrumb\",\"itemListElement\":[{\"@type\":\"ListItem\",\"position\":1,\"name\":\"Home\",\"item\":\"https:\\\/\\\/villacanthus.it\\\/de\\\/\"},{\"@type\":\"ListItem\",\"position\":2,\"name\":\"Le nostre bottiglie (shop)\",\"item\":\"https:\\\/\\\/villacanthus.it\\\/negozio\\\/\"},{\"@type\":\"ListItem\",\"position\":3,\"name\":\"Verduzzo Passito Piave\"}]},{\"@type\":\"WebSite\",\"@id\":\"https:\\\/\\\/villacanthus.it\\\/de\\\/#website\",\"url\":\"https:\\\/\\\/villacanthus.it\\\/de\\\/\",\"name\":\"Villa Canthus\",\"description\":\"\",\"publisher\":{\"@id\":\"https:\\\/\\\/villacanthus.it\\\/de\\\/#organization\"},\"potentialAction\":[{\"@type\":\"SearchAction\",\"target\":{\"@type\":\"EntryPoint\",\"urlTemplate\":\"https:\\\/\\\/villacanthus.it\\\/de\\\/?s={search_term_string}\"},\"query-input\":{\"@type\":\"PropertyValueSpecification\",\"valueRequired\":true,\"valueName\":\"search_term_string\"}}],\"inLanguage\":\"de\"},{\"@type\":\"Organization\",\"@id\":\"https:\\\/\\\/villacanthus.it\\\/de\\\/#organization\",\"name\":\"Villa Canthus\",\"url\":\"https:\\\/\\\/villacanthus.it\\\/de\\\/\",\"logo\":{\"@type\":\"ImageObject\",\"inLanguage\":\"de\",\"@id\":\"https:\\\/\\\/villacanthus.it\\\/de\\\/#\\\/schema\\\/logo\\\/image\\\/\",\"url\":\"https:\\\/\\\/villacanthus.it\\\/wp-content\\\/uploads\\\/2023\\\/03\\\/cropped-LOGO-villacanthus-oro-payoff.png\",\"contentUrl\":\"https:\\\/\\\/villacanthus.it\\\/wp-content\\\/uploads\\\/2023\\\/03\\\/cropped-LOGO-villacanthus-oro-payoff.png\",\"width\":684,\"height\":313,\"caption\":\"Villa Canthus\"},\"image\":{\"@id\":\"https:\\\/\\\/villacanthus.it\\\/de\\\/#\\\/schema\\\/logo\\\/image\\\/\"}}]}<\/script>\n<!-- \/ Yoast SEO plugin. -->","yoast_head_json":{"title":"Italienischer Verduzzo Raisin wine- Villa Canthus","description":"Entdecken und kaufen Sie den erfrischenden italienischen Verduzzo Raisin wine bei Villa Canthus, ein Fest f\u00fcr Ihre Sinne.","robots":{"index":"index","follow":"follow","max-snippet":"max-snippet:-1","max-image-preview":"max-image-preview:large","max-video-preview":"max-video-preview:-1"},"canonical":"https:\/\/villacanthus.it\/de\/shop\/die-rebsorten-des-herzens\/verduzzo-passito-piave\/","og_locale":"de_DE","og_type":"article","og_title":"Italienischer Verduzzo Raisin wine- Villa Canthus","og_description":"Entdecken und kaufen Sie den erfrischenden italienischen Verduzzo Raisin wine bei Villa Canthus, ein Fest f\u00fcr Ihre Sinne.","og_url":"https:\/\/villacanthus.it\/de\/shop\/die-rebsorten-des-herzens\/verduzzo-passito-piave\/","og_site_name":"Villa Canthus","article_modified_time":"2024-10-24T07:03:48+00:00","og_image":[{"width":338,"height":739,"url":"https:\/\/villacanthus.it\/wp-content\/uploads\/2024\/07\/Verduzzo-passito-filtro.png","type":"image\/png"}],"twitter_card":"summary_large_image","twitter_misc":{"Gesch\u00e4tzte Lesezeit":"1\u00a0Minute"},"schema":{"@context":"https:\/\/schema.org","@graph":[{"@type":"WebPage","@id":"https:\/\/villacanthus.it\/de\/shop\/die-rebsorten-des-herzens\/verduzzo-passito-piave\/","url":"https:\/\/villacanthus.it\/de\/shop\/die-rebsorten-des-herzens\/verduzzo-passito-piave\/","name":"Italienischer Verduzzo Raisin wine- Villa Canthus","isPartOf":{"@id":"https:\/\/villacanthus.it\/de\/#website"},"primaryImageOfPage":{"@id":"https:\/\/villacanthus.it\/de\/shop\/die-rebsorten-des-herzens\/verduzzo-passito-piave\/#primaryimage"},"image":{"@id":"https:\/\/villacanthus.it\/de\/shop\/die-rebsorten-des-herzens\/verduzzo-passito-piave\/#primaryimage"},"thumbnailUrl":"https:\/\/villacanthus.it\/wp-content\/uploads\/2024\/07\/Verduzzo-passito-filtro.png","datePublished":"2024-10-21T12:53:19+00:00","dateModified":"2024-10-24T07:03:48+00:00","description":"Entdecken und kaufen Sie den erfrischenden italienischen Verduzzo Raisin wine bei Villa Canthus, ein Fest f\u00fcr Ihre Sinne.","breadcrumb":{"@id":"https:\/\/villacanthus.it\/de\/shop\/die-rebsorten-des-herzens\/verduzzo-passito-piave\/#breadcrumb"},"inLanguage":"de","potentialAction":[{"@type":"ReadAction","target":["https:\/\/villacanthus.it\/de\/shop\/die-rebsorten-des-herzens\/verduzzo-passito-piave\/"]}]},{"@type":"ImageObject","inLanguage":"de","@id":"https:\/\/villacanthus.it\/de\/shop\/die-rebsorten-des-herzens\/verduzzo-passito-piave\/#primaryimage","url":"https:\/\/villacanthus.it\/wp-content\/uploads\/2024\/07\/Verduzzo-passito-filtro.png","contentUrl":"https:\/\/villacanthus.it\/wp-content\/uploads\/2024\/07\/Verduzzo-passito-filtro.png","width":338,"height":739},{"@type":"BreadcrumbList","@id":"https:\/\/villacanthus.it\/de\/shop\/die-rebsorten-des-herzens\/verduzzo-passito-piave\/#breadcrumb","itemListElement":[{"@type":"ListItem","position":1,"name":"Home","item":"https:\/\/villacanthus.it\/de\/"},{"@type":"ListItem","position":2,"name":"Le nostre bottiglie (shop)","item":"https:\/\/villacanthus.it\/negozio\/"},{"@type":"ListItem","position":3,"name":"Verduzzo Passito Piave"}]},{"@type":"WebSite","@id":"https:\/\/villacanthus.it\/de\/#website","url":"https:\/\/villacanthus.it\/de\/","name":"Villa Canthus","description":"","publisher":{"@id":"https:\/\/villacanthus.it\/de\/#organization"},"potentialAction":[{"@type":"SearchAction","target":{"@type":"EntryPoint","urlTemplate":"https:\/\/villacanthus.it\/de\/?s={search_term_string}"},"query-input":{"@type":"PropertyValueSpecification","valueRequired":true,"valueName":"search_term_string"}}],"inLanguage":"de"},{"@type":"Organization","@id":"https:\/\/villacanthus.it\/de\/#organization","name":"Villa Canthus","url":"https:\/\/villacanthus.it\/de\/","logo":{"@type":"ImageObject","inLanguage":"de","@id":"https:\/\/villacanthus.it\/de\/#\/schema\/logo\/image\/","url":"https:\/\/villacanthus.it\/wp-content\/uploads\/2023\/03\/cropped-LOGO-villacanthus-oro-payoff.png","contentUrl":"https:\/\/villacanthus.it\/wp-content\/uploads\/2023\/03\/cropped-LOGO-villacanthus-oro-payoff.png","width":684,"height":313,"caption":"Villa Canthus"},"image":{"@id":"https:\/\/villacanthus.it\/de\/#\/schema\/logo\/image\/"}}]}},"_links":{"self":[{"href":"https:\/\/villacanthus.it\/de\/wp-json\/wp\/v2\/product\/2863","targetHints":{"allow":["GET"]}}],"collection":[{"href":"https:\/\/villacanthus.it\/de\/wp-json\/wp\/v2\/product"}],"about":[{"href":"https:\/\/villacanthus.it\/de\/wp-json\/wp\/v2\/types\/product"}],"wp:featuredmedia":[{"embeddable":true,"href":"https:\/\/villacanthus.it\/de\/wp-json\/wp\/v2\/media\/2858"}],"wp:attachment":[{"href":"https:\/\/villacanthus.it\/de\/wp-json\/wp\/v2\/media?parent=2863"}],"wp:term":[{"taxonomy":"product_brand","embeddable":true,"href":"https:\/\/villacanthus.it\/de\/wp-json\/wp\/v2\/product_brand?post=2863"},{"taxonomy":"product_cat","embeddable":true,"href":"https:\/\/villacanthus.it\/de\/wp-json\/wp\/v2\/product_cat?post=2863"},{"taxonomy":"product_tag","embeddable":true,"href":"https:\/\/villacanthus.it\/de\/wp-json\/wp\/v2\/product_tag?post=2863"}],"curies":[{"name":"wp","href":"https:\/\/api.w.org\/{rel}","templated":true}]}}