{"id":2099,"date":"2023-03-30T14:28:11","date_gmt":"2023-03-30T12:28:11","guid":{"rendered":"https:\/\/villacanthus.it\/shop\/unkategorisiert\/pinot-grigio-ramato-venezia-d-o-c\/"},"modified":"2023-09-26T14:36:05","modified_gmt":"2023-09-26T12:36:05","slug":"pinot-grigio-ramato-venezia-d-o-c","status":"publish","type":"product","link":"https:\/\/villacanthus.it\/de\/shop\/international-aber-lokal\/pinot-grigio-ramato-venezia-d-o-c\/","title":{"rendered":"Pinot Grigio ramato 2020"},"content":{"rendered":"<p>Aus dieser Rebsorte franz\u00f6sischer Herkunft (die von der Gemmary-Mutation des Pinot Noir abstammt, von der sie alle Eigenschaften au\u00dfer der Farbe beibeh\u00e4lt) haben wir einen feinen Wein mit gro\u00dfem Alkoholgehalt und charakteristischer kupferfarbener Farbe gewonnen. Das Bouquet ist elegant, mit blumigen Noten von Wei\u00dfdorn und Akazie. Beim Trinken \u00fcberwiegen die retronasalen Aromen von Mandel und Haselnuss; w\u00fcrzig, warm und mit guter aromatischer Persistenz.<br \/>\nGastronomische Kombinationen: Wir empfehlen ihn zu schmackhaften Fischgerichten wie sautierten Miesmuscheln und Venusmuscheln in roter So\u00dfe, ged\u00fcnstetem Kabeljau, Spaghetti alla busera&#8220; und gebackenen und gegrillten Fischgerichten.<\/p>\n","protected":false},"excerpt":{"rendered":"<p style=\"text-align: center;\"><img decoding=\"async\" class=\"aligncenter\" src=\"https:\/\/villacanthus.it\/wp-content\/uploads\/2023\/04\/icona-uva.png\" width=\"50\" \/>Pinot Grigio 100%<\/p>\n<p>&nbsp;<\/p>\n<p style=\"text-align: center;\"><img decoding=\"async\" class=\"aligncenter\" src=\"https:\/\/villacanthus.it\/wp-content\/uploads\/2023\/04\/calendario.png\" width=\"50\" \/>Ende August<\/p>\n<p>&nbsp;<\/p>\n<p style=\"text-align: center;\"><img decoding=\"async\" class=\"aligncenter\" src=\"https:\/\/villacanthus.it\/wp-content\/uploads\/2023\/04\/raccolata-a-mano.png\" width=\"50\" \/>Die Trauben werden von Hand in Kisten mit kontrollierter Reifung geerntet.<br \/>\nWelkezeit 20 Tage<\/p>\n<p>&nbsp;<\/p>\n<p style=\"text-align: center;\"><img decoding=\"async\" class=\"aligncenter\" src=\"https:\/\/villacanthus.it\/wp-content\/uploads\/2023\/04\/pressa.png\" width=\"50\" \/>Pressung mit Schalen-Kryomazeration (6\/8 Stunden), sanfte Pressung, temperaturkontrollierte G\u00e4rung 17\/18\u00b0C <br \/>ohne Sulfitzusatz<\/p>\n<p>&nbsp;<\/p>\n<p style=\"text-align: center;\"><img decoding=\"async\" class=\"aligncenter\" src=\"https:\/\/villacanthus.it\/wp-content\/uploads\/2023\/04\/barile.png\" width=\"50\" data-wp-editing=\"1\" \/>In Stahl auf edlem Bodensatz f\u00fcr 7 Monate<\/p>\n<p>&nbsp;<\/p>\n<p style=\"text-align: center;\"><img decoding=\"async\" class=\"aligncenter\" src=\"https:\/\/villacanthus.it\/wp-content\/uploads\/2023\/04\/termometro.png\" width=\"50\" \/>12\u00b0-14\u00b0C<\/p>\n<p>&nbsp;<\/p>\n<p style=\"text-align: center;\"><img decoding=\"async\" class=\"aligncenter\" src=\"https:\/\/villacanthus.it\/wp-content\/uploads\/2023\/04\/peptide.png\" width=\"50\" \/>14% vol.<br \/>\nGesamts\u00e4uregehalt 5,40 g\/L<br \/>\nP.h. 3,30<br \/>\nNettotrockenextrakt: 22 g\/L.<\/p>\n","protected":false},"featured_media":1451,"template":"","meta":{"_acf_changed":false},"product_brand":[],"product_cat":[61],"product_tag":[64],"class_list":{"0":"post-2099","1":"product","2":"type-product","3":"status-publish","4":"has-post-thumbnail","6":"product_cat-international-aber-lokal","7":"product_tag-weis","9":"first","10":"instock","11":"taxable","12":"shipping-taxable","13":"purchasable","14":"product-type-simple"},"acf":[],"yoast_head":"<!-- This site is optimized with the Yoast SEO plugin v27.3 - https:\/\/yoast.com\/product\/yoast-seo-wordpress\/ -->\n<title>Pinot Grigio ramato 2020 - Villa Canthus<\/title>\n<meta name=\"robots\" content=\"index, follow, max-snippet:-1, max-image-preview:large, max-video-preview:-1\" \/>\n<link rel=\"canonical\" href=\"https:\/\/villacanthus.it\/de\/shop\/international-aber-lokal\/pinot-grigio-ramato-venezia-d-o-c\/\" \/>\n<meta property=\"og:locale\" content=\"de_DE\" \/>\n<meta property=\"og:type\" content=\"article\" \/>\n<meta property=\"og:title\" content=\"Pinot Grigio ramato 2020 - Villa Canthus\" \/>\n<meta property=\"og:description\" content=\"Pinot Grigio 100% &nbsp; Ende August &nbsp; Die Trauben werden von Hand in Kisten mit kontrollierter Reifung geerntet. Welkezeit 20 Tage &nbsp; Pressung mit Schalen-Kryomazeration (6\/8 Stunden), sanfte Pressung, temperaturkontrollierte G\u00e4rung 17\/18\u00b0C ohne Sulfitzusatz &nbsp; In Stahl auf edlem Bodensatz f\u00fcr 7 Monate &nbsp; 12\u00b0-14\u00b0C &nbsp; 14% vol. Gesamts\u00e4uregehalt 5,40 g\/L P.h. 3,30 Nettotrockenextrakt: 22 g\/L.\" \/>\n<meta property=\"og:url\" content=\"https:\/\/villacanthus.it\/de\/shop\/international-aber-lokal\/pinot-grigio-ramato-venezia-d-o-c\/\" \/>\n<meta property=\"og:site_name\" content=\"Villa Canthus\" \/>\n<meta property=\"article:modified_time\" content=\"2023-09-26T12:36:05+00:00\" \/>\n<meta property=\"og:image\" content=\"https:\/\/villacanthus.it\/wp-content\/uploads\/2023\/03\/Pinot-Grigio-Ramato-removebg.png\" \/>\n\t<meta property=\"og:image:width\" content=\"338\" \/>\n\t<meta property=\"og:image:height\" content=\"739\" \/>\n\t<meta property=\"og:image:type\" content=\"image\/png\" \/>\n<meta name=\"twitter:card\" content=\"summary_large_image\" \/>\n<script type=\"application\/ld+json\" class=\"yoast-schema-graph\">{\"@context\":\"https:\\\/\\\/schema.org\",\"@graph\":[{\"@type\":\"WebPage\",\"@id\":\"https:\\\/\\\/villacanthus.it\\\/de\\\/shop\\\/international-aber-lokal\\\/pinot-grigio-ramato-venezia-d-o-c\\\/\",\"url\":\"https:\\\/\\\/villacanthus.it\\\/de\\\/shop\\\/international-aber-lokal\\\/pinot-grigio-ramato-venezia-d-o-c\\\/\",\"name\":\"Pinot Grigio ramato 2020 - Villa Canthus\",\"isPartOf\":{\"@id\":\"https:\\\/\\\/villacanthus.it\\\/de\\\/#website\"},\"primaryImageOfPage\":{\"@id\":\"https:\\\/\\\/villacanthus.it\\\/de\\\/shop\\\/international-aber-lokal\\\/pinot-grigio-ramato-venezia-d-o-c\\\/#primaryimage\"},\"image\":{\"@id\":\"https:\\\/\\\/villacanthus.it\\\/de\\\/shop\\\/international-aber-lokal\\\/pinot-grigio-ramato-venezia-d-o-c\\\/#primaryimage\"},\"thumbnailUrl\":\"https:\\\/\\\/villacanthus.it\\\/wp-content\\\/uploads\\\/2023\\\/03\\\/Pinot-Grigio-Ramato-removebg.png\",\"datePublished\":\"2023-03-30T12:28:11+00:00\",\"dateModified\":\"2023-09-26T12:36:05+00:00\",\"breadcrumb\":{\"@id\":\"https:\\\/\\\/villacanthus.it\\\/de\\\/shop\\\/international-aber-lokal\\\/pinot-grigio-ramato-venezia-d-o-c\\\/#breadcrumb\"},\"inLanguage\":\"de\",\"potentialAction\":[{\"@type\":\"ReadAction\",\"target\":[\"https:\\\/\\\/villacanthus.it\\\/de\\\/shop\\\/international-aber-lokal\\\/pinot-grigio-ramato-venezia-d-o-c\\\/\"]}]},{\"@type\":\"ImageObject\",\"inLanguage\":\"de\",\"@id\":\"https:\\\/\\\/villacanthus.it\\\/de\\\/shop\\\/international-aber-lokal\\\/pinot-grigio-ramato-venezia-d-o-c\\\/#primaryimage\",\"url\":\"https:\\\/\\\/villacanthus.it\\\/wp-content\\\/uploads\\\/2023\\\/03\\\/Pinot-Grigio-Ramato-removebg.png\",\"contentUrl\":\"https:\\\/\\\/villacanthus.it\\\/wp-content\\\/uploads\\\/2023\\\/03\\\/Pinot-Grigio-Ramato-removebg.png\",\"width\":338,\"height\":739,\"caption\":\"vino pinot grigio ramato\"},{\"@type\":\"BreadcrumbList\",\"@id\":\"https:\\\/\\\/villacanthus.it\\\/de\\\/shop\\\/international-aber-lokal\\\/pinot-grigio-ramato-venezia-d-o-c\\\/#breadcrumb\",\"itemListElement\":[{\"@type\":\"ListItem\",\"position\":1,\"name\":\"Home\",\"item\":\"https:\\\/\\\/villacanthus.it\\\/de\\\/\"},{\"@type\":\"ListItem\",\"position\":2,\"name\":\"Le nostre bottiglie (shop)\",\"item\":\"https:\\\/\\\/villacanthus.it\\\/negozio\\\/\"},{\"@type\":\"ListItem\",\"position\":3,\"name\":\"Pinot Grigio ramato 2020\"}]},{\"@type\":\"WebSite\",\"@id\":\"https:\\\/\\\/villacanthus.it\\\/de\\\/#website\",\"url\":\"https:\\\/\\\/villacanthus.it\\\/de\\\/\",\"name\":\"Villa Canthus\",\"description\":\"\",\"publisher\":{\"@id\":\"https:\\\/\\\/villacanthus.it\\\/de\\\/#organization\"},\"potentialAction\":[{\"@type\":\"SearchAction\",\"target\":{\"@type\":\"EntryPoint\",\"urlTemplate\":\"https:\\\/\\\/villacanthus.it\\\/de\\\/?s={search_term_string}\"},\"query-input\":{\"@type\":\"PropertyValueSpecification\",\"valueRequired\":true,\"valueName\":\"search_term_string\"}}],\"inLanguage\":\"de\"},{\"@type\":\"Organization\",\"@id\":\"https:\\\/\\\/villacanthus.it\\\/de\\\/#organization\",\"name\":\"Villa Canthus\",\"url\":\"https:\\\/\\\/villacanthus.it\\\/de\\\/\",\"logo\":{\"@type\":\"ImageObject\",\"inLanguage\":\"de\",\"@id\":\"https:\\\/\\\/villacanthus.it\\\/de\\\/#\\\/schema\\\/logo\\\/image\\\/\",\"url\":\"https:\\\/\\\/villacanthus.it\\\/wp-content\\\/uploads\\\/2023\\\/03\\\/cropped-LOGO-villacanthus-oro-payoff.png\",\"contentUrl\":\"https:\\\/\\\/villacanthus.it\\\/wp-content\\\/uploads\\\/2023\\\/03\\\/cropped-LOGO-villacanthus-oro-payoff.png\",\"width\":684,\"height\":313,\"caption\":\"Villa Canthus\"},\"image\":{\"@id\":\"https:\\\/\\\/villacanthus.it\\\/de\\\/#\\\/schema\\\/logo\\\/image\\\/\"}}]}<\/script>\n<!-- \/ Yoast SEO plugin. -->","yoast_head_json":{"title":"Pinot Grigio ramato 2020 - Villa Canthus","robots":{"index":"index","follow":"follow","max-snippet":"max-snippet:-1","max-image-preview":"max-image-preview:large","max-video-preview":"max-video-preview:-1"},"canonical":"https:\/\/villacanthus.it\/de\/shop\/international-aber-lokal\/pinot-grigio-ramato-venezia-d-o-c\/","og_locale":"de_DE","og_type":"article","og_title":"Pinot Grigio ramato 2020 - Villa Canthus","og_description":"Pinot Grigio 100% &nbsp; Ende August &nbsp; Die Trauben werden von Hand in Kisten mit kontrollierter Reifung geerntet. Welkezeit 20 Tage &nbsp; Pressung mit Schalen-Kryomazeration (6\/8 Stunden), sanfte Pressung, temperaturkontrollierte G\u00e4rung 17\/18\u00b0C ohne Sulfitzusatz &nbsp; In Stahl auf edlem Bodensatz f\u00fcr 7 Monate &nbsp; 12\u00b0-14\u00b0C &nbsp; 14% vol. Gesamts\u00e4uregehalt 5,40 g\/L P.h. 3,30 Nettotrockenextrakt: 22 g\/L.","og_url":"https:\/\/villacanthus.it\/de\/shop\/international-aber-lokal\/pinot-grigio-ramato-venezia-d-o-c\/","og_site_name":"Villa Canthus","article_modified_time":"2023-09-26T12:36:05+00:00","og_image":[{"width":338,"height":739,"url":"https:\/\/villacanthus.it\/wp-content\/uploads\/2023\/03\/Pinot-Grigio-Ramato-removebg.png","type":"image\/png"}],"twitter_card":"summary_large_image","schema":{"@context":"https:\/\/schema.org","@graph":[{"@type":"WebPage","@id":"https:\/\/villacanthus.it\/de\/shop\/international-aber-lokal\/pinot-grigio-ramato-venezia-d-o-c\/","url":"https:\/\/villacanthus.it\/de\/shop\/international-aber-lokal\/pinot-grigio-ramato-venezia-d-o-c\/","name":"Pinot Grigio ramato 2020 - Villa Canthus","isPartOf":{"@id":"https:\/\/villacanthus.it\/de\/#website"},"primaryImageOfPage":{"@id":"https:\/\/villacanthus.it\/de\/shop\/international-aber-lokal\/pinot-grigio-ramato-venezia-d-o-c\/#primaryimage"},"image":{"@id":"https:\/\/villacanthus.it\/de\/shop\/international-aber-lokal\/pinot-grigio-ramato-venezia-d-o-c\/#primaryimage"},"thumbnailUrl":"https:\/\/villacanthus.it\/wp-content\/uploads\/2023\/03\/Pinot-Grigio-Ramato-removebg.png","datePublished":"2023-03-30T12:28:11+00:00","dateModified":"2023-09-26T12:36:05+00:00","breadcrumb":{"@id":"https:\/\/villacanthus.it\/de\/shop\/international-aber-lokal\/pinot-grigio-ramato-venezia-d-o-c\/#breadcrumb"},"inLanguage":"de","potentialAction":[{"@type":"ReadAction","target":["https:\/\/villacanthus.it\/de\/shop\/international-aber-lokal\/pinot-grigio-ramato-venezia-d-o-c\/"]}]},{"@type":"ImageObject","inLanguage":"de","@id":"https:\/\/villacanthus.it\/de\/shop\/international-aber-lokal\/pinot-grigio-ramato-venezia-d-o-c\/#primaryimage","url":"https:\/\/villacanthus.it\/wp-content\/uploads\/2023\/03\/Pinot-Grigio-Ramato-removebg.png","contentUrl":"https:\/\/villacanthus.it\/wp-content\/uploads\/2023\/03\/Pinot-Grigio-Ramato-removebg.png","width":338,"height":739,"caption":"vino pinot grigio ramato"},{"@type":"BreadcrumbList","@id":"https:\/\/villacanthus.it\/de\/shop\/international-aber-lokal\/pinot-grigio-ramato-venezia-d-o-c\/#breadcrumb","itemListElement":[{"@type":"ListItem","position":1,"name":"Home","item":"https:\/\/villacanthus.it\/de\/"},{"@type":"ListItem","position":2,"name":"Le nostre bottiglie (shop)","item":"https:\/\/villacanthus.it\/negozio\/"},{"@type":"ListItem","position":3,"name":"Pinot Grigio ramato 2020"}]},{"@type":"WebSite","@id":"https:\/\/villacanthus.it\/de\/#website","url":"https:\/\/villacanthus.it\/de\/","name":"Villa Canthus","description":"","publisher":{"@id":"https:\/\/villacanthus.it\/de\/#organization"},"potentialAction":[{"@type":"SearchAction","target":{"@type":"EntryPoint","urlTemplate":"https:\/\/villacanthus.it\/de\/?s={search_term_string}"},"query-input":{"@type":"PropertyValueSpecification","valueRequired":true,"valueName":"search_term_string"}}],"inLanguage":"de"},{"@type":"Organization","@id":"https:\/\/villacanthus.it\/de\/#organization","name":"Villa Canthus","url":"https:\/\/villacanthus.it\/de\/","logo":{"@type":"ImageObject","inLanguage":"de","@id":"https:\/\/villacanthus.it\/de\/#\/schema\/logo\/image\/","url":"https:\/\/villacanthus.it\/wp-content\/uploads\/2023\/03\/cropped-LOGO-villacanthus-oro-payoff.png","contentUrl":"https:\/\/villacanthus.it\/wp-content\/uploads\/2023\/03\/cropped-LOGO-villacanthus-oro-payoff.png","width":684,"height":313,"caption":"Villa Canthus"},"image":{"@id":"https:\/\/villacanthus.it\/de\/#\/schema\/logo\/image\/"}}]}},"_links":{"self":[{"href":"https:\/\/villacanthus.it\/de\/wp-json\/wp\/v2\/product\/2099","targetHints":{"allow":["GET"]}}],"collection":[{"href":"https:\/\/villacanthus.it\/de\/wp-json\/wp\/v2\/product"}],"about":[{"href":"https:\/\/villacanthus.it\/de\/wp-json\/wp\/v2\/types\/product"}],"wp:featuredmedia":[{"embeddable":true,"href":"https:\/\/villacanthus.it\/de\/wp-json\/wp\/v2\/media\/1451"}],"wp:attachment":[{"href":"https:\/\/villacanthus.it\/de\/wp-json\/wp\/v2\/media?parent=2099"}],"wp:term":[{"taxonomy":"product_brand","embeddable":true,"href":"https:\/\/villacanthus.it\/de\/wp-json\/wp\/v2\/product_brand?post=2099"},{"taxonomy":"product_cat","embeddable":true,"href":"https:\/\/villacanthus.it\/de\/wp-json\/wp\/v2\/product_cat?post=2099"},{"taxonomy":"product_tag","embeddable":true,"href":"https:\/\/villacanthus.it\/de\/wp-json\/wp\/v2\/product_tag?post=2099"}],"curies":[{"name":"wp","href":"https:\/\/api.w.org\/{rel}","templated":true}]}}