{"id":2098,"date":"2023-03-30T14:30:25","date_gmt":"2023-03-30T12:30:25","guid":{"rendered":"https:\/\/villacanthus.it\/shop\/unkategorisiert\/manzoni-bianco-veneto-i-g-t-2021\/"},"modified":"2023-10-16T17:24:01","modified_gmt":"2023-10-16T15:24:01","slug":"manzoni-bianco-veneto-i-g-t-2021","status":"publish","type":"product","link":"https:\/\/villacanthus.it\/de\/shop\/die-rebsorten-des-herzens\/manzoni-bianco-veneto-i-g-t-2021\/","title":{"rendered":"Manzoni Bianco"},"content":{"rendered":"<p>Ein Wei\u00dfwein mit strohgelber Farbe, breitem Bouquet und aromatischen Nuancen von gro\u00dfer Finesse, die an Bienenwaben und Wildblumen erinnern. Guter K\u00f6rper, frisch, elegant, unterst\u00fctzt durch mineralische Noten und reifen gelben Pfirsich.<br \/>\nEr sollte zu Meeresfr\u00fcchte-Rohkost, zu ersten G\u00e4ngen wie Spargel oder Kr\u00e4uterrisotto serviert werden; probieren Sie ihn unbedingt zu &#8222;Saor&#8220;.<\/p>\n","protected":false},"excerpt":{"rendered":"<p style=\"text-align: center;\"><img decoding=\"async\" class=\"aligncenter\" src=\"https:\/\/villacanthus.it\/wp-content\/uploads\/2023\/04\/icona-uva.png\" width=\"50\" \/>Incrocio Manzoni Bianco 6.0.13 100%<\/p>\n<p>&nbsp;<\/p>\n<p style=\"text-align: center;\"><img decoding=\"async\" class=\"aligncenter\" src=\"https:\/\/villacanthus.it\/wp-content\/uploads\/2023\/04\/calendario.png\" width=\"50\" \/>Zweite Woche im September<\/p>\n<p>&nbsp;<\/p>\n<p style=\"text-align: center;\"><img decoding=\"async\" class=\"aligncenter\" src=\"https:\/\/villacanthus.it\/wp-content\/uploads\/2023\/04\/raccolata-a-mano.png\" width=\"50\" \/>Handgelesene Trauben mit leichter \u00dcberreife<\/p>\n<p>&nbsp;<\/p>\n<p style=\"text-align: center;\"><img decoding=\"async\" class=\"aligncenter\" src=\"https:\/\/villacanthus.it\/wp-content\/uploads\/2023\/04\/pressa.png\" width=\"50\" \/>Kelterung mit Schalen-Kryomazeration und sanfter Pressung; temperaturkontrollierte G\u00e4rung 17\/18\u00b0C<\/p>\n<p>&nbsp;<\/p>\n<p style=\"text-align: center;\"><img decoding=\"async\" class=\"aligncenter\" src=\"https:\/\/villacanthus.it\/wp-content\/uploads\/2023\/04\/barile.png\" width=\"50\" data-wp-editing=\"1\" \/>In Stahl auf edlem Bodensatz f\u00fcr 8 Monate<\/p>\n<p>&nbsp;<\/p>\n<p style=\"text-align: center;\"><img decoding=\"async\" class=\"aligncenter\" src=\"https:\/\/villacanthus.it\/wp-content\/uploads\/2023\/04\/termometro.png\" width=\"50\" \/>12\u00b0-14\u00b0C<\/p>\n<p>&nbsp;<\/p>\n<p style=\"text-align: center;\"><img decoding=\"async\" class=\"aligncenter\" src=\"https:\/\/villacanthus.it\/wp-content\/uploads\/2023\/04\/peptide.png\" width=\"50\" \/>14% vol.<br \/>\nGesamts\u00e4uregehalt 6 g\/L<br \/>\nP.h. 3,20<br \/>\nNettotrockenextrakt 23 g\/L<\/p>\n","protected":false},"featured_media":1453,"template":"","meta":{"_acf_changed":false},"product_brand":[],"product_cat":[62],"product_tag":[],"class_list":{"0":"post-2098","1":"product","2":"type-product","3":"status-publish","4":"has-post-thumbnail","6":"product_cat-die-rebsorten-des-herzens","8":"first","9":"instock","10":"taxable","11":"shipping-taxable","12":"purchasable","13":"product-type-simple"},"acf":[],"yoast_head":"<!-- This site is optimized with the Yoast SEO plugin v27.3 - https:\/\/yoast.com\/product\/yoast-seo-wordpress\/ -->\n<title>Manzoni-Wein Italien - Villa Canthus<\/title>\n<meta name=\"description\" content=\"Entdecken und kaufen Sie Manzoni-Wein aus Italien bei Villa Canthus, ein erfrischender Genuss der italienischen Weinvielfalt.\" \/>\n<meta name=\"robots\" content=\"index, follow, max-snippet:-1, max-image-preview:large, max-video-preview:-1\" \/>\n<link rel=\"canonical\" href=\"https:\/\/villacanthus.it\/de\/shop\/die-rebsorten-des-herzens\/manzoni-bianco-veneto-i-g-t-2021\/\" \/>\n<meta property=\"og:locale\" content=\"de_DE\" \/>\n<meta property=\"og:type\" content=\"article\" \/>\n<meta property=\"og:title\" content=\"Manzoni-Wein Italien - Villa Canthus\" \/>\n<meta property=\"og:description\" content=\"Entdecken und kaufen Sie Manzoni-Wein aus Italien bei Villa Canthus, ein erfrischender Genuss der italienischen Weinvielfalt.\" \/>\n<meta property=\"og:url\" content=\"https:\/\/villacanthus.it\/de\/shop\/die-rebsorten-des-herzens\/manzoni-bianco-veneto-i-g-t-2021\/\" \/>\n<meta property=\"og:site_name\" content=\"Villa Canthus\" \/>\n<meta property=\"article:modified_time\" content=\"2023-10-16T15:24:01+00:00\" \/>\n<meta property=\"og:image\" content=\"https:\/\/villacanthus.it\/wp-content\/uploads\/2023\/03\/manzoni-bianco-removebg-preview.png\" \/>\n\t<meta property=\"og:image:width\" content=\"338\" \/>\n\t<meta property=\"og:image:height\" content=\"738\" \/>\n\t<meta property=\"og:image:type\" content=\"image\/png\" \/>\n<meta name=\"twitter:card\" content=\"summary_large_image\" \/>\n<meta name=\"twitter:label1\" content=\"Gesch\u00e4tzte Lesezeit\" \/>\n\t<meta name=\"twitter:data1\" content=\"1\u00a0Minute\" \/>\n<script type=\"application\/ld+json\" class=\"yoast-schema-graph\">{\"@context\":\"https:\\\/\\\/schema.org\",\"@graph\":[{\"@type\":\"WebPage\",\"@id\":\"https:\\\/\\\/villacanthus.it\\\/de\\\/shop\\\/die-rebsorten-des-herzens\\\/manzoni-bianco-veneto-i-g-t-2021\\\/\",\"url\":\"https:\\\/\\\/villacanthus.it\\\/de\\\/shop\\\/die-rebsorten-des-herzens\\\/manzoni-bianco-veneto-i-g-t-2021\\\/\",\"name\":\"Manzoni-Wein Italien - Villa Canthus\",\"isPartOf\":{\"@id\":\"https:\\\/\\\/villacanthus.it\\\/de\\\/#website\"},\"primaryImageOfPage\":{\"@id\":\"https:\\\/\\\/villacanthus.it\\\/de\\\/shop\\\/die-rebsorten-des-herzens\\\/manzoni-bianco-veneto-i-g-t-2021\\\/#primaryimage\"},\"image\":{\"@id\":\"https:\\\/\\\/villacanthus.it\\\/de\\\/shop\\\/die-rebsorten-des-herzens\\\/manzoni-bianco-veneto-i-g-t-2021\\\/#primaryimage\"},\"thumbnailUrl\":\"https:\\\/\\\/villacanthus.it\\\/wp-content\\\/uploads\\\/2023\\\/03\\\/manzoni-bianco-removebg-preview.png\",\"datePublished\":\"2023-03-30T12:30:25+00:00\",\"dateModified\":\"2023-10-16T15:24:01+00:00\",\"description\":\"Entdecken und kaufen Sie Manzoni-Wein aus Italien bei Villa Canthus, ein erfrischender Genuss der italienischen Weinvielfalt.\",\"breadcrumb\":{\"@id\":\"https:\\\/\\\/villacanthus.it\\\/de\\\/shop\\\/die-rebsorten-des-herzens\\\/manzoni-bianco-veneto-i-g-t-2021\\\/#breadcrumb\"},\"inLanguage\":\"de\",\"potentialAction\":[{\"@type\":\"ReadAction\",\"target\":[\"https:\\\/\\\/villacanthus.it\\\/de\\\/shop\\\/die-rebsorten-des-herzens\\\/manzoni-bianco-veneto-i-g-t-2021\\\/\"]}]},{\"@type\":\"ImageObject\",\"inLanguage\":\"de\",\"@id\":\"https:\\\/\\\/villacanthus.it\\\/de\\\/shop\\\/die-rebsorten-des-herzens\\\/manzoni-bianco-veneto-i-g-t-2021\\\/#primaryimage\",\"url\":\"https:\\\/\\\/villacanthus.it\\\/wp-content\\\/uploads\\\/2023\\\/03\\\/manzoni-bianco-removebg-preview.png\",\"contentUrl\":\"https:\\\/\\\/villacanthus.it\\\/wp-content\\\/uploads\\\/2023\\\/03\\\/manzoni-bianco-removebg-preview.png\",\"width\":338,\"height\":738},{\"@type\":\"BreadcrumbList\",\"@id\":\"https:\\\/\\\/villacanthus.it\\\/de\\\/shop\\\/die-rebsorten-des-herzens\\\/manzoni-bianco-veneto-i-g-t-2021\\\/#breadcrumb\",\"itemListElement\":[{\"@type\":\"ListItem\",\"position\":1,\"name\":\"Home\",\"item\":\"https:\\\/\\\/villacanthus.it\\\/de\\\/\"},{\"@type\":\"ListItem\",\"position\":2,\"name\":\"Le nostre bottiglie (shop)\",\"item\":\"https:\\\/\\\/villacanthus.it\\\/negozio\\\/\"},{\"@type\":\"ListItem\",\"position\":3,\"name\":\"Manzoni Bianco\"}]},{\"@type\":\"WebSite\",\"@id\":\"https:\\\/\\\/villacanthus.it\\\/de\\\/#website\",\"url\":\"https:\\\/\\\/villacanthus.it\\\/de\\\/\",\"name\":\"Villa Canthus\",\"description\":\"\",\"publisher\":{\"@id\":\"https:\\\/\\\/villacanthus.it\\\/de\\\/#organization\"},\"potentialAction\":[{\"@type\":\"SearchAction\",\"target\":{\"@type\":\"EntryPoint\",\"urlTemplate\":\"https:\\\/\\\/villacanthus.it\\\/de\\\/?s={search_term_string}\"},\"query-input\":{\"@type\":\"PropertyValueSpecification\",\"valueRequired\":true,\"valueName\":\"search_term_string\"}}],\"inLanguage\":\"de\"},{\"@type\":\"Organization\",\"@id\":\"https:\\\/\\\/villacanthus.it\\\/de\\\/#organization\",\"name\":\"Villa Canthus\",\"url\":\"https:\\\/\\\/villacanthus.it\\\/de\\\/\",\"logo\":{\"@type\":\"ImageObject\",\"inLanguage\":\"de\",\"@id\":\"https:\\\/\\\/villacanthus.it\\\/de\\\/#\\\/schema\\\/logo\\\/image\\\/\",\"url\":\"https:\\\/\\\/villacanthus.it\\\/wp-content\\\/uploads\\\/2023\\\/03\\\/cropped-LOGO-villacanthus-oro-payoff.png\",\"contentUrl\":\"https:\\\/\\\/villacanthus.it\\\/wp-content\\\/uploads\\\/2023\\\/03\\\/cropped-LOGO-villacanthus-oro-payoff.png\",\"width\":684,\"height\":313,\"caption\":\"Villa Canthus\"},\"image\":{\"@id\":\"https:\\\/\\\/villacanthus.it\\\/de\\\/#\\\/schema\\\/logo\\\/image\\\/\"}}]}<\/script>\n<!-- \/ Yoast SEO plugin. -->","yoast_head_json":{"title":"Manzoni-Wein Italien - Villa Canthus","description":"Entdecken und kaufen Sie Manzoni-Wein aus Italien bei Villa Canthus, ein erfrischender Genuss der italienischen Weinvielfalt.","robots":{"index":"index","follow":"follow","max-snippet":"max-snippet:-1","max-image-preview":"max-image-preview:large","max-video-preview":"max-video-preview:-1"},"canonical":"https:\/\/villacanthus.it\/de\/shop\/die-rebsorten-des-herzens\/manzoni-bianco-veneto-i-g-t-2021\/","og_locale":"de_DE","og_type":"article","og_title":"Manzoni-Wein Italien - Villa Canthus","og_description":"Entdecken und kaufen Sie Manzoni-Wein aus Italien bei Villa Canthus, ein erfrischender Genuss der italienischen Weinvielfalt.","og_url":"https:\/\/villacanthus.it\/de\/shop\/die-rebsorten-des-herzens\/manzoni-bianco-veneto-i-g-t-2021\/","og_site_name":"Villa Canthus","article_modified_time":"2023-10-16T15:24:01+00:00","og_image":[{"width":338,"height":738,"url":"https:\/\/villacanthus.it\/wp-content\/uploads\/2023\/03\/manzoni-bianco-removebg-preview.png","type":"image\/png"}],"twitter_card":"summary_large_image","twitter_misc":{"Gesch\u00e4tzte Lesezeit":"1\u00a0Minute"},"schema":{"@context":"https:\/\/schema.org","@graph":[{"@type":"WebPage","@id":"https:\/\/villacanthus.it\/de\/shop\/die-rebsorten-des-herzens\/manzoni-bianco-veneto-i-g-t-2021\/","url":"https:\/\/villacanthus.it\/de\/shop\/die-rebsorten-des-herzens\/manzoni-bianco-veneto-i-g-t-2021\/","name":"Manzoni-Wein Italien - Villa Canthus","isPartOf":{"@id":"https:\/\/villacanthus.it\/de\/#website"},"primaryImageOfPage":{"@id":"https:\/\/villacanthus.it\/de\/shop\/die-rebsorten-des-herzens\/manzoni-bianco-veneto-i-g-t-2021\/#primaryimage"},"image":{"@id":"https:\/\/villacanthus.it\/de\/shop\/die-rebsorten-des-herzens\/manzoni-bianco-veneto-i-g-t-2021\/#primaryimage"},"thumbnailUrl":"https:\/\/villacanthus.it\/wp-content\/uploads\/2023\/03\/manzoni-bianco-removebg-preview.png","datePublished":"2023-03-30T12:30:25+00:00","dateModified":"2023-10-16T15:24:01+00:00","description":"Entdecken und kaufen Sie Manzoni-Wein aus Italien bei Villa Canthus, ein erfrischender Genuss der italienischen Weinvielfalt.","breadcrumb":{"@id":"https:\/\/villacanthus.it\/de\/shop\/die-rebsorten-des-herzens\/manzoni-bianco-veneto-i-g-t-2021\/#breadcrumb"},"inLanguage":"de","potentialAction":[{"@type":"ReadAction","target":["https:\/\/villacanthus.it\/de\/shop\/die-rebsorten-des-herzens\/manzoni-bianco-veneto-i-g-t-2021\/"]}]},{"@type":"ImageObject","inLanguage":"de","@id":"https:\/\/villacanthus.it\/de\/shop\/die-rebsorten-des-herzens\/manzoni-bianco-veneto-i-g-t-2021\/#primaryimage","url":"https:\/\/villacanthus.it\/wp-content\/uploads\/2023\/03\/manzoni-bianco-removebg-preview.png","contentUrl":"https:\/\/villacanthus.it\/wp-content\/uploads\/2023\/03\/manzoni-bianco-removebg-preview.png","width":338,"height":738},{"@type":"BreadcrumbList","@id":"https:\/\/villacanthus.it\/de\/shop\/die-rebsorten-des-herzens\/manzoni-bianco-veneto-i-g-t-2021\/#breadcrumb","itemListElement":[{"@type":"ListItem","position":1,"name":"Home","item":"https:\/\/villacanthus.it\/de\/"},{"@type":"ListItem","position":2,"name":"Le nostre bottiglie (shop)","item":"https:\/\/villacanthus.it\/negozio\/"},{"@type":"ListItem","position":3,"name":"Manzoni Bianco"}]},{"@type":"WebSite","@id":"https:\/\/villacanthus.it\/de\/#website","url":"https:\/\/villacanthus.it\/de\/","name":"Villa Canthus","description":"","publisher":{"@id":"https:\/\/villacanthus.it\/de\/#organization"},"potentialAction":[{"@type":"SearchAction","target":{"@type":"EntryPoint","urlTemplate":"https:\/\/villacanthus.it\/de\/?s={search_term_string}"},"query-input":{"@type":"PropertyValueSpecification","valueRequired":true,"valueName":"search_term_string"}}],"inLanguage":"de"},{"@type":"Organization","@id":"https:\/\/villacanthus.it\/de\/#organization","name":"Villa Canthus","url":"https:\/\/villacanthus.it\/de\/","logo":{"@type":"ImageObject","inLanguage":"de","@id":"https:\/\/villacanthus.it\/de\/#\/schema\/logo\/image\/","url":"https:\/\/villacanthus.it\/wp-content\/uploads\/2023\/03\/cropped-LOGO-villacanthus-oro-payoff.png","contentUrl":"https:\/\/villacanthus.it\/wp-content\/uploads\/2023\/03\/cropped-LOGO-villacanthus-oro-payoff.png","width":684,"height":313,"caption":"Villa Canthus"},"image":{"@id":"https:\/\/villacanthus.it\/de\/#\/schema\/logo\/image\/"}}]}},"_links":{"self":[{"href":"https:\/\/villacanthus.it\/de\/wp-json\/wp\/v2\/product\/2098","targetHints":{"allow":["GET"]}}],"collection":[{"href":"https:\/\/villacanthus.it\/de\/wp-json\/wp\/v2\/product"}],"about":[{"href":"https:\/\/villacanthus.it\/de\/wp-json\/wp\/v2\/types\/product"}],"wp:featuredmedia":[{"embeddable":true,"href":"https:\/\/villacanthus.it\/de\/wp-json\/wp\/v2\/media\/1453"}],"wp:attachment":[{"href":"https:\/\/villacanthus.it\/de\/wp-json\/wp\/v2\/media?parent=2098"}],"wp:term":[{"taxonomy":"product_brand","embeddable":true,"href":"https:\/\/villacanthus.it\/de\/wp-json\/wp\/v2\/product_brand?post=2098"},{"taxonomy":"product_cat","embeddable":true,"href":"https:\/\/villacanthus.it\/de\/wp-json\/wp\/v2\/product_cat?post=2098"},{"taxonomy":"product_tag","embeddable":true,"href":"https:\/\/villacanthus.it\/de\/wp-json\/wp\/v2\/product_tag?post=2098"}],"curies":[{"name":"wp","href":"https:\/\/api.w.org\/{rel}","templated":true}]}}