{"id":2097,"date":"2023-03-30T14:32:25","date_gmt":"2023-03-30T12:32:25","guid":{"rendered":"https:\/\/villacanthus.it\/shop\/unkategorisiert\/cabernet-sauvignon-venezia-d-o-c\/"},"modified":"2023-10-16T17:33:16","modified_gmt":"2023-10-16T15:33:16","slug":"cabernet-sauvignon-venezia-d-o-c","status":"publish","type":"product","link":"https:\/\/villacanthus.it\/de\/shop\/international-aber-lokal\/cabernet-sauvignon-venezia-d-o-c\/","title":{"rendered":"Cabernet Sauvignon"},"content":{"rendered":"<p>Ein Wein aus der Region Venetien mit granatroter Farbe. In der Nase ist er intensiv und anhaltend und verstr\u00f6mt fesselnde Gew\u00fcrz- und R\u00f6stnoten sowie<br \/>\nwilde rote Fr\u00fcchte<br \/>\nund verwelkte Rosen.<br \/>\n Harmonisch und ausgewogen, angenehm tanninhaltig, umh\u00fcllt er den Mund mit einer beunruhigenden Weichheit und bitteren Empfindungen.<br \/>\nEr bevorzugt Tr\u00fcffel und Marinaden; er passt auch gut zu Vorspeisen mit Wurstwaren, ersten G\u00e4ngen wie Risotto alla Milanese, gegrilltem rotem Fleisch und m\u00e4\u00dfig gereiften K\u00e4sesorten.<\/p>\n","protected":false},"excerpt":{"rendered":"<p style=\"text-align: center;\"><img decoding=\"async\" class=\"aligncenter\" src=\"https:\/\/villacanthus.it\/wp-content\/uploads\/2023\/04\/icona-uva.png\" width=\"50\" \/>Cabernet Sauvignon 100%<\/p>\n<p>&nbsp;<\/p>\n<p style=\"text-align: center;\"><img decoding=\"async\" class=\"aligncenter\" src=\"https:\/\/villacanthus.it\/wp-content\/uploads\/2023\/04\/calendario.png\" width=\"50\" \/>Ende September<\/p>\n<p>&nbsp;<\/p>\n<p style=\"text-align: center;\"><img decoding=\"async\" class=\"aligncenter\" src=\"https:\/\/villacanthus.it\/wp-content\/uploads\/2023\/04\/raccolata-a-mano.png\" width=\"50\" \/>Handgelesene Trauben in voller Reife<\/p>\n<p>&nbsp;<\/p>\n<p style=\"text-align: center;\"><img decoding=\"async\" class=\"aligncenter\" src=\"https:\/\/villacanthus.it\/wp-content\/uploads\/2023\/04\/pressa.png\" width=\"50\" \/>Kelterung und Mazeration 10\/12 Tage. Anschlie\u00dfendes Abbeeren mit Most, der aus einem Teil der 40 Tage<br \/>lang getrockneten Trauben gewonnen wird.<\/p>\n<p>&nbsp;<\/p>\n<p style=\"text-align: center;\"><img decoding=\"async\" class=\"aligncenter\" src=\"https:\/\/villacanthus.it\/wp-content\/uploads\/2023\/04\/barile.png\" width=\"50\" data-wp-editing=\"1\" \/>In verglastem Zement auf edlem Bodensatz f\u00fcr 12 Monate, in Tonneau f\u00fcr 12 Monate<\/p>\n<p>&nbsp;<\/p>\n<p style=\"text-align: center;\"><img decoding=\"async\" class=\"aligncenter\" src=\"https:\/\/villacanthus.it\/wp-content\/uploads\/2023\/04\/termometro.png\" width=\"50\" \/>18\u00b0-20\u00b0C<\/p>\n<p style=\"text-align: center;\"><img decoding=\"async\" class=\"aligncenter\" src=\"https:\/\/villacanthus.it\/wp-content\/uploads\/2023\/04\/peptide.png\" width=\"50\" \/>13% vol.<br \/>\nGesamts\u00e4uregehalt 5,30 g\/L<br \/>\nP.h. 3,58<br \/>\nNettotrockenextrakt 30 g\/L<\/p>\n","protected":false},"featured_media":1455,"template":"","meta":{"_acf_changed":false},"product_brand":[],"product_cat":[61],"product_tag":[],"class_list":{"0":"post-2097","1":"product","2":"type-product","3":"status-publish","4":"has-post-thumbnail","6":"product_cat-international-aber-lokal","8":"first","9":"outofstock","10":"taxable","11":"shipping-taxable","12":"purchasable","13":"product-type-simple"},"acf":[],"yoast_head":"<!-- This site is optimized with the Yoast SEO plugin v27.3 - https:\/\/yoast.com\/product\/yoast-seo-wordpress\/ -->\n<title>Cabernet Sauvignon aus Italien - Villa Canthus<\/title>\n<meta name=\"description\" content=\"Erleben und kaufen Sie den verlockenden Cabernet Sauvignon aus Italien bei Villa Canthus, ein Fest f\u00fcr Ihre Sinne.\" \/>\n<meta name=\"robots\" content=\"index, follow, max-snippet:-1, max-image-preview:large, max-video-preview:-1\" \/>\n<link rel=\"canonical\" href=\"https:\/\/villacanthus.it\/de\/shop\/international-aber-lokal\/cabernet-sauvignon-venezia-d-o-c\/\" \/>\n<meta property=\"og:locale\" content=\"de_DE\" \/>\n<meta property=\"og:type\" content=\"article\" \/>\n<meta property=\"og:title\" content=\"Cabernet Sauvignon aus Italien - Villa Canthus\" \/>\n<meta property=\"og:description\" content=\"Erleben und kaufen Sie den verlockenden Cabernet Sauvignon aus Italien bei Villa Canthus, ein Fest f\u00fcr Ihre Sinne.\" \/>\n<meta property=\"og:url\" content=\"https:\/\/villacanthus.it\/de\/shop\/international-aber-lokal\/cabernet-sauvignon-venezia-d-o-c\/\" \/>\n<meta property=\"og:site_name\" content=\"Villa Canthus\" \/>\n<meta property=\"article:modified_time\" content=\"2023-10-16T15:33:16+00:00\" \/>\n<meta property=\"og:image\" content=\"https:\/\/villacanthus.it\/wp-content\/uploads\/2023\/03\/Cabernet-removebg-preview.png\" \/>\n\t<meta property=\"og:image:width\" content=\"338\" \/>\n\t<meta property=\"og:image:height\" content=\"739\" \/>\n\t<meta property=\"og:image:type\" content=\"image\/png\" \/>\n<meta name=\"twitter:card\" content=\"summary_large_image\" \/>\n<meta name=\"twitter:label1\" content=\"Gesch\u00e4tzte Lesezeit\" \/>\n\t<meta name=\"twitter:data1\" content=\"1\u00a0Minute\" \/>\n<script type=\"application\/ld+json\" class=\"yoast-schema-graph\">{\"@context\":\"https:\\\/\\\/schema.org\",\"@graph\":[{\"@type\":\"WebPage\",\"@id\":\"https:\\\/\\\/villacanthus.it\\\/de\\\/shop\\\/international-aber-lokal\\\/cabernet-sauvignon-venezia-d-o-c\\\/\",\"url\":\"https:\\\/\\\/villacanthus.it\\\/de\\\/shop\\\/international-aber-lokal\\\/cabernet-sauvignon-venezia-d-o-c\\\/\",\"name\":\"Cabernet Sauvignon aus Italien - Villa Canthus\",\"isPartOf\":{\"@id\":\"https:\\\/\\\/villacanthus.it\\\/de\\\/#website\"},\"primaryImageOfPage\":{\"@id\":\"https:\\\/\\\/villacanthus.it\\\/de\\\/shop\\\/international-aber-lokal\\\/cabernet-sauvignon-venezia-d-o-c\\\/#primaryimage\"},\"image\":{\"@id\":\"https:\\\/\\\/villacanthus.it\\\/de\\\/shop\\\/international-aber-lokal\\\/cabernet-sauvignon-venezia-d-o-c\\\/#primaryimage\"},\"thumbnailUrl\":\"https:\\\/\\\/villacanthus.it\\\/wp-content\\\/uploads\\\/2023\\\/03\\\/Cabernet-removebg-preview.png\",\"datePublished\":\"2023-03-30T12:32:25+00:00\",\"dateModified\":\"2023-10-16T15:33:16+00:00\",\"description\":\"Erleben und kaufen Sie den verlockenden Cabernet Sauvignon aus Italien bei Villa Canthus, ein Fest f\u00fcr Ihre Sinne.\",\"breadcrumb\":{\"@id\":\"https:\\\/\\\/villacanthus.it\\\/de\\\/shop\\\/international-aber-lokal\\\/cabernet-sauvignon-venezia-d-o-c\\\/#breadcrumb\"},\"inLanguage\":\"de\",\"potentialAction\":[{\"@type\":\"ReadAction\",\"target\":[\"https:\\\/\\\/villacanthus.it\\\/de\\\/shop\\\/international-aber-lokal\\\/cabernet-sauvignon-venezia-d-o-c\\\/\"]}]},{\"@type\":\"ImageObject\",\"inLanguage\":\"de\",\"@id\":\"https:\\\/\\\/villacanthus.it\\\/de\\\/shop\\\/international-aber-lokal\\\/cabernet-sauvignon-venezia-d-o-c\\\/#primaryimage\",\"url\":\"https:\\\/\\\/villacanthus.it\\\/wp-content\\\/uploads\\\/2023\\\/03\\\/Cabernet-removebg-preview.png\",\"contentUrl\":\"https:\\\/\\\/villacanthus.it\\\/wp-content\\\/uploads\\\/2023\\\/03\\\/Cabernet-removebg-preview.png\",\"width\":338,\"height\":739,\"caption\":\"cabernet souvignon veneto\"},{\"@type\":\"BreadcrumbList\",\"@id\":\"https:\\\/\\\/villacanthus.it\\\/de\\\/shop\\\/international-aber-lokal\\\/cabernet-sauvignon-venezia-d-o-c\\\/#breadcrumb\",\"itemListElement\":[{\"@type\":\"ListItem\",\"position\":1,\"name\":\"Home\",\"item\":\"https:\\\/\\\/villacanthus.it\\\/de\\\/\"},{\"@type\":\"ListItem\",\"position\":2,\"name\":\"Le nostre bottiglie (shop)\",\"item\":\"https:\\\/\\\/villacanthus.it\\\/negozio\\\/\"},{\"@type\":\"ListItem\",\"position\":3,\"name\":\"Cabernet Sauvignon\"}]},{\"@type\":\"WebSite\",\"@id\":\"https:\\\/\\\/villacanthus.it\\\/de\\\/#website\",\"url\":\"https:\\\/\\\/villacanthus.it\\\/de\\\/\",\"name\":\"Villa Canthus\",\"description\":\"\",\"publisher\":{\"@id\":\"https:\\\/\\\/villacanthus.it\\\/de\\\/#organization\"},\"potentialAction\":[{\"@type\":\"SearchAction\",\"target\":{\"@type\":\"EntryPoint\",\"urlTemplate\":\"https:\\\/\\\/villacanthus.it\\\/de\\\/?s={search_term_string}\"},\"query-input\":{\"@type\":\"PropertyValueSpecification\",\"valueRequired\":true,\"valueName\":\"search_term_string\"}}],\"inLanguage\":\"de\"},{\"@type\":\"Organization\",\"@id\":\"https:\\\/\\\/villacanthus.it\\\/de\\\/#organization\",\"name\":\"Villa Canthus\",\"url\":\"https:\\\/\\\/villacanthus.it\\\/de\\\/\",\"logo\":{\"@type\":\"ImageObject\",\"inLanguage\":\"de\",\"@id\":\"https:\\\/\\\/villacanthus.it\\\/de\\\/#\\\/schema\\\/logo\\\/image\\\/\",\"url\":\"https:\\\/\\\/villacanthus.it\\\/wp-content\\\/uploads\\\/2023\\\/03\\\/cropped-LOGO-villacanthus-oro-payoff.png\",\"contentUrl\":\"https:\\\/\\\/villacanthus.it\\\/wp-content\\\/uploads\\\/2023\\\/03\\\/cropped-LOGO-villacanthus-oro-payoff.png\",\"width\":684,\"height\":313,\"caption\":\"Villa Canthus\"},\"image\":{\"@id\":\"https:\\\/\\\/villacanthus.it\\\/de\\\/#\\\/schema\\\/logo\\\/image\\\/\"}}]}<\/script>\n<!-- \/ Yoast SEO plugin. -->","yoast_head_json":{"title":"Cabernet Sauvignon aus Italien - Villa Canthus","description":"Erleben und kaufen Sie den verlockenden Cabernet Sauvignon aus Italien bei Villa Canthus, ein Fest f\u00fcr Ihre Sinne.","robots":{"index":"index","follow":"follow","max-snippet":"max-snippet:-1","max-image-preview":"max-image-preview:large","max-video-preview":"max-video-preview:-1"},"canonical":"https:\/\/villacanthus.it\/de\/shop\/international-aber-lokal\/cabernet-sauvignon-venezia-d-o-c\/","og_locale":"de_DE","og_type":"article","og_title":"Cabernet Sauvignon aus Italien - Villa Canthus","og_description":"Erleben und kaufen Sie den verlockenden Cabernet Sauvignon aus Italien bei Villa Canthus, ein Fest f\u00fcr Ihre Sinne.","og_url":"https:\/\/villacanthus.it\/de\/shop\/international-aber-lokal\/cabernet-sauvignon-venezia-d-o-c\/","og_site_name":"Villa Canthus","article_modified_time":"2023-10-16T15:33:16+00:00","og_image":[{"width":338,"height":739,"url":"https:\/\/villacanthus.it\/wp-content\/uploads\/2023\/03\/Cabernet-removebg-preview.png","type":"image\/png"}],"twitter_card":"summary_large_image","twitter_misc":{"Gesch\u00e4tzte Lesezeit":"1\u00a0Minute"},"schema":{"@context":"https:\/\/schema.org","@graph":[{"@type":"WebPage","@id":"https:\/\/villacanthus.it\/de\/shop\/international-aber-lokal\/cabernet-sauvignon-venezia-d-o-c\/","url":"https:\/\/villacanthus.it\/de\/shop\/international-aber-lokal\/cabernet-sauvignon-venezia-d-o-c\/","name":"Cabernet Sauvignon aus Italien - Villa Canthus","isPartOf":{"@id":"https:\/\/villacanthus.it\/de\/#website"},"primaryImageOfPage":{"@id":"https:\/\/villacanthus.it\/de\/shop\/international-aber-lokal\/cabernet-sauvignon-venezia-d-o-c\/#primaryimage"},"image":{"@id":"https:\/\/villacanthus.it\/de\/shop\/international-aber-lokal\/cabernet-sauvignon-venezia-d-o-c\/#primaryimage"},"thumbnailUrl":"https:\/\/villacanthus.it\/wp-content\/uploads\/2023\/03\/Cabernet-removebg-preview.png","datePublished":"2023-03-30T12:32:25+00:00","dateModified":"2023-10-16T15:33:16+00:00","description":"Erleben und kaufen Sie den verlockenden Cabernet Sauvignon aus Italien bei Villa Canthus, ein Fest f\u00fcr Ihre Sinne.","breadcrumb":{"@id":"https:\/\/villacanthus.it\/de\/shop\/international-aber-lokal\/cabernet-sauvignon-venezia-d-o-c\/#breadcrumb"},"inLanguage":"de","potentialAction":[{"@type":"ReadAction","target":["https:\/\/villacanthus.it\/de\/shop\/international-aber-lokal\/cabernet-sauvignon-venezia-d-o-c\/"]}]},{"@type":"ImageObject","inLanguage":"de","@id":"https:\/\/villacanthus.it\/de\/shop\/international-aber-lokal\/cabernet-sauvignon-venezia-d-o-c\/#primaryimage","url":"https:\/\/villacanthus.it\/wp-content\/uploads\/2023\/03\/Cabernet-removebg-preview.png","contentUrl":"https:\/\/villacanthus.it\/wp-content\/uploads\/2023\/03\/Cabernet-removebg-preview.png","width":338,"height":739,"caption":"cabernet souvignon veneto"},{"@type":"BreadcrumbList","@id":"https:\/\/villacanthus.it\/de\/shop\/international-aber-lokal\/cabernet-sauvignon-venezia-d-o-c\/#breadcrumb","itemListElement":[{"@type":"ListItem","position":1,"name":"Home","item":"https:\/\/villacanthus.it\/de\/"},{"@type":"ListItem","position":2,"name":"Le nostre bottiglie (shop)","item":"https:\/\/villacanthus.it\/negozio\/"},{"@type":"ListItem","position":3,"name":"Cabernet Sauvignon"}]},{"@type":"WebSite","@id":"https:\/\/villacanthus.it\/de\/#website","url":"https:\/\/villacanthus.it\/de\/","name":"Villa Canthus","description":"","publisher":{"@id":"https:\/\/villacanthus.it\/de\/#organization"},"potentialAction":[{"@type":"SearchAction","target":{"@type":"EntryPoint","urlTemplate":"https:\/\/villacanthus.it\/de\/?s={search_term_string}"},"query-input":{"@type":"PropertyValueSpecification","valueRequired":true,"valueName":"search_term_string"}}],"inLanguage":"de"},{"@type":"Organization","@id":"https:\/\/villacanthus.it\/de\/#organization","name":"Villa Canthus","url":"https:\/\/villacanthus.it\/de\/","logo":{"@type":"ImageObject","inLanguage":"de","@id":"https:\/\/villacanthus.it\/de\/#\/schema\/logo\/image\/","url":"https:\/\/villacanthus.it\/wp-content\/uploads\/2023\/03\/cropped-LOGO-villacanthus-oro-payoff.png","contentUrl":"https:\/\/villacanthus.it\/wp-content\/uploads\/2023\/03\/cropped-LOGO-villacanthus-oro-payoff.png","width":684,"height":313,"caption":"Villa Canthus"},"image":{"@id":"https:\/\/villacanthus.it\/de\/#\/schema\/logo\/image\/"}}]}},"_links":{"self":[{"href":"https:\/\/villacanthus.it\/de\/wp-json\/wp\/v2\/product\/2097","targetHints":{"allow":["GET"]}}],"collection":[{"href":"https:\/\/villacanthus.it\/de\/wp-json\/wp\/v2\/product"}],"about":[{"href":"https:\/\/villacanthus.it\/de\/wp-json\/wp\/v2\/types\/product"}],"wp:featuredmedia":[{"embeddable":true,"href":"https:\/\/villacanthus.it\/de\/wp-json\/wp\/v2\/media\/1455"}],"wp:attachment":[{"href":"https:\/\/villacanthus.it\/de\/wp-json\/wp\/v2\/media?parent=2097"}],"wp:term":[{"taxonomy":"product_brand","embeddable":true,"href":"https:\/\/villacanthus.it\/de\/wp-json\/wp\/v2\/product_brand?post=2097"},{"taxonomy":"product_cat","embeddable":true,"href":"https:\/\/villacanthus.it\/de\/wp-json\/wp\/v2\/product_cat?post=2097"},{"taxonomy":"product_tag","embeddable":true,"href":"https:\/\/villacanthus.it\/de\/wp-json\/wp\/v2\/product_tag?post=2097"}],"curies":[{"name":"wp","href":"https:\/\/api.w.org\/{rel}","templated":true}]}}