{"id":2096,"date":"2023-04-06T11:54:24","date_gmt":"2023-04-06T09:54:24","guid":{"rendered":"https:\/\/villacanthus.it\/shop\/unkategorisiert\/raboso-veneto-i-g-t-2019\/"},"modified":"2023-10-16T17:29:25","modified_gmt":"2023-10-16T15:29:25","slug":"raboso-veneto-i-g-t-2019","status":"publish","type":"product","link":"https:\/\/villacanthus.it\/de\/shop\/die-rebsorten-des-herzens\/raboso-veneto-i-g-t-2019\/","title":{"rendered":"Raboso"},"content":{"rendered":"<p>Er hat eine rubinrote, ins Granatrot tendierende Farbe. In der Nase reicht das Bouquet von intensiven Veilchennoten \u00fcber fruchtige Noten von Sauerkirschen und wilden Brombeeren bis hin zu w\u00fcrzigen Noten von s\u00fc\u00dfem Tabak und Kakao. Der Gaumen wird durch die richtige Weichheit und perfekte Harmonie zwischen S\u00e4ure und Tannin erfreut.<br \/>\nKombinieren Sie ihn mit Vorspeisen und saftigen Gerichten der venezianischen K\u00fcche, insbesondere mit Saucen und Fleischsaucen&#8230; oder trinken Sie ihn pur, er wird Sie \u00fcberraschen!<\/p>\n","protected":false},"excerpt":{"rendered":"<p style=\"text-align: center;\"><img decoding=\"async\" class=\"aligncenter\" src=\"https:\/\/villacanthus.it\/wp-content\/uploads\/2023\/04\/icona-uva.png\" width=\"50\" \/>Raboso 100%<\/p>\n<p>&nbsp;<\/p>\n<p style=\"text-align: center;\"><img decoding=\"async\" class=\"aligncenter\" src=\"https:\/\/villacanthus.it\/wp-content\/uploads\/2023\/04\/calendario.png\" width=\"50\" \/>Dritte Oktoberwoche<\/p>\n<p>&nbsp;<\/p>\n<p style=\"text-align: center;\"><img decoding=\"async\" class=\"aligncenter\" src=\"https:\/\/villacanthus.it\/wp-content\/uploads\/2023\/04\/raccolata-a-mano.png\" width=\"50\" \/> Handgelesene Trauben bei voller Reife<\/p>\n<p>&nbsp;<\/p>\n<p style=\"text-align: center;\"><img decoding=\"async\" class=\"aligncenter\" src=\"https:\/\/villacanthus.it\/wp-content\/uploads\/2023\/04\/pressa.png\" width=\"50\" \/> Kelterung, Mazeration auf den Schalen f\u00fcr 10\/12 Tage in Holzbottichen. <br \/>\nAnschlie\u00dfendes Abbeeren mit Most aus denselben getrockneten Trauben<\/p>\n<p>&nbsp;<\/p>\n<p style=\"text-align: center;\"><img decoding=\"async\" class=\"aligncenter\" src=\"https:\/\/villacanthus.it\/wp-content\/uploads\/2023\/04\/barile.png\" width=\"50\" data-wp-editing=\"1\" \/>I12 Monate in verglastem Zement auf edlem Bodensatz, 24 Monate im Barrique<\/p>\n<p>&nbsp;<\/p>\n<p style=\"text-align: center;\"><img decoding=\"async\" class=\"aligncenter\" src=\"https:\/\/villacanthus.it\/wp-content\/uploads\/2023\/04\/termometro.png\" width=\"50\" \/>18\u00b0-20\u00b0C<\/p>\n<p style=\"text-align: center;\"><img decoding=\"async\" class=\"aligncenter\" src=\"https:\/\/villacanthus.it\/wp-content\/uploads\/2023\/04\/peptide.png\" width=\"50\" \/>14% vol<br \/>\nGesamts\u00e4uregehalt 6,50 g\/<br \/>\nP.h. 3,48<br \/>\nNettotrockenextrakt 30 g\/L<\/p>\n","protected":false},"featured_media":3596,"template":"","meta":{"_acf_changed":false},"product_brand":[],"product_cat":[62],"product_tag":[],"class_list":{"0":"post-2096","1":"product","2":"type-product","3":"status-publish","4":"has-post-thumbnail","6":"product_cat-die-rebsorten-des-herzens","8":"first","9":"instock","10":"taxable","11":"shipping-taxable","12":"purchasable","13":"product-type-simple"},"acf":[],"yoast_head":"<!-- This site is optimized with the Yoast SEO plugin v27.3 - https:\/\/yoast.com\/product\/yoast-seo-wordpress\/ -->\n<title>Raboso italienischer Wein - Villa Canthus<\/title>\n<meta name=\"description\" content=\"Entdecken und kaufen Sie Raboso, den charmanten italienischen Wein, bei Villa Canthus und erleben Sie einen einzigartigen Genuss.\" \/>\n<meta name=\"robots\" content=\"index, follow, max-snippet:-1, max-image-preview:large, max-video-preview:-1\" \/>\n<link rel=\"canonical\" href=\"https:\/\/villacanthus.it\/de\/shop\/die-rebsorten-des-herzens\/raboso-veneto-i-g-t-2019\/\" \/>\n<meta property=\"og:locale\" content=\"de_DE\" \/>\n<meta property=\"og:type\" content=\"article\" \/>\n<meta property=\"og:title\" content=\"Raboso italienischer Wein - Villa Canthus\" \/>\n<meta property=\"og:description\" content=\"Entdecken und kaufen Sie Raboso, den charmanten italienischen Wein, bei Villa Canthus und erleben Sie einen einzigartigen Genuss.\" \/>\n<meta property=\"og:url\" content=\"https:\/\/villacanthus.it\/de\/shop\/die-rebsorten-des-herzens\/raboso-veneto-i-g-t-2019\/\" \/>\n<meta property=\"og:site_name\" content=\"Villa Canthus\" \/>\n<meta property=\"article:modified_time\" content=\"2023-10-16T15:29:25+00:00\" \/>\n<meta property=\"og:image\" content=\"https:\/\/villacanthus.it\/wp-content\/uploads\/2023\/04\/RABOSO.png\" \/>\n\t<meta property=\"og:image:width\" content=\"338\" \/>\n\t<meta property=\"og:image:height\" content=\"739\" \/>\n\t<meta property=\"og:image:type\" content=\"image\/png\" \/>\n<meta name=\"twitter:card\" content=\"summary_large_image\" \/>\n<meta name=\"twitter:label1\" content=\"Gesch\u00e4tzte Lesezeit\" \/>\n\t<meta name=\"twitter:data1\" content=\"1\u00a0Minute\" \/>\n<script type=\"application\/ld+json\" class=\"yoast-schema-graph\">{\"@context\":\"https:\\\/\\\/schema.org\",\"@graph\":[{\"@type\":\"WebPage\",\"@id\":\"https:\\\/\\\/villacanthus.it\\\/de\\\/shop\\\/die-rebsorten-des-herzens\\\/raboso-veneto-i-g-t-2019\\\/\",\"url\":\"https:\\\/\\\/villacanthus.it\\\/de\\\/shop\\\/die-rebsorten-des-herzens\\\/raboso-veneto-i-g-t-2019\\\/\",\"name\":\"Raboso italienischer Wein - Villa Canthus\",\"isPartOf\":{\"@id\":\"https:\\\/\\\/villacanthus.it\\\/de\\\/#website\"},\"primaryImageOfPage\":{\"@id\":\"https:\\\/\\\/villacanthus.it\\\/de\\\/shop\\\/die-rebsorten-des-herzens\\\/raboso-veneto-i-g-t-2019\\\/#primaryimage\"},\"image\":{\"@id\":\"https:\\\/\\\/villacanthus.it\\\/de\\\/shop\\\/die-rebsorten-des-herzens\\\/raboso-veneto-i-g-t-2019\\\/#primaryimage\"},\"thumbnailUrl\":\"https:\\\/\\\/villacanthus.it\\\/wp-content\\\/uploads\\\/2023\\\/04\\\/Raboso-2026.png\",\"datePublished\":\"2023-04-06T09:54:24+00:00\",\"dateModified\":\"2023-10-16T15:29:25+00:00\",\"description\":\"Entdecken und kaufen Sie Raboso, den charmanten italienischen Wein, bei Villa Canthus und erleben Sie einen einzigartigen Genuss.\",\"breadcrumb\":{\"@id\":\"https:\\\/\\\/villacanthus.it\\\/de\\\/shop\\\/die-rebsorten-des-herzens\\\/raboso-veneto-i-g-t-2019\\\/#breadcrumb\"},\"inLanguage\":\"de\",\"potentialAction\":[{\"@type\":\"ReadAction\",\"target\":[\"https:\\\/\\\/villacanthus.it\\\/de\\\/shop\\\/die-rebsorten-des-herzens\\\/raboso-veneto-i-g-t-2019\\\/\"]}]},{\"@type\":\"ImageObject\",\"inLanguage\":\"de\",\"@id\":\"https:\\\/\\\/villacanthus.it\\\/de\\\/shop\\\/die-rebsorten-des-herzens\\\/raboso-veneto-i-g-t-2019\\\/#primaryimage\",\"url\":\"https:\\\/\\\/villacanthus.it\\\/wp-content\\\/uploads\\\/2023\\\/04\\\/Raboso-2026.png\",\"contentUrl\":\"https:\\\/\\\/villacanthus.it\\\/wp-content\\\/uploads\\\/2023\\\/04\\\/Raboso-2026.png\",\"width\":338,\"height\":739},{\"@type\":\"BreadcrumbList\",\"@id\":\"https:\\\/\\\/villacanthus.it\\\/de\\\/shop\\\/die-rebsorten-des-herzens\\\/raboso-veneto-i-g-t-2019\\\/#breadcrumb\",\"itemListElement\":[{\"@type\":\"ListItem\",\"position\":1,\"name\":\"Home\",\"item\":\"https:\\\/\\\/villacanthus.it\\\/de\\\/\"},{\"@type\":\"ListItem\",\"position\":2,\"name\":\"Le nostre bottiglie (shop)\",\"item\":\"https:\\\/\\\/villacanthus.it\\\/negozio\\\/\"},{\"@type\":\"ListItem\",\"position\":3,\"name\":\"Raboso\"}]},{\"@type\":\"WebSite\",\"@id\":\"https:\\\/\\\/villacanthus.it\\\/de\\\/#website\",\"url\":\"https:\\\/\\\/villacanthus.it\\\/de\\\/\",\"name\":\"Villa Canthus\",\"description\":\"\",\"publisher\":{\"@id\":\"https:\\\/\\\/villacanthus.it\\\/de\\\/#organization\"},\"potentialAction\":[{\"@type\":\"SearchAction\",\"target\":{\"@type\":\"EntryPoint\",\"urlTemplate\":\"https:\\\/\\\/villacanthus.it\\\/de\\\/?s={search_term_string}\"},\"query-input\":{\"@type\":\"PropertyValueSpecification\",\"valueRequired\":true,\"valueName\":\"search_term_string\"}}],\"inLanguage\":\"de\"},{\"@type\":\"Organization\",\"@id\":\"https:\\\/\\\/villacanthus.it\\\/de\\\/#organization\",\"name\":\"Villa Canthus\",\"url\":\"https:\\\/\\\/villacanthus.it\\\/de\\\/\",\"logo\":{\"@type\":\"ImageObject\",\"inLanguage\":\"de\",\"@id\":\"https:\\\/\\\/villacanthus.it\\\/de\\\/#\\\/schema\\\/logo\\\/image\\\/\",\"url\":\"https:\\\/\\\/villacanthus.it\\\/wp-content\\\/uploads\\\/2023\\\/03\\\/cropped-LOGO-villacanthus-oro-payoff.png\",\"contentUrl\":\"https:\\\/\\\/villacanthus.it\\\/wp-content\\\/uploads\\\/2023\\\/03\\\/cropped-LOGO-villacanthus-oro-payoff.png\",\"width\":684,\"height\":313,\"caption\":\"Villa Canthus\"},\"image\":{\"@id\":\"https:\\\/\\\/villacanthus.it\\\/de\\\/#\\\/schema\\\/logo\\\/image\\\/\"}}]}<\/script>\n<!-- \/ Yoast SEO plugin. -->","yoast_head_json":{"title":"Raboso italienischer Wein - Villa Canthus","description":"Entdecken und kaufen Sie Raboso, den charmanten italienischen Wein, bei Villa Canthus und erleben Sie einen einzigartigen Genuss.","robots":{"index":"index","follow":"follow","max-snippet":"max-snippet:-1","max-image-preview":"max-image-preview:large","max-video-preview":"max-video-preview:-1"},"canonical":"https:\/\/villacanthus.it\/de\/shop\/die-rebsorten-des-herzens\/raboso-veneto-i-g-t-2019\/","og_locale":"de_DE","og_type":"article","og_title":"Raboso italienischer Wein - Villa Canthus","og_description":"Entdecken und kaufen Sie Raboso, den charmanten italienischen Wein, bei Villa Canthus und erleben Sie einen einzigartigen Genuss.","og_url":"https:\/\/villacanthus.it\/de\/shop\/die-rebsorten-des-herzens\/raboso-veneto-i-g-t-2019\/","og_site_name":"Villa Canthus","article_modified_time":"2023-10-16T15:29:25+00:00","og_image":[{"width":338,"height":739,"url":"https:\/\/villacanthus.it\/wp-content\/uploads\/2023\/04\/RABOSO.png","type":"image\/png"}],"twitter_card":"summary_large_image","twitter_misc":{"Gesch\u00e4tzte Lesezeit":"1\u00a0Minute"},"schema":{"@context":"https:\/\/schema.org","@graph":[{"@type":"WebPage","@id":"https:\/\/villacanthus.it\/de\/shop\/die-rebsorten-des-herzens\/raboso-veneto-i-g-t-2019\/","url":"https:\/\/villacanthus.it\/de\/shop\/die-rebsorten-des-herzens\/raboso-veneto-i-g-t-2019\/","name":"Raboso italienischer Wein - Villa Canthus","isPartOf":{"@id":"https:\/\/villacanthus.it\/de\/#website"},"primaryImageOfPage":{"@id":"https:\/\/villacanthus.it\/de\/shop\/die-rebsorten-des-herzens\/raboso-veneto-i-g-t-2019\/#primaryimage"},"image":{"@id":"https:\/\/villacanthus.it\/de\/shop\/die-rebsorten-des-herzens\/raboso-veneto-i-g-t-2019\/#primaryimage"},"thumbnailUrl":"https:\/\/villacanthus.it\/wp-content\/uploads\/2023\/04\/Raboso-2026.png","datePublished":"2023-04-06T09:54:24+00:00","dateModified":"2023-10-16T15:29:25+00:00","description":"Entdecken und kaufen Sie Raboso, den charmanten italienischen Wein, bei Villa Canthus und erleben Sie einen einzigartigen Genuss.","breadcrumb":{"@id":"https:\/\/villacanthus.it\/de\/shop\/die-rebsorten-des-herzens\/raboso-veneto-i-g-t-2019\/#breadcrumb"},"inLanguage":"de","potentialAction":[{"@type":"ReadAction","target":["https:\/\/villacanthus.it\/de\/shop\/die-rebsorten-des-herzens\/raboso-veneto-i-g-t-2019\/"]}]},{"@type":"ImageObject","inLanguage":"de","@id":"https:\/\/villacanthus.it\/de\/shop\/die-rebsorten-des-herzens\/raboso-veneto-i-g-t-2019\/#primaryimage","url":"https:\/\/villacanthus.it\/wp-content\/uploads\/2023\/04\/Raboso-2026.png","contentUrl":"https:\/\/villacanthus.it\/wp-content\/uploads\/2023\/04\/Raboso-2026.png","width":338,"height":739},{"@type":"BreadcrumbList","@id":"https:\/\/villacanthus.it\/de\/shop\/die-rebsorten-des-herzens\/raboso-veneto-i-g-t-2019\/#breadcrumb","itemListElement":[{"@type":"ListItem","position":1,"name":"Home","item":"https:\/\/villacanthus.it\/de\/"},{"@type":"ListItem","position":2,"name":"Le nostre bottiglie (shop)","item":"https:\/\/villacanthus.it\/negozio\/"},{"@type":"ListItem","position":3,"name":"Raboso"}]},{"@type":"WebSite","@id":"https:\/\/villacanthus.it\/de\/#website","url":"https:\/\/villacanthus.it\/de\/","name":"Villa Canthus","description":"","publisher":{"@id":"https:\/\/villacanthus.it\/de\/#organization"},"potentialAction":[{"@type":"SearchAction","target":{"@type":"EntryPoint","urlTemplate":"https:\/\/villacanthus.it\/de\/?s={search_term_string}"},"query-input":{"@type":"PropertyValueSpecification","valueRequired":true,"valueName":"search_term_string"}}],"inLanguage":"de"},{"@type":"Organization","@id":"https:\/\/villacanthus.it\/de\/#organization","name":"Villa Canthus","url":"https:\/\/villacanthus.it\/de\/","logo":{"@type":"ImageObject","inLanguage":"de","@id":"https:\/\/villacanthus.it\/de\/#\/schema\/logo\/image\/","url":"https:\/\/villacanthus.it\/wp-content\/uploads\/2023\/03\/cropped-LOGO-villacanthus-oro-payoff.png","contentUrl":"https:\/\/villacanthus.it\/wp-content\/uploads\/2023\/03\/cropped-LOGO-villacanthus-oro-payoff.png","width":684,"height":313,"caption":"Villa Canthus"},"image":{"@id":"https:\/\/villacanthus.it\/de\/#\/schema\/logo\/image\/"}}]}},"_links":{"self":[{"href":"https:\/\/villacanthus.it\/de\/wp-json\/wp\/v2\/product\/2096","targetHints":{"allow":["GET"]}}],"collection":[{"href":"https:\/\/villacanthus.it\/de\/wp-json\/wp\/v2\/product"}],"about":[{"href":"https:\/\/villacanthus.it\/de\/wp-json\/wp\/v2\/types\/product"}],"wp:featuredmedia":[{"embeddable":true,"href":"https:\/\/villacanthus.it\/de\/wp-json\/wp\/v2\/media\/3596"}],"wp:attachment":[{"href":"https:\/\/villacanthus.it\/de\/wp-json\/wp\/v2\/media?parent=2096"}],"wp:term":[{"taxonomy":"product_brand","embeddable":true,"href":"https:\/\/villacanthus.it\/de\/wp-json\/wp\/v2\/product_brand?post=2096"},{"taxonomy":"product_cat","embeddable":true,"href":"https:\/\/villacanthus.it\/de\/wp-json\/wp\/v2\/product_cat?post=2096"},{"taxonomy":"product_tag","embeddable":true,"href":"https:\/\/villacanthus.it\/de\/wp-json\/wp\/v2\/product_tag?post=2096"}],"curies":[{"name":"wp","href":"https:\/\/api.w.org\/{rel}","templated":true}]}}