{"id":2095,"date":"2023-04-12T17:44:59","date_gmt":"2023-04-12T15:44:59","guid":{"rendered":"https:\/\/villacanthus.it\/shop\/unkategorisiert\/colantonio-veneto-i-g-t\/"},"modified":"2023-10-16T17:31:13","modified_gmt":"2023-10-16T15:31:13","slug":"colantonio-veneto-i-g-t","status":"publish","type":"product","link":"https:\/\/villacanthus.it\/de\/shop\/das-vergorene\/colantonio-veneto-i-g-t\/","title":{"rendered":"Colantonio"},"content":{"rendered":"<p>Flaschengegorener Schaumwein<\/p>\n<p>Ein Wei\u00dfwein von blass strohgelber Farbe mit gr\u00fcnlichen Reflexen<br \/>\n. In der Nase dominieren fruchtige Noten von Ananas, Zitrone und kandierten Fr\u00fcchten. Im Mund ist er knackig und schlank, mit anhaltenden L\u00fcgennoten und einem zarten Sprudeln.<\/p>\n<p>Passt gut zu Meeresfr\u00fcchte-Rohkost und insbesondere zu Austern. Probieren Sie ihn auch mit einem guten Prosciutto oder mittelaltem K\u00e4se.<\/p>\n","protected":false},"excerpt":{"rendered":"<p style=\"text-align: center;\"><img decoding=\"async\" class=\"aligncenter\" src=\"https:\/\/villacanthus.it\/wp-content\/uploads\/2023\/04\/icona-uva.png\" width=\"50\" \/>Verduzzo Trevigiano 100%<\/p>\n<p>&nbsp;<\/p>\n<p style=\"text-align: center;\"><img decoding=\"async\" class=\"aligncenter\" src=\"https:\/\/villacanthus.it\/wp-content\/uploads\/2023\/04\/calendario.png\" width=\"50\" \/>Ende September<\/p>\n<p>&nbsp;<\/p>\n<p style=\"text-align: center;\"><img decoding=\"async\" class=\"aligncenter\" src=\"https:\/\/villacanthus.it\/wp-content\/uploads\/2023\/04\/raccolata-a-mano.png\" width=\"50\" \/> Handgelesene Trauben bei voller Reife<\/p>\n<p>&nbsp;<\/p>\n<p style=\"text-align: center;\"><img decoding=\"async\" class=\"aligncenter\" src=\"https:\/\/villacanthus.it\/wp-content\/uploads\/2023\/04\/pressa.png\" width=\"50\" \/>Weiche, teilweise leichte Pressung, pellikul\u00e4re Mazeration.<\/p>\n<p>&nbsp;<\/p>\n<p style=\"text-align: center;\"><img decoding=\"async\" class=\"aligncenter\" src=\"https:\/\/villacanthus.it\/wp-content\/uploads\/2023\/04\/alambicco.png\" width=\"50\" \/>Im Stahl 6 Monate. Nachg\u00e4rung in der Flasche mit autogenem Restzucker<\/p>\n<p>&nbsp;<\/p>\n<p style=\"text-align: center;\"><img decoding=\"async\" class=\"aligncenter\" src=\"https:\/\/villacanthus.it\/wp-content\/uploads\/2023\/04\/termometro.png\" width=\"50\" \/> 8\u00b0-10\u00b0C<\/p>\n<p style=\"text-align: center;\"><img decoding=\"async\" class=\"aligncenter\" src=\"https:\/\/villacanthus.it\/wp-content\/uploads\/2023\/04\/peptide.png\" width=\"50\" \/> 12% vol<br \/>\nGesamts\u00e4uregehalt 4,60 g\/L<br \/>\nP.h. 3,40<br \/>\nNettotrockenextrakt 20 g\/L<br \/>\n\u00dcberdruck 2,7 bar<\/p>\n","protected":false},"featured_media":1505,"template":"","meta":{"_acf_changed":false},"product_brand":[],"product_cat":[63],"product_tag":[],"class_list":{"0":"post-2095","1":"product","2":"type-product","3":"status-publish","4":"has-post-thumbnail","6":"product_cat-das-vergorene","8":"first","9":"outofstock","10":"taxable","11":"shipping-taxable","12":"purchasable","13":"product-type-simple"},"acf":[],"yoast_head":"<!-- This site is optimized with the Yoast SEO plugin v27.3 - https:\/\/yoast.com\/product\/yoast-seo-wordpress\/ -->\n<title>Wei\u00dfwein aus Italien - Villa Canthus<\/title>\n<meta name=\"description\" content=\"Entdecken und kaufen Sie au\u00dfergew\u00f6hnlichen Wei\u00dfwein aus Italien bei Villa Canthus und tauchen Sie ein in die Welt der delikaten Aromen.\" \/>\n<meta name=\"robots\" content=\"index, follow, max-snippet:-1, max-image-preview:large, max-video-preview:-1\" \/>\n<link rel=\"canonical\" href=\"https:\/\/villacanthus.it\/de\/shop\/das-vergorene\/colantonio-veneto-i-g-t\/\" \/>\n<meta property=\"og:locale\" content=\"de_DE\" \/>\n<meta property=\"og:type\" content=\"article\" \/>\n<meta property=\"og:title\" content=\"Wei\u00dfwein aus Italien - Villa Canthus\" \/>\n<meta property=\"og:description\" content=\"Entdecken und kaufen Sie au\u00dfergew\u00f6hnlichen Wei\u00dfwein aus Italien bei Villa Canthus und tauchen Sie ein in die Welt der delikaten Aromen.\" \/>\n<meta property=\"og:url\" content=\"https:\/\/villacanthus.it\/de\/shop\/das-vergorene\/colantonio-veneto-i-g-t\/\" \/>\n<meta property=\"og:site_name\" content=\"Villa Canthus\" \/>\n<meta property=\"article:modified_time\" content=\"2023-10-16T15:31:13+00:00\" \/>\n<meta property=\"og:image\" content=\"https:\/\/villacanthus.it\/wp-content\/uploads\/2023\/04\/COLANTONIO-ok.png\" \/>\n\t<meta property=\"og:image:width\" content=\"339\" \/>\n\t<meta property=\"og:image:height\" content=\"740\" \/>\n\t<meta property=\"og:image:type\" content=\"image\/png\" \/>\n<meta name=\"twitter:card\" content=\"summary_large_image\" \/>\n<meta name=\"twitter:label1\" content=\"Gesch\u00e4tzte Lesezeit\" \/>\n\t<meta name=\"twitter:data1\" content=\"1\u00a0Minute\" \/>\n<script type=\"application\/ld+json\" class=\"yoast-schema-graph\">{\"@context\":\"https:\\\/\\\/schema.org\",\"@graph\":[{\"@type\":\"WebPage\",\"@id\":\"https:\\\/\\\/villacanthus.it\\\/de\\\/shop\\\/das-vergorene\\\/colantonio-veneto-i-g-t\\\/\",\"url\":\"https:\\\/\\\/villacanthus.it\\\/de\\\/shop\\\/das-vergorene\\\/colantonio-veneto-i-g-t\\\/\",\"name\":\"Wei\u00dfwein aus Italien - Villa Canthus\",\"isPartOf\":{\"@id\":\"https:\\\/\\\/villacanthus.it\\\/de\\\/#website\"},\"primaryImageOfPage\":{\"@id\":\"https:\\\/\\\/villacanthus.it\\\/de\\\/shop\\\/das-vergorene\\\/colantonio-veneto-i-g-t\\\/#primaryimage\"},\"image\":{\"@id\":\"https:\\\/\\\/villacanthus.it\\\/de\\\/shop\\\/das-vergorene\\\/colantonio-veneto-i-g-t\\\/#primaryimage\"},\"thumbnailUrl\":\"https:\\\/\\\/villacanthus.it\\\/wp-content\\\/uploads\\\/2023\\\/04\\\/COLANTONIO-ok.png\",\"datePublished\":\"2023-04-12T15:44:59+00:00\",\"dateModified\":\"2023-10-16T15:31:13+00:00\",\"description\":\"Entdecken und kaufen Sie au\u00dfergew\u00f6hnlichen Wei\u00dfwein aus Italien bei Villa Canthus und tauchen Sie ein in die Welt der delikaten Aromen.\",\"breadcrumb\":{\"@id\":\"https:\\\/\\\/villacanthus.it\\\/de\\\/shop\\\/das-vergorene\\\/colantonio-veneto-i-g-t\\\/#breadcrumb\"},\"inLanguage\":\"de\",\"potentialAction\":[{\"@type\":\"ReadAction\",\"target\":[\"https:\\\/\\\/villacanthus.it\\\/de\\\/shop\\\/das-vergorene\\\/colantonio-veneto-i-g-t\\\/\"]}]},{\"@type\":\"ImageObject\",\"inLanguage\":\"de\",\"@id\":\"https:\\\/\\\/villacanthus.it\\\/de\\\/shop\\\/das-vergorene\\\/colantonio-veneto-i-g-t\\\/#primaryimage\",\"url\":\"https:\\\/\\\/villacanthus.it\\\/wp-content\\\/uploads\\\/2023\\\/04\\\/COLANTONIO-ok.png\",\"contentUrl\":\"https:\\\/\\\/villacanthus.it\\\/wp-content\\\/uploads\\\/2023\\\/04\\\/COLANTONIO-ok.png\",\"width\":339,\"height\":740,\"caption\":\"verduzzo trevigiano\"},{\"@type\":\"BreadcrumbList\",\"@id\":\"https:\\\/\\\/villacanthus.it\\\/de\\\/shop\\\/das-vergorene\\\/colantonio-veneto-i-g-t\\\/#breadcrumb\",\"itemListElement\":[{\"@type\":\"ListItem\",\"position\":1,\"name\":\"Home\",\"item\":\"https:\\\/\\\/villacanthus.it\\\/de\\\/\"},{\"@type\":\"ListItem\",\"position\":2,\"name\":\"Le nostre bottiglie (shop)\",\"item\":\"https:\\\/\\\/villacanthus.it\\\/negozio\\\/\"},{\"@type\":\"ListItem\",\"position\":3,\"name\":\"Colantonio\"}]},{\"@type\":\"WebSite\",\"@id\":\"https:\\\/\\\/villacanthus.it\\\/de\\\/#website\",\"url\":\"https:\\\/\\\/villacanthus.it\\\/de\\\/\",\"name\":\"Villa Canthus\",\"description\":\"\",\"publisher\":{\"@id\":\"https:\\\/\\\/villacanthus.it\\\/de\\\/#organization\"},\"potentialAction\":[{\"@type\":\"SearchAction\",\"target\":{\"@type\":\"EntryPoint\",\"urlTemplate\":\"https:\\\/\\\/villacanthus.it\\\/de\\\/?s={search_term_string}\"},\"query-input\":{\"@type\":\"PropertyValueSpecification\",\"valueRequired\":true,\"valueName\":\"search_term_string\"}}],\"inLanguage\":\"de\"},{\"@type\":\"Organization\",\"@id\":\"https:\\\/\\\/villacanthus.it\\\/de\\\/#organization\",\"name\":\"Villa Canthus\",\"url\":\"https:\\\/\\\/villacanthus.it\\\/de\\\/\",\"logo\":{\"@type\":\"ImageObject\",\"inLanguage\":\"de\",\"@id\":\"https:\\\/\\\/villacanthus.it\\\/de\\\/#\\\/schema\\\/logo\\\/image\\\/\",\"url\":\"https:\\\/\\\/villacanthus.it\\\/wp-content\\\/uploads\\\/2023\\\/03\\\/cropped-LOGO-villacanthus-oro-payoff.png\",\"contentUrl\":\"https:\\\/\\\/villacanthus.it\\\/wp-content\\\/uploads\\\/2023\\\/03\\\/cropped-LOGO-villacanthus-oro-payoff.png\",\"width\":684,\"height\":313,\"caption\":\"Villa Canthus\"},\"image\":{\"@id\":\"https:\\\/\\\/villacanthus.it\\\/de\\\/#\\\/schema\\\/logo\\\/image\\\/\"}}]}<\/script>\n<!-- \/ Yoast SEO plugin. -->","yoast_head_json":{"title":"Wei\u00dfwein aus Italien - Villa Canthus","description":"Entdecken und kaufen Sie au\u00dfergew\u00f6hnlichen Wei\u00dfwein aus Italien bei Villa Canthus und tauchen Sie ein in die Welt der delikaten Aromen.","robots":{"index":"index","follow":"follow","max-snippet":"max-snippet:-1","max-image-preview":"max-image-preview:large","max-video-preview":"max-video-preview:-1"},"canonical":"https:\/\/villacanthus.it\/de\/shop\/das-vergorene\/colantonio-veneto-i-g-t\/","og_locale":"de_DE","og_type":"article","og_title":"Wei\u00dfwein aus Italien - Villa Canthus","og_description":"Entdecken und kaufen Sie au\u00dfergew\u00f6hnlichen Wei\u00dfwein aus Italien bei Villa Canthus und tauchen Sie ein in die Welt der delikaten Aromen.","og_url":"https:\/\/villacanthus.it\/de\/shop\/das-vergorene\/colantonio-veneto-i-g-t\/","og_site_name":"Villa Canthus","article_modified_time":"2023-10-16T15:31:13+00:00","og_image":[{"width":339,"height":740,"url":"https:\/\/villacanthus.it\/wp-content\/uploads\/2023\/04\/COLANTONIO-ok.png","type":"image\/png"}],"twitter_card":"summary_large_image","twitter_misc":{"Gesch\u00e4tzte Lesezeit":"1\u00a0Minute"},"schema":{"@context":"https:\/\/schema.org","@graph":[{"@type":"WebPage","@id":"https:\/\/villacanthus.it\/de\/shop\/das-vergorene\/colantonio-veneto-i-g-t\/","url":"https:\/\/villacanthus.it\/de\/shop\/das-vergorene\/colantonio-veneto-i-g-t\/","name":"Wei\u00dfwein aus Italien - Villa Canthus","isPartOf":{"@id":"https:\/\/villacanthus.it\/de\/#website"},"primaryImageOfPage":{"@id":"https:\/\/villacanthus.it\/de\/shop\/das-vergorene\/colantonio-veneto-i-g-t\/#primaryimage"},"image":{"@id":"https:\/\/villacanthus.it\/de\/shop\/das-vergorene\/colantonio-veneto-i-g-t\/#primaryimage"},"thumbnailUrl":"https:\/\/villacanthus.it\/wp-content\/uploads\/2023\/04\/COLANTONIO-ok.png","datePublished":"2023-04-12T15:44:59+00:00","dateModified":"2023-10-16T15:31:13+00:00","description":"Entdecken und kaufen Sie au\u00dfergew\u00f6hnlichen Wei\u00dfwein aus Italien bei Villa Canthus und tauchen Sie ein in die Welt der delikaten Aromen.","breadcrumb":{"@id":"https:\/\/villacanthus.it\/de\/shop\/das-vergorene\/colantonio-veneto-i-g-t\/#breadcrumb"},"inLanguage":"de","potentialAction":[{"@type":"ReadAction","target":["https:\/\/villacanthus.it\/de\/shop\/das-vergorene\/colantonio-veneto-i-g-t\/"]}]},{"@type":"ImageObject","inLanguage":"de","@id":"https:\/\/villacanthus.it\/de\/shop\/das-vergorene\/colantonio-veneto-i-g-t\/#primaryimage","url":"https:\/\/villacanthus.it\/wp-content\/uploads\/2023\/04\/COLANTONIO-ok.png","contentUrl":"https:\/\/villacanthus.it\/wp-content\/uploads\/2023\/04\/COLANTONIO-ok.png","width":339,"height":740,"caption":"verduzzo trevigiano"},{"@type":"BreadcrumbList","@id":"https:\/\/villacanthus.it\/de\/shop\/das-vergorene\/colantonio-veneto-i-g-t\/#breadcrumb","itemListElement":[{"@type":"ListItem","position":1,"name":"Home","item":"https:\/\/villacanthus.it\/de\/"},{"@type":"ListItem","position":2,"name":"Le nostre bottiglie (shop)","item":"https:\/\/villacanthus.it\/negozio\/"},{"@type":"ListItem","position":3,"name":"Colantonio"}]},{"@type":"WebSite","@id":"https:\/\/villacanthus.it\/de\/#website","url":"https:\/\/villacanthus.it\/de\/","name":"Villa Canthus","description":"","publisher":{"@id":"https:\/\/villacanthus.it\/de\/#organization"},"potentialAction":[{"@type":"SearchAction","target":{"@type":"EntryPoint","urlTemplate":"https:\/\/villacanthus.it\/de\/?s={search_term_string}"},"query-input":{"@type":"PropertyValueSpecification","valueRequired":true,"valueName":"search_term_string"}}],"inLanguage":"de"},{"@type":"Organization","@id":"https:\/\/villacanthus.it\/de\/#organization","name":"Villa Canthus","url":"https:\/\/villacanthus.it\/de\/","logo":{"@type":"ImageObject","inLanguage":"de","@id":"https:\/\/villacanthus.it\/de\/#\/schema\/logo\/image\/","url":"https:\/\/villacanthus.it\/wp-content\/uploads\/2023\/03\/cropped-LOGO-villacanthus-oro-payoff.png","contentUrl":"https:\/\/villacanthus.it\/wp-content\/uploads\/2023\/03\/cropped-LOGO-villacanthus-oro-payoff.png","width":684,"height":313,"caption":"Villa Canthus"},"image":{"@id":"https:\/\/villacanthus.it\/de\/#\/schema\/logo\/image\/"}}]}},"_links":{"self":[{"href":"https:\/\/villacanthus.it\/de\/wp-json\/wp\/v2\/product\/2095","targetHints":{"allow":["GET"]}}],"collection":[{"href":"https:\/\/villacanthus.it\/de\/wp-json\/wp\/v2\/product"}],"about":[{"href":"https:\/\/villacanthus.it\/de\/wp-json\/wp\/v2\/types\/product"}],"wp:featuredmedia":[{"embeddable":true,"href":"https:\/\/villacanthus.it\/de\/wp-json\/wp\/v2\/media\/1505"}],"wp:attachment":[{"href":"https:\/\/villacanthus.it\/de\/wp-json\/wp\/v2\/media?parent=2095"}],"wp:term":[{"taxonomy":"product_brand","embeddable":true,"href":"https:\/\/villacanthus.it\/de\/wp-json\/wp\/v2\/product_brand?post=2095"},{"taxonomy":"product_cat","embeddable":true,"href":"https:\/\/villacanthus.it\/de\/wp-json\/wp\/v2\/product_cat?post=2095"},{"taxonomy":"product_tag","embeddable":true,"href":"https:\/\/villacanthus.it\/de\/wp-json\/wp\/v2\/product_tag?post=2095"}],"curies":[{"name":"wp","href":"https:\/\/api.w.org\/{rel}","templated":true}]}}