{"id":2090,"date":"2023-05-03T17:11:17","date_gmt":"2023-05-03T15:11:17","guid":{"rendered":"https:\/\/villacanthus.it\/shop\/unkategorisiert\/manzoni-rosso-veneto-i-g-t-2021\/"},"modified":"2023-10-16T17:25:38","modified_gmt":"2023-10-16T15:25:38","slug":"manzoni-rosso-veneto-i-g-t-2021","status":"publish","type":"product","link":"https:\/\/villacanthus.it\/de\/shop\/die-rebsorten-des-herzens\/manzoni-rosso-veneto-i-g-t-2021\/","title":{"rendered":"Manzoni rosso"},"content":{"rendered":"<p>Ein origineller Wein von granatroter Farbe. In der Nase ist sein Bouquet komplex und erinnert an Unterholz, Walnussschalen und w\u00fcrzige Noten im Abgang.<br \/>\n Der Gaumen ist angenehm erf\u00fcllt von einem perfekten Gleichgewicht zwischen s\u00fc\u00dfen Tanninen und w\u00fcrzigen Aromen.<br \/>\nEr ist vielseitig einsetzbar und passt gut zu Vorspeisen aus gep\u00f6keltem Fleisch, gebratenem wei\u00dfem Fleisch, edlem Gefl\u00fcgel und gebratenen, sautierten Fischgerichten.<\/p>\n","protected":false},"excerpt":{"rendered":"<p style=\"text-align: center;\"><img decoding=\"async\" class=\"aligncenter\" src=\"https:\/\/villacanthus.it\/wp-content\/uploads\/2023\/04\/icona-uva.png\" width=\"50\" \/>Incrocio Manzoni Rosso 2.15 100%<\/p>\n<p>&nbsp;<\/p>\n<p style=\"text-align: center;\"><img decoding=\"async\" class=\"aligncenter\" src=\"https:\/\/villacanthus.it\/wp-content\/uploads\/2023\/04\/calendario.png\" width=\"50\" \/>Dritte Woche im September<\/p>\n<p>&nbsp;<\/p>\n<p style=\"text-align: center;\"><img decoding=\"async\" class=\"aligncenter\" src=\"https:\/\/villacanthus.it\/wp-content\/uploads\/2023\/04\/raccolata-a-mano.png\" width=\"50\" \/>Handgelesene Trauben bei voller Reife<\/p>\n<p>&nbsp;<\/p>\n<p style=\"text-align: center;\"><img decoding=\"async\" class=\"aligncenter\" src=\"https:\/\/villacanthus.it\/wp-content\/uploads\/2023\/04\/pressa.png\" width=\"50\" \/>Zerkleinerung und Mazeration 10\/12 Tage<\/p>\n<p>&nbsp;<\/p>\n<p style=\"text-align: center;\"><img decoding=\"async\" class=\"aligncenter\" src=\"https:\/\/villacanthus.it\/wp-content\/uploads\/2023\/04\/barile.png\" width=\"50\" data-wp-editing=\"1\" \/>6 Monate in Zement auf edlem Bodensatz, 12 Monate in Tonneau<\/p>\n<p>&nbsp;<\/p>\n<p style=\"text-align: center;\"><img decoding=\"async\" class=\"aligncenter\" src=\"https:\/\/villacanthus.it\/wp-content\/uploads\/2023\/04\/termometro.png\" width=\"50\" \/>18\u00b0-20\u00b0C<\/p>\n<p>&nbsp;<\/p>\n<p style=\"text-align: center;\"><img decoding=\"async\" class=\"aligncenter\" src=\"https:\/\/villacanthus.it\/wp-content\/uploads\/2023\/04\/peptide.png\" width=\"50\" \/>13% vol<br \/>\nGesamts\u00e4uregehalt 5,20 g\/L<br \/>\nP.h. 3,54<br \/>\nNettotrockenextrakt 29 g\/L<\/p>\n","protected":false},"featured_media":1607,"template":"","meta":{"_acf_changed":false},"product_brand":[],"product_cat":[62],"product_tag":[],"class_list":{"0":"post-2090","1":"product","2":"type-product","3":"status-publish","4":"has-post-thumbnail","6":"product_cat-die-rebsorten-des-herzens","8":"first","9":"instock","10":"taxable","11":"shipping-taxable","12":"purchasable","13":"product-type-simple"},"acf":[],"yoast_head":"<!-- This site is optimized with the Yoast SEO plugin v27.3 - https:\/\/yoast.com\/product\/yoast-seo-wordpress\/ -->\n<title>Manzoni-Wein Italien - Villa Canthus<\/title>\n<meta name=\"description\" content=\"Erleben Sie die Intensit\u00e4t von Manzoni-Rotwein aus Italien bei Villa Canthus, ein Fest f\u00fcr Ihre Sinne.\" \/>\n<meta name=\"robots\" content=\"index, follow, max-snippet:-1, max-image-preview:large, max-video-preview:-1\" \/>\n<link rel=\"canonical\" href=\"https:\/\/villacanthus.it\/de\/shop\/die-rebsorten-des-herzens\/manzoni-rosso-veneto-i-g-t-2021\/\" \/>\n<meta property=\"og:locale\" content=\"de_DE\" \/>\n<meta property=\"og:type\" content=\"article\" \/>\n<meta property=\"og:title\" content=\"Manzoni-Wein Italien - Villa Canthus\" \/>\n<meta property=\"og:description\" content=\"Erleben Sie die Intensit\u00e4t von Manzoni-Rotwein aus Italien bei Villa Canthus, ein Fest f\u00fcr Ihre Sinne.\" \/>\n<meta property=\"og:url\" content=\"https:\/\/villacanthus.it\/de\/shop\/die-rebsorten-des-herzens\/manzoni-rosso-veneto-i-g-t-2021\/\" \/>\n<meta property=\"og:site_name\" content=\"Villa Canthus\" \/>\n<meta property=\"article:modified_time\" content=\"2023-10-16T15:25:38+00:00\" \/>\n<meta property=\"og:image\" content=\"https:\/\/villacanthus.it\/wp-content\/uploads\/2023\/05\/MANZONI-ROSSO.png\" \/>\n\t<meta property=\"og:image:width\" content=\"338\" \/>\n\t<meta property=\"og:image:height\" content=\"739\" \/>\n\t<meta property=\"og:image:type\" content=\"image\/png\" \/>\n<meta name=\"twitter:card\" content=\"summary_large_image\" \/>\n<meta name=\"twitter:label1\" content=\"Gesch\u00e4tzte Lesezeit\" \/>\n\t<meta name=\"twitter:data1\" content=\"1\u00a0Minute\" \/>\n<script type=\"application\/ld+json\" class=\"yoast-schema-graph\">{\"@context\":\"https:\\\/\\\/schema.org\",\"@graph\":[{\"@type\":\"WebPage\",\"@id\":\"https:\\\/\\\/villacanthus.it\\\/de\\\/shop\\\/die-rebsorten-des-herzens\\\/manzoni-rosso-veneto-i-g-t-2021\\\/\",\"url\":\"https:\\\/\\\/villacanthus.it\\\/de\\\/shop\\\/die-rebsorten-des-herzens\\\/manzoni-rosso-veneto-i-g-t-2021\\\/\",\"name\":\"Manzoni-Wein Italien - Villa Canthus\",\"isPartOf\":{\"@id\":\"https:\\\/\\\/villacanthus.it\\\/de\\\/#website\"},\"primaryImageOfPage\":{\"@id\":\"https:\\\/\\\/villacanthus.it\\\/de\\\/shop\\\/die-rebsorten-des-herzens\\\/manzoni-rosso-veneto-i-g-t-2021\\\/#primaryimage\"},\"image\":{\"@id\":\"https:\\\/\\\/villacanthus.it\\\/de\\\/shop\\\/die-rebsorten-des-herzens\\\/manzoni-rosso-veneto-i-g-t-2021\\\/#primaryimage\"},\"thumbnailUrl\":\"https:\\\/\\\/villacanthus.it\\\/wp-content\\\/uploads\\\/2023\\\/05\\\/MANZONI-ROSSO.png\",\"datePublished\":\"2023-05-03T15:11:17+00:00\",\"dateModified\":\"2023-10-16T15:25:38+00:00\",\"description\":\"Erleben Sie die Intensit\u00e4t von Manzoni-Rotwein aus Italien bei Villa Canthus, ein Fest f\u00fcr Ihre Sinne.\",\"breadcrumb\":{\"@id\":\"https:\\\/\\\/villacanthus.it\\\/de\\\/shop\\\/die-rebsorten-des-herzens\\\/manzoni-rosso-veneto-i-g-t-2021\\\/#breadcrumb\"},\"inLanguage\":\"de\",\"potentialAction\":[{\"@type\":\"ReadAction\",\"target\":[\"https:\\\/\\\/villacanthus.it\\\/de\\\/shop\\\/die-rebsorten-des-herzens\\\/manzoni-rosso-veneto-i-g-t-2021\\\/\"]}]},{\"@type\":\"ImageObject\",\"inLanguage\":\"de\",\"@id\":\"https:\\\/\\\/villacanthus.it\\\/de\\\/shop\\\/die-rebsorten-des-herzens\\\/manzoni-rosso-veneto-i-g-t-2021\\\/#primaryimage\",\"url\":\"https:\\\/\\\/villacanthus.it\\\/wp-content\\\/uploads\\\/2023\\\/05\\\/MANZONI-ROSSO.png\",\"contentUrl\":\"https:\\\/\\\/villacanthus.it\\\/wp-content\\\/uploads\\\/2023\\\/05\\\/MANZONI-ROSSO.png\",\"width\":338,\"height\":739},{\"@type\":\"BreadcrumbList\",\"@id\":\"https:\\\/\\\/villacanthus.it\\\/de\\\/shop\\\/die-rebsorten-des-herzens\\\/manzoni-rosso-veneto-i-g-t-2021\\\/#breadcrumb\",\"itemListElement\":[{\"@type\":\"ListItem\",\"position\":1,\"name\":\"Home\",\"item\":\"https:\\\/\\\/villacanthus.it\\\/de\\\/\"},{\"@type\":\"ListItem\",\"position\":2,\"name\":\"Le nostre bottiglie (shop)\",\"item\":\"https:\\\/\\\/villacanthus.it\\\/negozio\\\/\"},{\"@type\":\"ListItem\",\"position\":3,\"name\":\"Manzoni rosso\"}]},{\"@type\":\"WebSite\",\"@id\":\"https:\\\/\\\/villacanthus.it\\\/de\\\/#website\",\"url\":\"https:\\\/\\\/villacanthus.it\\\/de\\\/\",\"name\":\"Villa Canthus\",\"description\":\"\",\"publisher\":{\"@id\":\"https:\\\/\\\/villacanthus.it\\\/de\\\/#organization\"},\"potentialAction\":[{\"@type\":\"SearchAction\",\"target\":{\"@type\":\"EntryPoint\",\"urlTemplate\":\"https:\\\/\\\/villacanthus.it\\\/de\\\/?s={search_term_string}\"},\"query-input\":{\"@type\":\"PropertyValueSpecification\",\"valueRequired\":true,\"valueName\":\"search_term_string\"}}],\"inLanguage\":\"de\"},{\"@type\":\"Organization\",\"@id\":\"https:\\\/\\\/villacanthus.it\\\/de\\\/#organization\",\"name\":\"Villa Canthus\",\"url\":\"https:\\\/\\\/villacanthus.it\\\/de\\\/\",\"logo\":{\"@type\":\"ImageObject\",\"inLanguage\":\"de\",\"@id\":\"https:\\\/\\\/villacanthus.it\\\/de\\\/#\\\/schema\\\/logo\\\/image\\\/\",\"url\":\"https:\\\/\\\/villacanthus.it\\\/wp-content\\\/uploads\\\/2023\\\/03\\\/cropped-LOGO-villacanthus-oro-payoff.png\",\"contentUrl\":\"https:\\\/\\\/villacanthus.it\\\/wp-content\\\/uploads\\\/2023\\\/03\\\/cropped-LOGO-villacanthus-oro-payoff.png\",\"width\":684,\"height\":313,\"caption\":\"Villa Canthus\"},\"image\":{\"@id\":\"https:\\\/\\\/villacanthus.it\\\/de\\\/#\\\/schema\\\/logo\\\/image\\\/\"}}]}<\/script>\n<!-- \/ Yoast SEO plugin. -->","yoast_head_json":{"title":"Manzoni-Wein Italien - Villa Canthus","description":"Erleben Sie die Intensit\u00e4t von Manzoni-Rotwein aus Italien bei Villa Canthus, ein Fest f\u00fcr Ihre Sinne.","robots":{"index":"index","follow":"follow","max-snippet":"max-snippet:-1","max-image-preview":"max-image-preview:large","max-video-preview":"max-video-preview:-1"},"canonical":"https:\/\/villacanthus.it\/de\/shop\/die-rebsorten-des-herzens\/manzoni-rosso-veneto-i-g-t-2021\/","og_locale":"de_DE","og_type":"article","og_title":"Manzoni-Wein Italien - Villa Canthus","og_description":"Erleben Sie die Intensit\u00e4t von Manzoni-Rotwein aus Italien bei Villa Canthus, ein Fest f\u00fcr Ihre Sinne.","og_url":"https:\/\/villacanthus.it\/de\/shop\/die-rebsorten-des-herzens\/manzoni-rosso-veneto-i-g-t-2021\/","og_site_name":"Villa Canthus","article_modified_time":"2023-10-16T15:25:38+00:00","og_image":[{"width":338,"height":739,"url":"https:\/\/villacanthus.it\/wp-content\/uploads\/2023\/05\/MANZONI-ROSSO.png","type":"image\/png"}],"twitter_card":"summary_large_image","twitter_misc":{"Gesch\u00e4tzte Lesezeit":"1\u00a0Minute"},"schema":{"@context":"https:\/\/schema.org","@graph":[{"@type":"WebPage","@id":"https:\/\/villacanthus.it\/de\/shop\/die-rebsorten-des-herzens\/manzoni-rosso-veneto-i-g-t-2021\/","url":"https:\/\/villacanthus.it\/de\/shop\/die-rebsorten-des-herzens\/manzoni-rosso-veneto-i-g-t-2021\/","name":"Manzoni-Wein Italien - Villa Canthus","isPartOf":{"@id":"https:\/\/villacanthus.it\/de\/#website"},"primaryImageOfPage":{"@id":"https:\/\/villacanthus.it\/de\/shop\/die-rebsorten-des-herzens\/manzoni-rosso-veneto-i-g-t-2021\/#primaryimage"},"image":{"@id":"https:\/\/villacanthus.it\/de\/shop\/die-rebsorten-des-herzens\/manzoni-rosso-veneto-i-g-t-2021\/#primaryimage"},"thumbnailUrl":"https:\/\/villacanthus.it\/wp-content\/uploads\/2023\/05\/MANZONI-ROSSO.png","datePublished":"2023-05-03T15:11:17+00:00","dateModified":"2023-10-16T15:25:38+00:00","description":"Erleben Sie die Intensit\u00e4t von Manzoni-Rotwein aus Italien bei Villa Canthus, ein Fest f\u00fcr Ihre Sinne.","breadcrumb":{"@id":"https:\/\/villacanthus.it\/de\/shop\/die-rebsorten-des-herzens\/manzoni-rosso-veneto-i-g-t-2021\/#breadcrumb"},"inLanguage":"de","potentialAction":[{"@type":"ReadAction","target":["https:\/\/villacanthus.it\/de\/shop\/die-rebsorten-des-herzens\/manzoni-rosso-veneto-i-g-t-2021\/"]}]},{"@type":"ImageObject","inLanguage":"de","@id":"https:\/\/villacanthus.it\/de\/shop\/die-rebsorten-des-herzens\/manzoni-rosso-veneto-i-g-t-2021\/#primaryimage","url":"https:\/\/villacanthus.it\/wp-content\/uploads\/2023\/05\/MANZONI-ROSSO.png","contentUrl":"https:\/\/villacanthus.it\/wp-content\/uploads\/2023\/05\/MANZONI-ROSSO.png","width":338,"height":739},{"@type":"BreadcrumbList","@id":"https:\/\/villacanthus.it\/de\/shop\/die-rebsorten-des-herzens\/manzoni-rosso-veneto-i-g-t-2021\/#breadcrumb","itemListElement":[{"@type":"ListItem","position":1,"name":"Home","item":"https:\/\/villacanthus.it\/de\/"},{"@type":"ListItem","position":2,"name":"Le nostre bottiglie (shop)","item":"https:\/\/villacanthus.it\/negozio\/"},{"@type":"ListItem","position":3,"name":"Manzoni rosso"}]},{"@type":"WebSite","@id":"https:\/\/villacanthus.it\/de\/#website","url":"https:\/\/villacanthus.it\/de\/","name":"Villa Canthus","description":"","publisher":{"@id":"https:\/\/villacanthus.it\/de\/#organization"},"potentialAction":[{"@type":"SearchAction","target":{"@type":"EntryPoint","urlTemplate":"https:\/\/villacanthus.it\/de\/?s={search_term_string}"},"query-input":{"@type":"PropertyValueSpecification","valueRequired":true,"valueName":"search_term_string"}}],"inLanguage":"de"},{"@type":"Organization","@id":"https:\/\/villacanthus.it\/de\/#organization","name":"Villa Canthus","url":"https:\/\/villacanthus.it\/de\/","logo":{"@type":"ImageObject","inLanguage":"de","@id":"https:\/\/villacanthus.it\/de\/#\/schema\/logo\/image\/","url":"https:\/\/villacanthus.it\/wp-content\/uploads\/2023\/03\/cropped-LOGO-villacanthus-oro-payoff.png","contentUrl":"https:\/\/villacanthus.it\/wp-content\/uploads\/2023\/03\/cropped-LOGO-villacanthus-oro-payoff.png","width":684,"height":313,"caption":"Villa Canthus"},"image":{"@id":"https:\/\/villacanthus.it\/de\/#\/schema\/logo\/image\/"}}]}},"_links":{"self":[{"href":"https:\/\/villacanthus.it\/de\/wp-json\/wp\/v2\/product\/2090","targetHints":{"allow":["GET"]}}],"collection":[{"href":"https:\/\/villacanthus.it\/de\/wp-json\/wp\/v2\/product"}],"about":[{"href":"https:\/\/villacanthus.it\/de\/wp-json\/wp\/v2\/types\/product"}],"wp:featuredmedia":[{"embeddable":true,"href":"https:\/\/villacanthus.it\/de\/wp-json\/wp\/v2\/media\/1607"}],"wp:attachment":[{"href":"https:\/\/villacanthus.it\/de\/wp-json\/wp\/v2\/media?parent=2090"}],"wp:term":[{"taxonomy":"product_brand","embeddable":true,"href":"https:\/\/villacanthus.it\/de\/wp-json\/wp\/v2\/product_brand?post=2090"},{"taxonomy":"product_cat","embeddable":true,"href":"https:\/\/villacanthus.it\/de\/wp-json\/wp\/v2\/product_cat?post=2090"},{"taxonomy":"product_tag","embeddable":true,"href":"https:\/\/villacanthus.it\/de\/wp-json\/wp\/v2\/product_tag?post=2090"}],"curies":[{"name":"wp","href":"https:\/\/api.w.org\/{rel}","templated":true}]}}