{"id":2089,"date":"2023-05-18T12:51:12","date_gmt":"2023-05-18T10:51:12","guid":{"rendered":"https:\/\/villacanthus.it\/shop\/unkategorisiert\/pinot-grigio-ramato-2021\/"},"modified":"2023-10-16T17:33:49","modified_gmt":"2023-10-16T15:33:49","slug":"pinot-grigio-ramato-2021","status":"publish","type":"product","link":"https:\/\/villacanthus.it\/de\/shop\/international-aber-lokal\/pinot-grigio-ramato-2021\/","title":{"rendered":"Pinot Grigio ramato 2021"},"content":{"rendered":"<p>Aus dieser Rebsorte franz\u00f6sischer Herkunft (die aus einer Edelsteinmutation des Pinot Noir hervorgegangen ist und alle Eigenschaften au\u00dfer der Farbe beibeh\u00e4lt) haben wir einen edlen Wein mit gro\u00dfem Alkoholgehalt und charakteristischer kupferfarbener Farbe gewonnen. Das Bouquet ist elegant, mit blumigen Noten von Wei\u00dfdorn und Akazie. Beim Trinken \u00fcberwiegen die retronasalen Aromen von Mandel und Haselnuss; w\u00fcrzig, warm und mit guter aromatischer Persistenz.<\/p>\n<p>Passt gut zu: Wir empfehlen ihn zu schmackhaften Fischgerichten wie sautierten Miesmuscheln und Venusmuscheln in roter So\u00dfe, ged\u00fcnstetem Kabeljau, Spaghetti alla busera&#8220; und gebackenen und gegrillten Fischgerichten.<\/p>\n","protected":false},"excerpt":{"rendered":"<p style=\"text-align: center;\"><img decoding=\"async\" class=\"aligncenter\" src=\"https:\/\/villacanthus.it\/wp-content\/uploads\/2023\/04\/icona-uva.png\" width=\"50\" \/>Pinot Grigio 100%<\/p>\n<p>&nbsp;<\/p>\n<p style=\"text-align: center;\"><img decoding=\"async\" class=\"aligncenter\" src=\"https:\/\/villacanthus.it\/wp-content\/uploads\/2023\/04\/calendario.png\" width=\"50\" \/>Ende August<\/p>\n<p>&nbsp;<\/p>\n<p style=\"text-align: center;\"><img decoding=\"async\" class=\"aligncenter\" src=\"https:\/\/villacanthus.it\/wp-content\/uploads\/2023\/04\/raccolata-a-mano.png\" width=\"50\" \/>Die Trauben werden von Hand in Kisten mit kontrollierter Reifung geerntet.<br \/>\nWelkezeit 20 Tage<\/p>\n<p>&nbsp;<\/p>\n<p style=\"text-align: center;\"><img decoding=\"async\" class=\"aligncenter\" src=\"https:\/\/villacanthus.it\/wp-content\/uploads\/2023\/04\/pressa.png\" width=\"50\" \/>Pressung mit Schalen-Kryomazeration (6\/8 Stunden),<br \/>\nsanfte Pressung, temperaturkontrollierte G\u00e4rung 17\/18\u00b0C<br \/>\nohne Sulfitzusatz<\/p>\n<p>&nbsp;<\/p>\n<p style=\"text-align: center;\"><img decoding=\"async\" class=\"aligncenter\" src=\"https:\/\/villacanthus.it\/wp-content\/uploads\/2023\/04\/barile.png\" width=\"50\" data-wp-editing=\"1\" \/>In Stahl auf edlem Bodensatz f\u00fcr 7 Monate<\/p>\n<p>&nbsp;<\/p>\n<p style=\"text-align: center;\"><img decoding=\"async\" class=\"aligncenter\" src=\"https:\/\/villacanthus.it\/wp-content\/uploads\/2023\/04\/termometro.png\" width=\"50\" \/>12\u00b0-14\u00b0C<\/p>\n<p>&nbsp;<\/p>\n<p style=\"text-align: center;\"><img decoding=\"async\" class=\"aligncenter\" src=\"https:\/\/villacanthus.it\/wp-content\/uploads\/2023\/04\/peptide.png\" width=\"50\" \/>14% vol<br \/>\nGesamts\u00e4uregehalt 5,20 g\/L<br \/>\nP.h. 3,30<br \/>\nNettotrockenextrakt: 21 g\/L<\/p>\n","protected":false},"featured_media":1451,"template":"","meta":{"_acf_changed":false},"product_brand":[],"product_cat":[61],"product_tag":[],"class_list":{"0":"post-2089","1":"product","2":"type-product","3":"status-publish","4":"has-post-thumbnail","6":"product_cat-international-aber-lokal","8":"first","9":"instock","10":"taxable","11":"shipping-taxable","12":"purchasable","13":"product-type-simple"},"acf":[],"yoast_head":"<!-- This site is optimized with the Yoast SEO plugin v27.3 - https:\/\/yoast.com\/product\/yoast-seo-wordpress\/ -->\n<title>Italienischer Pinot Grigio Wein - Villa Canthus<\/title>\n<meta name=\"description\" content=\"Tauchen Sie ein in die Welt des besten italienischen Pinot Grigio-Weins bei Villa Canthus, ein Genuss f\u00fcr Ihre Sinne.\" \/>\n<meta name=\"robots\" content=\"index, follow, max-snippet:-1, max-image-preview:large, max-video-preview:-1\" \/>\n<link rel=\"canonical\" href=\"https:\/\/villacanthus.it\/de\/shop\/international-aber-lokal\/pinot-grigio-ramato-2021\/\" \/>\n<meta property=\"og:locale\" content=\"de_DE\" \/>\n<meta property=\"og:type\" content=\"article\" \/>\n<meta property=\"og:title\" content=\"Italienischer Pinot Grigio Wein - Villa Canthus\" \/>\n<meta property=\"og:description\" content=\"Tauchen Sie ein in die Welt des besten italienischen Pinot Grigio-Weins bei Villa Canthus, ein Genuss f\u00fcr Ihre Sinne.\" \/>\n<meta property=\"og:url\" content=\"https:\/\/villacanthus.it\/de\/shop\/international-aber-lokal\/pinot-grigio-ramato-2021\/\" \/>\n<meta property=\"og:site_name\" content=\"Villa Canthus\" \/>\n<meta property=\"article:modified_time\" content=\"2023-10-16T15:33:49+00:00\" \/>\n<meta property=\"og:image\" content=\"https:\/\/villacanthus.it\/wp-content\/uploads\/2023\/03\/Pinot-Grigio-Ramato-removebg.png\" \/>\n\t<meta property=\"og:image:width\" content=\"338\" \/>\n\t<meta property=\"og:image:height\" content=\"739\" \/>\n\t<meta property=\"og:image:type\" content=\"image\/png\" \/>\n<meta name=\"twitter:card\" content=\"summary_large_image\" \/>\n<meta name=\"twitter:label1\" content=\"Gesch\u00e4tzte Lesezeit\" \/>\n\t<meta name=\"twitter:data1\" content=\"1\u00a0Minute\" \/>\n<script type=\"application\/ld+json\" class=\"yoast-schema-graph\">{\"@context\":\"https:\\\/\\\/schema.org\",\"@graph\":[{\"@type\":\"WebPage\",\"@id\":\"https:\\\/\\\/villacanthus.it\\\/de\\\/shop\\\/international-aber-lokal\\\/pinot-grigio-ramato-2021\\\/\",\"url\":\"https:\\\/\\\/villacanthus.it\\\/de\\\/shop\\\/international-aber-lokal\\\/pinot-grigio-ramato-2021\\\/\",\"name\":\"Italienischer Pinot Grigio Wein - Villa Canthus\",\"isPartOf\":{\"@id\":\"https:\\\/\\\/villacanthus.it\\\/de\\\/#website\"},\"primaryImageOfPage\":{\"@id\":\"https:\\\/\\\/villacanthus.it\\\/de\\\/shop\\\/international-aber-lokal\\\/pinot-grigio-ramato-2021\\\/#primaryimage\"},\"image\":{\"@id\":\"https:\\\/\\\/villacanthus.it\\\/de\\\/shop\\\/international-aber-lokal\\\/pinot-grigio-ramato-2021\\\/#primaryimage\"},\"thumbnailUrl\":\"https:\\\/\\\/villacanthus.it\\\/wp-content\\\/uploads\\\/2023\\\/03\\\/Pinot-Grigio-Ramato-removebg.png\",\"datePublished\":\"2023-05-18T10:51:12+00:00\",\"dateModified\":\"2023-10-16T15:33:49+00:00\",\"description\":\"Tauchen Sie ein in die Welt des besten italienischen Pinot Grigio-Weins bei Villa Canthus, ein Genuss f\u00fcr Ihre Sinne.\",\"breadcrumb\":{\"@id\":\"https:\\\/\\\/villacanthus.it\\\/de\\\/shop\\\/international-aber-lokal\\\/pinot-grigio-ramato-2021\\\/#breadcrumb\"},\"inLanguage\":\"de\",\"potentialAction\":[{\"@type\":\"ReadAction\",\"target\":[\"https:\\\/\\\/villacanthus.it\\\/de\\\/shop\\\/international-aber-lokal\\\/pinot-grigio-ramato-2021\\\/\"]}]},{\"@type\":\"ImageObject\",\"inLanguage\":\"de\",\"@id\":\"https:\\\/\\\/villacanthus.it\\\/de\\\/shop\\\/international-aber-lokal\\\/pinot-grigio-ramato-2021\\\/#primaryimage\",\"url\":\"https:\\\/\\\/villacanthus.it\\\/wp-content\\\/uploads\\\/2023\\\/03\\\/Pinot-Grigio-Ramato-removebg.png\",\"contentUrl\":\"https:\\\/\\\/villacanthus.it\\\/wp-content\\\/uploads\\\/2023\\\/03\\\/Pinot-Grigio-Ramato-removebg.png\",\"width\":338,\"height\":739,\"caption\":\"vino pinot grigio ramato\"},{\"@type\":\"BreadcrumbList\",\"@id\":\"https:\\\/\\\/villacanthus.it\\\/de\\\/shop\\\/international-aber-lokal\\\/pinot-grigio-ramato-2021\\\/#breadcrumb\",\"itemListElement\":[{\"@type\":\"ListItem\",\"position\":1,\"name\":\"Home\",\"item\":\"https:\\\/\\\/villacanthus.it\\\/de\\\/\"},{\"@type\":\"ListItem\",\"position\":2,\"name\":\"Le nostre bottiglie (shop)\",\"item\":\"https:\\\/\\\/villacanthus.it\\\/negozio\\\/\"},{\"@type\":\"ListItem\",\"position\":3,\"name\":\"Pinot Grigio ramato 2021\"}]},{\"@type\":\"WebSite\",\"@id\":\"https:\\\/\\\/villacanthus.it\\\/de\\\/#website\",\"url\":\"https:\\\/\\\/villacanthus.it\\\/de\\\/\",\"name\":\"Villa Canthus\",\"description\":\"\",\"publisher\":{\"@id\":\"https:\\\/\\\/villacanthus.it\\\/de\\\/#organization\"},\"potentialAction\":[{\"@type\":\"SearchAction\",\"target\":{\"@type\":\"EntryPoint\",\"urlTemplate\":\"https:\\\/\\\/villacanthus.it\\\/de\\\/?s={search_term_string}\"},\"query-input\":{\"@type\":\"PropertyValueSpecification\",\"valueRequired\":true,\"valueName\":\"search_term_string\"}}],\"inLanguage\":\"de\"},{\"@type\":\"Organization\",\"@id\":\"https:\\\/\\\/villacanthus.it\\\/de\\\/#organization\",\"name\":\"Villa Canthus\",\"url\":\"https:\\\/\\\/villacanthus.it\\\/de\\\/\",\"logo\":{\"@type\":\"ImageObject\",\"inLanguage\":\"de\",\"@id\":\"https:\\\/\\\/villacanthus.it\\\/de\\\/#\\\/schema\\\/logo\\\/image\\\/\",\"url\":\"https:\\\/\\\/villacanthus.it\\\/wp-content\\\/uploads\\\/2023\\\/03\\\/cropped-LOGO-villacanthus-oro-payoff.png\",\"contentUrl\":\"https:\\\/\\\/villacanthus.it\\\/wp-content\\\/uploads\\\/2023\\\/03\\\/cropped-LOGO-villacanthus-oro-payoff.png\",\"width\":684,\"height\":313,\"caption\":\"Villa Canthus\"},\"image\":{\"@id\":\"https:\\\/\\\/villacanthus.it\\\/de\\\/#\\\/schema\\\/logo\\\/image\\\/\"}}]}<\/script>\n<!-- \/ Yoast SEO plugin. -->","yoast_head_json":{"title":"Italienischer Pinot Grigio Wein - Villa Canthus","description":"Tauchen Sie ein in die Welt des besten italienischen Pinot Grigio-Weins bei Villa Canthus, ein Genuss f\u00fcr Ihre Sinne.","robots":{"index":"index","follow":"follow","max-snippet":"max-snippet:-1","max-image-preview":"max-image-preview:large","max-video-preview":"max-video-preview:-1"},"canonical":"https:\/\/villacanthus.it\/de\/shop\/international-aber-lokal\/pinot-grigio-ramato-2021\/","og_locale":"de_DE","og_type":"article","og_title":"Italienischer Pinot Grigio Wein - Villa Canthus","og_description":"Tauchen Sie ein in die Welt des besten italienischen Pinot Grigio-Weins bei Villa Canthus, ein Genuss f\u00fcr Ihre Sinne.","og_url":"https:\/\/villacanthus.it\/de\/shop\/international-aber-lokal\/pinot-grigio-ramato-2021\/","og_site_name":"Villa Canthus","article_modified_time":"2023-10-16T15:33:49+00:00","og_image":[{"width":338,"height":739,"url":"https:\/\/villacanthus.it\/wp-content\/uploads\/2023\/03\/Pinot-Grigio-Ramato-removebg.png","type":"image\/png"}],"twitter_card":"summary_large_image","twitter_misc":{"Gesch\u00e4tzte Lesezeit":"1\u00a0Minute"},"schema":{"@context":"https:\/\/schema.org","@graph":[{"@type":"WebPage","@id":"https:\/\/villacanthus.it\/de\/shop\/international-aber-lokal\/pinot-grigio-ramato-2021\/","url":"https:\/\/villacanthus.it\/de\/shop\/international-aber-lokal\/pinot-grigio-ramato-2021\/","name":"Italienischer Pinot Grigio Wein - Villa Canthus","isPartOf":{"@id":"https:\/\/villacanthus.it\/de\/#website"},"primaryImageOfPage":{"@id":"https:\/\/villacanthus.it\/de\/shop\/international-aber-lokal\/pinot-grigio-ramato-2021\/#primaryimage"},"image":{"@id":"https:\/\/villacanthus.it\/de\/shop\/international-aber-lokal\/pinot-grigio-ramato-2021\/#primaryimage"},"thumbnailUrl":"https:\/\/villacanthus.it\/wp-content\/uploads\/2023\/03\/Pinot-Grigio-Ramato-removebg.png","datePublished":"2023-05-18T10:51:12+00:00","dateModified":"2023-10-16T15:33:49+00:00","description":"Tauchen Sie ein in die Welt des besten italienischen Pinot Grigio-Weins bei Villa Canthus, ein Genuss f\u00fcr Ihre Sinne.","breadcrumb":{"@id":"https:\/\/villacanthus.it\/de\/shop\/international-aber-lokal\/pinot-grigio-ramato-2021\/#breadcrumb"},"inLanguage":"de","potentialAction":[{"@type":"ReadAction","target":["https:\/\/villacanthus.it\/de\/shop\/international-aber-lokal\/pinot-grigio-ramato-2021\/"]}]},{"@type":"ImageObject","inLanguage":"de","@id":"https:\/\/villacanthus.it\/de\/shop\/international-aber-lokal\/pinot-grigio-ramato-2021\/#primaryimage","url":"https:\/\/villacanthus.it\/wp-content\/uploads\/2023\/03\/Pinot-Grigio-Ramato-removebg.png","contentUrl":"https:\/\/villacanthus.it\/wp-content\/uploads\/2023\/03\/Pinot-Grigio-Ramato-removebg.png","width":338,"height":739,"caption":"vino pinot grigio ramato"},{"@type":"BreadcrumbList","@id":"https:\/\/villacanthus.it\/de\/shop\/international-aber-lokal\/pinot-grigio-ramato-2021\/#breadcrumb","itemListElement":[{"@type":"ListItem","position":1,"name":"Home","item":"https:\/\/villacanthus.it\/de\/"},{"@type":"ListItem","position":2,"name":"Le nostre bottiglie (shop)","item":"https:\/\/villacanthus.it\/negozio\/"},{"@type":"ListItem","position":3,"name":"Pinot Grigio ramato 2021"}]},{"@type":"WebSite","@id":"https:\/\/villacanthus.it\/de\/#website","url":"https:\/\/villacanthus.it\/de\/","name":"Villa Canthus","description":"","publisher":{"@id":"https:\/\/villacanthus.it\/de\/#organization"},"potentialAction":[{"@type":"SearchAction","target":{"@type":"EntryPoint","urlTemplate":"https:\/\/villacanthus.it\/de\/?s={search_term_string}"},"query-input":{"@type":"PropertyValueSpecification","valueRequired":true,"valueName":"search_term_string"}}],"inLanguage":"de"},{"@type":"Organization","@id":"https:\/\/villacanthus.it\/de\/#organization","name":"Villa Canthus","url":"https:\/\/villacanthus.it\/de\/","logo":{"@type":"ImageObject","inLanguage":"de","@id":"https:\/\/villacanthus.it\/de\/#\/schema\/logo\/image\/","url":"https:\/\/villacanthus.it\/wp-content\/uploads\/2023\/03\/cropped-LOGO-villacanthus-oro-payoff.png","contentUrl":"https:\/\/villacanthus.it\/wp-content\/uploads\/2023\/03\/cropped-LOGO-villacanthus-oro-payoff.png","width":684,"height":313,"caption":"Villa Canthus"},"image":{"@id":"https:\/\/villacanthus.it\/de\/#\/schema\/logo\/image\/"}}]}},"_links":{"self":[{"href":"https:\/\/villacanthus.it\/de\/wp-json\/wp\/v2\/product\/2089","targetHints":{"allow":["GET"]}}],"collection":[{"href":"https:\/\/villacanthus.it\/de\/wp-json\/wp\/v2\/product"}],"about":[{"href":"https:\/\/villacanthus.it\/de\/wp-json\/wp\/v2\/types\/product"}],"wp:featuredmedia":[{"embeddable":true,"href":"https:\/\/villacanthus.it\/de\/wp-json\/wp\/v2\/media\/1451"}],"wp:attachment":[{"href":"https:\/\/villacanthus.it\/de\/wp-json\/wp\/v2\/media?parent=2089"}],"wp:term":[{"taxonomy":"product_brand","embeddable":true,"href":"https:\/\/villacanthus.it\/de\/wp-json\/wp\/v2\/product_brand?post=2089"},{"taxonomy":"product_cat","embeddable":true,"href":"https:\/\/villacanthus.it\/de\/wp-json\/wp\/v2\/product_cat?post=2089"},{"taxonomy":"product_tag","embeddable":true,"href":"https:\/\/villacanthus.it\/de\/wp-json\/wp\/v2\/product_tag?post=2089"}],"curies":[{"name":"wp","href":"https:\/\/api.w.org\/{rel}","templated":true}]}}