{"id":2077,"date":"2023-08-31T15:05:27","date_gmt":"2023-08-31T13:05:27","guid":{"rendered":"https:\/\/villacanthus.it\/shop\/unkategorisiert\/degustazione-leo\/"},"modified":"2023-09-26T14:36:37","modified_gmt":"2023-09-26T12:36:37","slug":"degustazione-leo","status":"publish","type":"product","link":"https:\/\/villacanthus.it\/de\/shop\/tasting-de\/degustazione-leo\/","title":{"rendered":"Degustazione Leo"},"content":{"rendered":"<p>Bei der Verkostung, die durch den Namen unseres Gr\u00fcnders inspiriert ist, k\u00f6nnen Sie die repr\u00e4sentativste Auswahl unserer Weine genie\u00dfen.<\/p>\n<p>Lage: Verkostungsraum direkt neben dem Weingut. Im Sommer ist auch der Park mit jahrhundertealten B\u00e4umen zug\u00e4nglich<\/p>\n<p>Geschichte der Villa, F\u00fchrung durch den Weinkeller (wenn verf\u00fcgbar, erste Verkostung direkt vom Fass)<\/p>\n<p>Verkostung von 4 Weinen, die von einem unserer Weinexperten beschrieben werden: Prosecco D.o.c. in der Flasche nachgegoren &#8211; Pinot Bianco Venezia Giulia 2022 &#8211; Pinot Grigio Ramato D.o.c. 2021 &#8211; Carmen\u00e8re Piave D.o.c. 2021<\/p>\n<p>Jeder Wein wird von hochwertigen gastronomischen Kombinationen begleitet<\/p>\n<p>N.B. Das Weinangebot kann in bestimmten Zeitr\u00e4umen je nach Saison und Verf\u00fcgbarkeit leicht variieren.<\/p>\n","protected":false},"excerpt":{"rendered":"<p><strong>Sobald Sie Ihre Geschenkkarte haben<\/strong><br \/>\n<strong>Buchen Sie Ihre Verkostung<\/strong>: Jetzt, wo Sie Ihren Einkauf get\u00e4tigt haben, ist es an der Zeit, Ihr Erlebnis zu planen. Kontaktieren Sie uns \u00fcber unsere Telefonnummern. Wir helfen Ihnen gerne bei der Reservierung Ihrer Verkostung.<\/p>\n<p>Am vereinbarten Tag und zur vereinbarten Uhrzeit erwarten wir Sie in unserem Verkostungsraum. Wir f\u00fchren Sie durch eine Reise der Aromen und erz\u00e4hlen Ihnen die Geschichten und Geheimnisse der von Ihnen ausgew\u00e4hlten Produkte.<\/p>\n","protected":false},"featured_media":1635,"template":"","meta":{"_acf_changed":false},"product_brand":[],"product_cat":[60],"product_tag":[],"class_list":{"0":"post-2077","1":"product","2":"type-product","3":"status-publish","4":"has-post-thumbnail","6":"product_cat-tasting-de","8":"first","9":"instock","10":"downloadable","11":"taxable","12":"shipping-taxable","13":"purchasable","14":"product-type-simple"},"acf":[],"yoast_head":"<!-- This site is optimized with the Yoast SEO plugin v27.3 - https:\/\/yoast.com\/product\/yoast-seo-wordpress\/ -->\n<title>Degustazione Leo - Villa Canthus<\/title>\n<meta name=\"robots\" content=\"index, follow, max-snippet:-1, max-image-preview:large, max-video-preview:-1\" \/>\n<link rel=\"canonical\" href=\"https:\/\/villacanthus.it\/de\/shop\/tasting-de\/degustazione-leo\/\" \/>\n<meta property=\"og:locale\" content=\"de_DE\" \/>\n<meta property=\"og:type\" content=\"article\" \/>\n<meta property=\"og:title\" content=\"Degustazione Leo - Villa Canthus\" \/>\n<meta property=\"og:description\" content=\"Sobald Sie Ihre Geschenkkarte haben Buchen Sie Ihre Verkostung: Jetzt, wo Sie Ihren Einkauf get\u00e4tigt haben, ist es an der Zeit, Ihr Erlebnis zu planen. Kontaktieren Sie uns \u00fcber unsere Telefonnummern. Wir helfen Ihnen gerne bei der Reservierung Ihrer Verkostung.  Am vereinbarten Tag und zur vereinbarten Uhrzeit erwarten wir Sie in unserem Verkostungsraum. Wir f\u00fchren Sie durch eine Reise der Aromen und erz\u00e4hlen Ihnen die Geschichten und Geheimnisse der von Ihnen ausgew\u00e4hlten Produkte.\" \/>\n<meta property=\"og:url\" content=\"https:\/\/villacanthus.it\/de\/shop\/tasting-de\/degustazione-leo\/\" \/>\n<meta property=\"og:site_name\" content=\"Villa Canthus\" \/>\n<meta property=\"article:modified_time\" content=\"2023-09-26T12:36:37+00:00\" \/>\n<meta property=\"og:image\" content=\"https:\/\/villacanthus.it\/wp-content\/uploads\/2023\/08\/degus-leo.png\" \/>\n\t<meta property=\"og:image:width\" content=\"664\" \/>\n\t<meta property=\"og:image:height\" content=\"1056\" \/>\n\t<meta property=\"og:image:type\" content=\"image\/png\" \/>\n<meta name=\"twitter:card\" content=\"summary_large_image\" \/>\n<meta name=\"twitter:label1\" content=\"Gesch\u00e4tzte Lesezeit\" \/>\n\t<meta name=\"twitter:data1\" content=\"1\u00a0Minute\" \/>\n<script type=\"application\/ld+json\" class=\"yoast-schema-graph\">{\"@context\":\"https:\\\/\\\/schema.org\",\"@graph\":[{\"@type\":\"WebPage\",\"@id\":\"https:\\\/\\\/villacanthus.it\\\/de\\\/shop\\\/tasting-de\\\/degustazione-leo\\\/\",\"url\":\"https:\\\/\\\/villacanthus.it\\\/de\\\/shop\\\/tasting-de\\\/degustazione-leo\\\/\",\"name\":\"Degustazione Leo - Villa Canthus\",\"isPartOf\":{\"@id\":\"https:\\\/\\\/villacanthus.it\\\/de\\\/#website\"},\"primaryImageOfPage\":{\"@id\":\"https:\\\/\\\/villacanthus.it\\\/de\\\/shop\\\/tasting-de\\\/degustazione-leo\\\/#primaryimage\"},\"image\":{\"@id\":\"https:\\\/\\\/villacanthus.it\\\/de\\\/shop\\\/tasting-de\\\/degustazione-leo\\\/#primaryimage\"},\"thumbnailUrl\":\"https:\\\/\\\/villacanthus.it\\\/wp-content\\\/uploads\\\/2023\\\/08\\\/degus-leo.png\",\"datePublished\":\"2023-08-31T13:05:27+00:00\",\"dateModified\":\"2023-09-26T12:36:37+00:00\",\"breadcrumb\":{\"@id\":\"https:\\\/\\\/villacanthus.it\\\/de\\\/shop\\\/tasting-de\\\/degustazione-leo\\\/#breadcrumb\"},\"inLanguage\":\"de\",\"potentialAction\":[{\"@type\":\"ReadAction\",\"target\":[\"https:\\\/\\\/villacanthus.it\\\/de\\\/shop\\\/tasting-de\\\/degustazione-leo\\\/\"]}]},{\"@type\":\"ImageObject\",\"inLanguage\":\"de\",\"@id\":\"https:\\\/\\\/villacanthus.it\\\/de\\\/shop\\\/tasting-de\\\/degustazione-leo\\\/#primaryimage\",\"url\":\"https:\\\/\\\/villacanthus.it\\\/wp-content\\\/uploads\\\/2023\\\/08\\\/degus-leo.png\",\"contentUrl\":\"https:\\\/\\\/villacanthus.it\\\/wp-content\\\/uploads\\\/2023\\\/08\\\/degus-leo.png\",\"width\":664,\"height\":1056},{\"@type\":\"BreadcrumbList\",\"@id\":\"https:\\\/\\\/villacanthus.it\\\/de\\\/shop\\\/tasting-de\\\/degustazione-leo\\\/#breadcrumb\",\"itemListElement\":[{\"@type\":\"ListItem\",\"position\":1,\"name\":\"Home\",\"item\":\"https:\\\/\\\/villacanthus.it\\\/de\\\/\"},{\"@type\":\"ListItem\",\"position\":2,\"name\":\"Le nostre bottiglie (shop)\",\"item\":\"https:\\\/\\\/villacanthus.it\\\/negozio\\\/\"},{\"@type\":\"ListItem\",\"position\":3,\"name\":\"Degustazione Leo\"}]},{\"@type\":\"WebSite\",\"@id\":\"https:\\\/\\\/villacanthus.it\\\/de\\\/#website\",\"url\":\"https:\\\/\\\/villacanthus.it\\\/de\\\/\",\"name\":\"Villa Canthus\",\"description\":\"\",\"publisher\":{\"@id\":\"https:\\\/\\\/villacanthus.it\\\/de\\\/#organization\"},\"potentialAction\":[{\"@type\":\"SearchAction\",\"target\":{\"@type\":\"EntryPoint\",\"urlTemplate\":\"https:\\\/\\\/villacanthus.it\\\/de\\\/?s={search_term_string}\"},\"query-input\":{\"@type\":\"PropertyValueSpecification\",\"valueRequired\":true,\"valueName\":\"search_term_string\"}}],\"inLanguage\":\"de\"},{\"@type\":\"Organization\",\"@id\":\"https:\\\/\\\/villacanthus.it\\\/de\\\/#organization\",\"name\":\"Villa Canthus\",\"url\":\"https:\\\/\\\/villacanthus.it\\\/de\\\/\",\"logo\":{\"@type\":\"ImageObject\",\"inLanguage\":\"de\",\"@id\":\"https:\\\/\\\/villacanthus.it\\\/de\\\/#\\\/schema\\\/logo\\\/image\\\/\",\"url\":\"https:\\\/\\\/villacanthus.it\\\/wp-content\\\/uploads\\\/2023\\\/03\\\/cropped-LOGO-villacanthus-oro-payoff.png\",\"contentUrl\":\"https:\\\/\\\/villacanthus.it\\\/wp-content\\\/uploads\\\/2023\\\/03\\\/cropped-LOGO-villacanthus-oro-payoff.png\",\"width\":684,\"height\":313,\"caption\":\"Villa Canthus\"},\"image\":{\"@id\":\"https:\\\/\\\/villacanthus.it\\\/de\\\/#\\\/schema\\\/logo\\\/image\\\/\"}}]}<\/script>\n<!-- \/ Yoast SEO plugin. -->","yoast_head_json":{"title":"Degustazione Leo - Villa Canthus","robots":{"index":"index","follow":"follow","max-snippet":"max-snippet:-1","max-image-preview":"max-image-preview:large","max-video-preview":"max-video-preview:-1"},"canonical":"https:\/\/villacanthus.it\/de\/shop\/tasting-de\/degustazione-leo\/","og_locale":"de_DE","og_type":"article","og_title":"Degustazione Leo - Villa Canthus","og_description":"Sobald Sie Ihre Geschenkkarte haben Buchen Sie Ihre Verkostung: Jetzt, wo Sie Ihren Einkauf get\u00e4tigt haben, ist es an der Zeit, Ihr Erlebnis zu planen. Kontaktieren Sie uns \u00fcber unsere Telefonnummern. Wir helfen Ihnen gerne bei der Reservierung Ihrer Verkostung.  Am vereinbarten Tag und zur vereinbarten Uhrzeit erwarten wir Sie in unserem Verkostungsraum. Wir f\u00fchren Sie durch eine Reise der Aromen und erz\u00e4hlen Ihnen die Geschichten und Geheimnisse der von Ihnen ausgew\u00e4hlten Produkte.","og_url":"https:\/\/villacanthus.it\/de\/shop\/tasting-de\/degustazione-leo\/","og_site_name":"Villa Canthus","article_modified_time":"2023-09-26T12:36:37+00:00","og_image":[{"width":664,"height":1056,"url":"https:\/\/villacanthus.it\/wp-content\/uploads\/2023\/08\/degus-leo.png","type":"image\/png"}],"twitter_card":"summary_large_image","twitter_misc":{"Gesch\u00e4tzte Lesezeit":"1\u00a0Minute"},"schema":{"@context":"https:\/\/schema.org","@graph":[{"@type":"WebPage","@id":"https:\/\/villacanthus.it\/de\/shop\/tasting-de\/degustazione-leo\/","url":"https:\/\/villacanthus.it\/de\/shop\/tasting-de\/degustazione-leo\/","name":"Degustazione Leo - Villa Canthus","isPartOf":{"@id":"https:\/\/villacanthus.it\/de\/#website"},"primaryImageOfPage":{"@id":"https:\/\/villacanthus.it\/de\/shop\/tasting-de\/degustazione-leo\/#primaryimage"},"image":{"@id":"https:\/\/villacanthus.it\/de\/shop\/tasting-de\/degustazione-leo\/#primaryimage"},"thumbnailUrl":"https:\/\/villacanthus.it\/wp-content\/uploads\/2023\/08\/degus-leo.png","datePublished":"2023-08-31T13:05:27+00:00","dateModified":"2023-09-26T12:36:37+00:00","breadcrumb":{"@id":"https:\/\/villacanthus.it\/de\/shop\/tasting-de\/degustazione-leo\/#breadcrumb"},"inLanguage":"de","potentialAction":[{"@type":"ReadAction","target":["https:\/\/villacanthus.it\/de\/shop\/tasting-de\/degustazione-leo\/"]}]},{"@type":"ImageObject","inLanguage":"de","@id":"https:\/\/villacanthus.it\/de\/shop\/tasting-de\/degustazione-leo\/#primaryimage","url":"https:\/\/villacanthus.it\/wp-content\/uploads\/2023\/08\/degus-leo.png","contentUrl":"https:\/\/villacanthus.it\/wp-content\/uploads\/2023\/08\/degus-leo.png","width":664,"height":1056},{"@type":"BreadcrumbList","@id":"https:\/\/villacanthus.it\/de\/shop\/tasting-de\/degustazione-leo\/#breadcrumb","itemListElement":[{"@type":"ListItem","position":1,"name":"Home","item":"https:\/\/villacanthus.it\/de\/"},{"@type":"ListItem","position":2,"name":"Le nostre bottiglie (shop)","item":"https:\/\/villacanthus.it\/negozio\/"},{"@type":"ListItem","position":3,"name":"Degustazione Leo"}]},{"@type":"WebSite","@id":"https:\/\/villacanthus.it\/de\/#website","url":"https:\/\/villacanthus.it\/de\/","name":"Villa Canthus","description":"","publisher":{"@id":"https:\/\/villacanthus.it\/de\/#organization"},"potentialAction":[{"@type":"SearchAction","target":{"@type":"EntryPoint","urlTemplate":"https:\/\/villacanthus.it\/de\/?s={search_term_string}"},"query-input":{"@type":"PropertyValueSpecification","valueRequired":true,"valueName":"search_term_string"}}],"inLanguage":"de"},{"@type":"Organization","@id":"https:\/\/villacanthus.it\/de\/#organization","name":"Villa Canthus","url":"https:\/\/villacanthus.it\/de\/","logo":{"@type":"ImageObject","inLanguage":"de","@id":"https:\/\/villacanthus.it\/de\/#\/schema\/logo\/image\/","url":"https:\/\/villacanthus.it\/wp-content\/uploads\/2023\/03\/cropped-LOGO-villacanthus-oro-payoff.png","contentUrl":"https:\/\/villacanthus.it\/wp-content\/uploads\/2023\/03\/cropped-LOGO-villacanthus-oro-payoff.png","width":684,"height":313,"caption":"Villa Canthus"},"image":{"@id":"https:\/\/villacanthus.it\/de\/#\/schema\/logo\/image\/"}}]}},"_links":{"self":[{"href":"https:\/\/villacanthus.it\/de\/wp-json\/wp\/v2\/product\/2077","targetHints":{"allow":["GET"]}}],"collection":[{"href":"https:\/\/villacanthus.it\/de\/wp-json\/wp\/v2\/product"}],"about":[{"href":"https:\/\/villacanthus.it\/de\/wp-json\/wp\/v2\/types\/product"}],"wp:featuredmedia":[{"embeddable":true,"href":"https:\/\/villacanthus.it\/de\/wp-json\/wp\/v2\/media\/1635"}],"wp:attachment":[{"href":"https:\/\/villacanthus.it\/de\/wp-json\/wp\/v2\/media?parent=2077"}],"wp:term":[{"taxonomy":"product_brand","embeddable":true,"href":"https:\/\/villacanthus.it\/de\/wp-json\/wp\/v2\/product_brand?post=2077"},{"taxonomy":"product_cat","embeddable":true,"href":"https:\/\/villacanthus.it\/de\/wp-json\/wp\/v2\/product_cat?post=2077"},{"taxonomy":"product_tag","embeddable":true,"href":"https:\/\/villacanthus.it\/de\/wp-json\/wp\/v2\/product_tag?post=2077"}],"curies":[{"name":"wp","href":"https:\/\/api.w.org\/{rel}","templated":true}]}}