{"id":2117,"date":"2023-09-01T11:25:36","date_gmt":"2023-09-01T09:25:36","guid":{"rendered":"https:\/\/villacanthus.it\/rechtliche-hinweise\/"},"modified":"2023-09-26T14:50:09","modified_gmt":"2023-09-26T12:50:09","slug":"rechtliche-hinweise","status":"publish","type":"page","link":"https:\/\/villacanthus.it\/de\/rechtliche-hinweise\/","title":{"rendered":"Rechtliche Hinweise"},"content":{"rendered":"\t\t<div data-elementor-type=\"wp-page\" data-elementor-id=\"2117\" class=\"elementor elementor-2117 elementor-1179\" data-elementor-post-type=\"page\">\n\t\t\t\t\t\t<section class=\"elementor-section elementor-top-section elementor-element elementor-element-8ad2957 elementor-section-boxed elementor-section-height-default elementor-section-height-default\" data-id=\"8ad2957\" data-element_type=\"section\" data-e-type=\"section\" data-settings=\"{&quot;background_background&quot;:&quot;slideshow&quot;,&quot;background_slideshow_gallery&quot;:[{&quot;id&quot;:684,&quot;url&quot;:&quot;https:\\\/\\\/villacanthus.it\\\/wp-content\\\/uploads\\\/2023\\\/05\\\/IMG-20200823-WA0002.jpg&quot;},{&quot;id&quot;:256,&quot;url&quot;:&quot;https:\\\/\\\/villacanthus.it\\\/wp-content\\\/uploads\\\/2023\\\/04\\\/villa-canthus.jpg&quot;},{&quot;id&quot;:58,&quot;url&quot;:&quot;https:\\\/\\\/villacanthus.it\\\/wp-content\\\/uploads\\\/2023\\\/03\\\/IMG-20210530-WA0003.jpg&quot;}],&quot;background_slideshow_loop&quot;:&quot;yes&quot;,&quot;background_slideshow_slide_duration&quot;:5000,&quot;background_slideshow_slide_transition&quot;:&quot;fade&quot;,&quot;background_slideshow_transition_duration&quot;:500}\">\n\t\t\t\t\t\t\t<div class=\"elementor-background-overlay\"><\/div>\n\t\t\t\t\t\t\t<div class=\"elementor-container elementor-column-gap-default\">\n\t\t\t\t\t<div class=\"elementor-column elementor-col-100 elementor-top-column elementor-element elementor-element-3707c45\" data-id=\"3707c45\" data-element_type=\"column\" data-e-type=\"column\">\n\t\t\t<div class=\"elementor-widget-wrap elementor-element-populated\">\n\t\t\t\t\t\t<div class=\"elementor-element elementor-element-1413ad5 elementor-absolute animated-slow elementor-invisible elementor-widget elementor-widget-image\" data-id=\"1413ad5\" data-element_type=\"widget\" data-e-type=\"widget\" data-settings=\"{&quot;_position&quot;:&quot;absolute&quot;,&quot;_animation&quot;:&quot;fadeInUp&quot;,&quot;_animation_delay&quot;:500}\" data-widget_type=\"image.default\">\n\t\t\t\t<div class=\"elementor-widget-container\">\n\t\t\t\t\t\t\t\t\t\t\t\t\t\t\t<img fetchpriority=\"high\" decoding=\"async\" width=\"349\" height=\"352\" src=\"https:\/\/villacanthus.it\/wp-content\/uploads\/2023\/03\/elemento-grafico-2.png\" class=\"attachment-large size-large wp-image-1443\" alt=\"\" srcset=\"https:\/\/villacanthus.it\/wp-content\/uploads\/2023\/03\/elemento-grafico-2.png 349w, https:\/\/villacanthus.it\/wp-content\/uploads\/2023\/03\/elemento-grafico-2-100x100.png 100w, https:\/\/villacanthus.it\/wp-content\/uploads\/2023\/03\/elemento-grafico-2-297x300.png 297w, https:\/\/villacanthus.it\/wp-content\/uploads\/2023\/03\/elemento-grafico-2-150x150.png 150w\" sizes=\"(max-width: 349px) 100vw, 349px\" \/>\t\t\t\t\t\t\t\t\t\t\t\t\t\t\t<\/div>\n\t\t\t\t<\/div>\n\t\t\t\t<div class=\"elementor-element elementor-element-d50c1be elementor-invisible elementor-widget elementor-widget-heading\" data-id=\"d50c1be\" data-element_type=\"widget\" data-e-type=\"widget\" data-settings=\"{&quot;_animation&quot;:&quot;fadeInUp&quot;}\" data-widget_type=\"heading.default\">\n\t\t\t\t<div class=\"elementor-widget-container\">\n\t\t\t\t\t<h2 class=\"elementor-heading-title elementor-size-default\">Rechtliche Hinweise<\/h2>\t\t\t\t<\/div>\n\t\t\t\t<\/div>\n\t\t\t\t<div class=\"elementor-element elementor-element-21f315c elementor-widget elementor-widget-woocommerce-breadcrumb\" data-id=\"21f315c\" data-element_type=\"widget\" data-e-type=\"widget\" data-widget_type=\"woocommerce-breadcrumb.default\">\n\t\t\t\t<div class=\"elementor-widget-container\">\n\t\t\t\t\t<nav class=\"woocommerce-breadcrumb\" aria-label=\"Breadcrumb\">Start<\/nav>\t\t\t\t<\/div>\n\t\t\t\t<\/div>\n\t\t\t\t\t<\/div>\n\t\t<\/div>\n\t\t\t\t\t<\/div>\n\t\t<\/section>\n\t\t\t\t<section class=\"elementor-section elementor-top-section elementor-element elementor-element-ff09c00 elementor-section-full_width elementor-section-height-default elementor-section-height-default\" data-id=\"ff09c00\" data-element_type=\"section\" data-e-type=\"section\" data-settings=\"{&quot;background_background&quot;:&quot;classic&quot;}\">\n\t\t\t\t\t\t<div class=\"elementor-container elementor-column-gap-default\">\n\t\t\t\t\t<div class=\"elementor-column elementor-col-100 elementor-top-column elementor-element elementor-element-91f0752\" data-id=\"91f0752\" data-element_type=\"column\" data-e-type=\"column\">\n\t\t\t<div class=\"elementor-widget-wrap elementor-element-populated\">\n\t\t\t\t\t\t<section class=\"elementor-section elementor-inner-section elementor-element elementor-element-56a5ba7 elementor-section-boxed elementor-section-height-default elementor-section-height-default\" data-id=\"56a5ba7\" data-element_type=\"section\" data-e-type=\"section\">\n\t\t\t\t\t\t<div class=\"elementor-container elementor-column-gap-default\">\n\t\t\t\t\t<div class=\"elementor-column elementor-col-100 elementor-inner-column elementor-element elementor-element-f4c3dc6\" data-id=\"f4c3dc6\" data-element_type=\"column\" data-e-type=\"column\">\n\t\t\t<div class=\"elementor-widget-wrap elementor-element-populated\">\n\t\t\t\t\t\t<div class=\"elementor-element elementor-element-9ebcc27 elementor-widget elementor-widget-text-editor\" data-id=\"9ebcc27\" data-element_type=\"widget\" data-e-type=\"widget\" data-widget_type=\"text-editor.default\">\n\t\t\t\t<div class=\"elementor-widget-container\">\n\t\t\t\t\t\t\t\t\t<p><strong>UNTERNEHMENSDATEN<\/strong><\/p>\n<p>Firmenname: Azienda Vinicola Villa Canthus di G. Ormenese e C. S.n.c.<br \/>\nSitz: Via Passo Lampol, 17 30020 Fossalta di Piave Venedig<br \/>\nBetriebssitz: Via Passo Lampol, 17 30020 Fossalta di Piave Venedig<br \/>\nSteuernummer: 02083150272<br \/>\nUmsatzsteuer-Identifikationsnummer: 02083150272<\/p>\n<p><strong>INFORMATIONEN UND EINWILLIGUNGEN DES UNTERNEHMENS<\/strong><\/p>\n<p><strong>Villa Canthus Weingut von G. Ormenese und C. S.n.c.<\/strong><\/p>\n<p><a href=\"https:\/\/www.villacanthus.it\/privacy-policy\/\" target=\"_blank\" rel=\"noreferrer noopener\"><strong><u>Datenschutzerkl\u00e4rung f\u00fcr die Website<\/u><\/strong> < em>(<\/em>https:\/\/www.villacanthus.it\/privacy-policy\/)<br \/>\n<\/a><a href=\"https:\/\/www.villacanthus.it\/cookie-policy\/\" target=\"_blank\" rel=\"noreferrer noopener\"><strong><u>Cookie-Richtlinie der Website\u00a0<\/u> < \/strong><em>(<\/em>https:\/\/www.villacanthus.it\/cookie-policy\/)<br \/>\n<\/a><\/p>\n<p><strong>HINWEIS ZUM URHEBERRECHT UND EINGETRAGENEN MARKEN<\/strong><\/p>\n<p>Der gesamte Inhalt dieser Website ist urheberrechtlich gesch\u00fctzt (Copyright \u00a9) 2022 der Azienda Vinicola Villa Canthus di G. Ormenese e C. S.n.c. oder dessen Lieferanten. Alle Rechte bleiben den Eigent\u00fcmern gem\u00e4\u00df den gesetzlichen Bestimmungen vorbehalten.<br \/>\nGem\u00e4\u00df Art. 1, Absatz 1 des Gesetzesdekrets vom 22. M\u00e4rz 2004, Nr. 72, ge\u00e4ndert durch das Umwandlungsgesetz vom 21. Mai 2004 n. 128 Werke auf dieser Website erf\u00fcllen die Verpflichtungen aus der Gesetzgebung zum Urheberrecht und verwandten Schutzrechten.<br \/>\nEine Vervielf\u00e4ltigung, \u00f6ffentliche Wiedergabe, \u00f6ffentliche Zug\u00e4nglichmachung, Vermietung und Verleih, \u00f6ffentliche Auff\u00fchrung und Verbreitung ist ohne Genehmigung des Rechteinhabers untersagt.<br \/>\nBei Verst\u00f6\u00dfen gelten die in den Artikeln vorgesehenen Sanktionen. 171, 171-bis, 171-ter, 174-bis und 174-ter des Gesetzes 633\/1941.<br \/>\nGem\u00e4\u00df Art. 5 des Gesetzes vom 22. April 1941 n. Gem\u00e4\u00df Art. 633 zum Schutz des Urheberrechts unterliegen die Texte offizieller Dokumente des Staates und \u00f6ffentlicher Verwaltungen, sowohl italienischer als auch ausl\u00e4ndischer Art, nicht dem Urheberrecht.<br \/>\nDas angegebene Urheberrecht bezieht sich auf die Bearbeitung und Darstellung der Texte selbst.<\/p>\n<p>Angebliche Urheberrechtsverletzungen<\/p>\n<p>Solche Mitteilungen m\u00fcssen in schriftlicher Form erfolgen und an den Verantwortlichen des Weinguts Villa Canthus von G. Ormenese e C. S.n.c. gesendet werden. an folgende Adresse, Faxnummer oder E-Mail-Adresse:<\/p>\n<h4><strong>Firmenname: Weingut Villa Canthus von G. Ormenese und C. S.n.c.<\/strong><\/h4>\n<p>Sitz: Via Passo Lampol, 17 30020 Fossalta di Piave Venedig<br \/>\nOperativer Hauptsitz: Via Passo Lampol, 17 30020 Fossalta di Piave Venedig<br \/>\nTel: 0421.679911 \u2013 Fax: 0421.679911<br \/>\neM. <a href=\"mailto:info@villacanthus.com\">info@villacanthus.com<\/a><\/p>\n\t\t\t\t\t\t\t\t<\/div>\n\t\t\t\t<\/div>\n\t\t\t\t\t<\/div>\n\t\t<\/div>\n\t\t\t\t\t<\/div>\n\t\t<\/section>\n\t\t\t\t\t<\/div>\n\t\t<\/div>\n\t\t\t\t\t<\/div>\n\t\t<\/section>\n\t\t\t\t<\/div>\n\t\t","protected":false},"excerpt":{"rendered":"<p>UNTERNEHMENSDATEN Firmenname: Azienda Vinicola Villa Canthus di G. Ormenese e C. S.n.c. Sitz: Via Passo Lampol, 17 30020 Fossalta di Piave Venedig Betriebssitz: Via Passo Lampol, 17 30020 Fossalta di Piave Venedig Steuernummer: 02083150272 Umsatzsteuer-Identifikationsnummer: 02083150272 INFORMATIONEN UND EINWILLIGUNGEN DES UNTERNEHMENS Villa Canthus Weingut von G. Ormenese und C. S.n.c. Datenschutzerkl\u00e4rung f\u00fcr die Website < [&hellip;]\n<\/p>\n","protected":false},"author":1,"featured_media":0,"parent":0,"menu_order":0,"comment_status":"closed","ping_status":"closed","template":"elementor_header_footer","meta":{"_acf_changed":false,"footnotes":""},"class_list":["post-2117","page","type-page","status-publish","hentry"],"acf":[],"yoast_head":"<!-- This site is optimized with the Yoast SEO plugin v27.3 - https:\/\/yoast.com\/product\/yoast-seo-wordpress\/ -->\n<title>Rechtliche Hinweise - Villa Canthus<\/title>\n<meta name=\"robots\" content=\"index, follow, max-snippet:-1, max-image-preview:large, max-video-preview:-1\" \/>\n<link rel=\"canonical\" href=\"https:\/\/villacanthus.it\/de\/rechtliche-hinweise\/\" \/>\n<meta property=\"og:locale\" content=\"de_DE\" \/>\n<meta property=\"og:type\" content=\"article\" \/>\n<meta property=\"og:title\" content=\"Rechtliche Hinweise - Villa Canthus\" \/>\n<meta property=\"og:description\" content=\"UNTERNEHMENSDATEN Firmenname: Azienda Vinicola Villa Canthus di G. Ormenese e C. S.n.c. Sitz: Via Passo Lampol, 17 30020 Fossalta di Piave Venedig Betriebssitz: Via Passo Lampol, 17 30020 Fossalta di Piave Venedig Steuernummer: 02083150272 Umsatzsteuer-Identifikationsnummer: 02083150272 INFORMATIONEN UND EINWILLIGUNGEN DES UNTERNEHMENS Villa Canthus Weingut von G. Ormenese und C. S.n.c. Datenschutzerkl\u00e4rung f\u00fcr die Website &lt; [&hellip;]\" \/>\n<meta property=\"og:url\" content=\"https:\/\/villacanthus.it\/de\/rechtliche-hinweise\/\" \/>\n<meta property=\"og:site_name\" content=\"Villa Canthus\" \/>\n<meta property=\"article:modified_time\" content=\"2023-09-26T12:50:09+00:00\" \/>\n<meta property=\"og:image\" content=\"https:\/\/villacanthus.it\/wp-content\/uploads\/2023\/03\/elemento-grafico-2.png\" \/>\n<meta name=\"twitter:card\" content=\"summary_large_image\" \/>\n<meta name=\"twitter:label1\" content=\"Gesch\u00e4tzte Lesezeit\" \/>\n\t<meta name=\"twitter:data1\" content=\"1\u00a0Minute\" \/>\n<script type=\"application\/ld+json\" class=\"yoast-schema-graph\">{\"@context\":\"https:\\\/\\\/schema.org\",\"@graph\":[{\"@type\":\"WebPage\",\"@id\":\"https:\\\/\\\/villacanthus.it\\\/de\\\/rechtliche-hinweise\\\/\",\"url\":\"https:\\\/\\\/villacanthus.it\\\/de\\\/rechtliche-hinweise\\\/\",\"name\":\"Rechtliche Hinweise - Villa Canthus\",\"isPartOf\":{\"@id\":\"https:\\\/\\\/villacanthus.it\\\/de\\\/#website\"},\"primaryImageOfPage\":{\"@id\":\"https:\\\/\\\/villacanthus.it\\\/de\\\/rechtliche-hinweise\\\/#primaryimage\"},\"image\":{\"@id\":\"https:\\\/\\\/villacanthus.it\\\/de\\\/rechtliche-hinweise\\\/#primaryimage\"},\"thumbnailUrl\":\"https:\\\/\\\/villacanthus.it\\\/wp-content\\\/uploads\\\/2023\\\/03\\\/elemento-grafico-2.png\",\"datePublished\":\"2023-09-01T09:25:36+00:00\",\"dateModified\":\"2023-09-26T12:50:09+00:00\",\"breadcrumb\":{\"@id\":\"https:\\\/\\\/villacanthus.it\\\/de\\\/rechtliche-hinweise\\\/#breadcrumb\"},\"inLanguage\":\"de\",\"potentialAction\":[{\"@type\":\"ReadAction\",\"target\":[\"https:\\\/\\\/villacanthus.it\\\/de\\\/rechtliche-hinweise\\\/\"]}]},{\"@type\":\"ImageObject\",\"inLanguage\":\"de\",\"@id\":\"https:\\\/\\\/villacanthus.it\\\/de\\\/rechtliche-hinweise\\\/#primaryimage\",\"url\":\"https:\\\/\\\/villacanthus.it\\\/wp-content\\\/uploads\\\/2023\\\/03\\\/elemento-grafico-2.png\",\"contentUrl\":\"https:\\\/\\\/villacanthus.it\\\/wp-content\\\/uploads\\\/2023\\\/03\\\/elemento-grafico-2.png\"},{\"@type\":\"BreadcrumbList\",\"@id\":\"https:\\\/\\\/villacanthus.it\\\/de\\\/rechtliche-hinweise\\\/#breadcrumb\",\"itemListElement\":[{\"@type\":\"ListItem\",\"position\":1,\"name\":\"Home\",\"item\":\"https:\\\/\\\/villacanthus.it\\\/de\\\/\"},{\"@type\":\"ListItem\",\"position\":2,\"name\":\"Rechtliche Hinweise\"}]},{\"@type\":\"WebSite\",\"@id\":\"https:\\\/\\\/villacanthus.it\\\/de\\\/#website\",\"url\":\"https:\\\/\\\/villacanthus.it\\\/de\\\/\",\"name\":\"Villa Canthus\",\"description\":\"\",\"publisher\":{\"@id\":\"https:\\\/\\\/villacanthus.it\\\/de\\\/#organization\"},\"potentialAction\":[{\"@type\":\"SearchAction\",\"target\":{\"@type\":\"EntryPoint\",\"urlTemplate\":\"https:\\\/\\\/villacanthus.it\\\/de\\\/?s={search_term_string}\"},\"query-input\":{\"@type\":\"PropertyValueSpecification\",\"valueRequired\":true,\"valueName\":\"search_term_string\"}}],\"inLanguage\":\"de\"},{\"@type\":\"Organization\",\"@id\":\"https:\\\/\\\/villacanthus.it\\\/de\\\/#organization\",\"name\":\"Villa Canthus\",\"url\":\"https:\\\/\\\/villacanthus.it\\\/de\\\/\",\"logo\":{\"@type\":\"ImageObject\",\"inLanguage\":\"de\",\"@id\":\"https:\\\/\\\/villacanthus.it\\\/de\\\/#\\\/schema\\\/logo\\\/image\\\/\",\"url\":\"https:\\\/\\\/villacanthus.it\\\/wp-content\\\/uploads\\\/2023\\\/03\\\/cropped-LOGO-villacanthus-oro-payoff.png\",\"contentUrl\":\"https:\\\/\\\/villacanthus.it\\\/wp-content\\\/uploads\\\/2023\\\/03\\\/cropped-LOGO-villacanthus-oro-payoff.png\",\"width\":684,\"height\":313,\"caption\":\"Villa Canthus\"},\"image\":{\"@id\":\"https:\\\/\\\/villacanthus.it\\\/de\\\/#\\\/schema\\\/logo\\\/image\\\/\"}}]}<\/script>\n<!-- \/ Yoast SEO plugin. -->","yoast_head_json":{"title":"Rechtliche Hinweise - Villa Canthus","robots":{"index":"index","follow":"follow","max-snippet":"max-snippet:-1","max-image-preview":"max-image-preview:large","max-video-preview":"max-video-preview:-1"},"canonical":"https:\/\/villacanthus.it\/de\/rechtliche-hinweise\/","og_locale":"de_DE","og_type":"article","og_title":"Rechtliche Hinweise - Villa Canthus","og_description":"UNTERNEHMENSDATEN Firmenname: Azienda Vinicola Villa Canthus di G. Ormenese e C. S.n.c. Sitz: Via Passo Lampol, 17 30020 Fossalta di Piave Venedig Betriebssitz: Via Passo Lampol, 17 30020 Fossalta di Piave Venedig Steuernummer: 02083150272 Umsatzsteuer-Identifikationsnummer: 02083150272 INFORMATIONEN UND EINWILLIGUNGEN DES UNTERNEHMENS Villa Canthus Weingut von G. Ormenese und C. S.n.c. Datenschutzerkl\u00e4rung f\u00fcr die Website < [&hellip;]","og_url":"https:\/\/villacanthus.it\/de\/rechtliche-hinweise\/","og_site_name":"Villa Canthus","article_modified_time":"2023-09-26T12:50:09+00:00","og_image":[{"url":"https:\/\/villacanthus.it\/wp-content\/uploads\/2023\/03\/elemento-grafico-2.png","type":"","width":"","height":""}],"twitter_card":"summary_large_image","twitter_misc":{"Gesch\u00e4tzte Lesezeit":"1\u00a0Minute"},"schema":{"@context":"https:\/\/schema.org","@graph":[{"@type":"WebPage","@id":"https:\/\/villacanthus.it\/de\/rechtliche-hinweise\/","url":"https:\/\/villacanthus.it\/de\/rechtliche-hinweise\/","name":"Rechtliche Hinweise - Villa Canthus","isPartOf":{"@id":"https:\/\/villacanthus.it\/de\/#website"},"primaryImageOfPage":{"@id":"https:\/\/villacanthus.it\/de\/rechtliche-hinweise\/#primaryimage"},"image":{"@id":"https:\/\/villacanthus.it\/de\/rechtliche-hinweise\/#primaryimage"},"thumbnailUrl":"https:\/\/villacanthus.it\/wp-content\/uploads\/2023\/03\/elemento-grafico-2.png","datePublished":"2023-09-01T09:25:36+00:00","dateModified":"2023-09-26T12:50:09+00:00","breadcrumb":{"@id":"https:\/\/villacanthus.it\/de\/rechtliche-hinweise\/#breadcrumb"},"inLanguage":"de","potentialAction":[{"@type":"ReadAction","target":["https:\/\/villacanthus.it\/de\/rechtliche-hinweise\/"]}]},{"@type":"ImageObject","inLanguage":"de","@id":"https:\/\/villacanthus.it\/de\/rechtliche-hinweise\/#primaryimage","url":"https:\/\/villacanthus.it\/wp-content\/uploads\/2023\/03\/elemento-grafico-2.png","contentUrl":"https:\/\/villacanthus.it\/wp-content\/uploads\/2023\/03\/elemento-grafico-2.png"},{"@type":"BreadcrumbList","@id":"https:\/\/villacanthus.it\/de\/rechtliche-hinweise\/#breadcrumb","itemListElement":[{"@type":"ListItem","position":1,"name":"Home","item":"https:\/\/villacanthus.it\/de\/"},{"@type":"ListItem","position":2,"name":"Rechtliche Hinweise"}]},{"@type":"WebSite","@id":"https:\/\/villacanthus.it\/de\/#website","url":"https:\/\/villacanthus.it\/de\/","name":"Villa Canthus","description":"","publisher":{"@id":"https:\/\/villacanthus.it\/de\/#organization"},"potentialAction":[{"@type":"SearchAction","target":{"@type":"EntryPoint","urlTemplate":"https:\/\/villacanthus.it\/de\/?s={search_term_string}"},"query-input":{"@type":"PropertyValueSpecification","valueRequired":true,"valueName":"search_term_string"}}],"inLanguage":"de"},{"@type":"Organization","@id":"https:\/\/villacanthus.it\/de\/#organization","name":"Villa Canthus","url":"https:\/\/villacanthus.it\/de\/","logo":{"@type":"ImageObject","inLanguage":"de","@id":"https:\/\/villacanthus.it\/de\/#\/schema\/logo\/image\/","url":"https:\/\/villacanthus.it\/wp-content\/uploads\/2023\/03\/cropped-LOGO-villacanthus-oro-payoff.png","contentUrl":"https:\/\/villacanthus.it\/wp-content\/uploads\/2023\/03\/cropped-LOGO-villacanthus-oro-payoff.png","width":684,"height":313,"caption":"Villa Canthus"},"image":{"@id":"https:\/\/villacanthus.it\/de\/#\/schema\/logo\/image\/"}}]}},"_links":{"self":[{"href":"https:\/\/villacanthus.it\/de\/wp-json\/wp\/v2\/pages\/2117","targetHints":{"allow":["GET"]}}],"collection":[{"href":"https:\/\/villacanthus.it\/de\/wp-json\/wp\/v2\/pages"}],"about":[{"href":"https:\/\/villacanthus.it\/de\/wp-json\/wp\/v2\/types\/page"}],"author":[{"embeddable":true,"href":"https:\/\/villacanthus.it\/de\/wp-json\/wp\/v2\/users\/1"}],"replies":[{"embeddable":true,"href":"https:\/\/villacanthus.it\/de\/wp-json\/wp\/v2\/comments?post=2117"}],"version-history":[{"count":1,"href":"https:\/\/villacanthus.it\/de\/wp-json\/wp\/v2\/pages\/2117\/revisions"}],"predecessor-version":[{"id":2118,"href":"https:\/\/villacanthus.it\/de\/wp-json\/wp\/v2\/pages\/2117\/revisions\/2118"}],"wp:attachment":[{"href":"https:\/\/villacanthus.it\/de\/wp-json\/wp\/v2\/media?parent=2117"}],"curies":[{"name":"wp","href":"https:\/\/api.w.org\/{rel}","templated":true}]}}