{"id":2112,"date":"2023-09-01T11:27:19","date_gmt":"2023-09-01T09:27:19","guid":{"rendered":"https:\/\/villacanthus.it\/privacy-policy\/"},"modified":"2024-02-01T09:51:43","modified_gmt":"2024-02-01T08:51:43","slug":"privacy-policy","status":"publish","type":"page","link":"https:\/\/villacanthus.it\/de\/privacy-policy\/","title":{"rendered":"Privacy policy"},"content":{"rendered":"\t\t<div data-elementor-type=\"wp-page\" data-elementor-id=\"2112\" class=\"elementor elementor-2112 elementor-1188\" data-elementor-post-type=\"page\">\n\t\t\t\t\t\t<section class=\"elementor-section elementor-top-section elementor-element elementor-element-8ad2957 elementor-section-boxed elementor-section-height-default elementor-section-height-default\" data-id=\"8ad2957\" data-element_type=\"section\" data-e-type=\"section\" data-settings=\"{&quot;background_background&quot;:&quot;slideshow&quot;,&quot;background_slideshow_gallery&quot;:[{&quot;id&quot;:684,&quot;url&quot;:&quot;https:\\\/\\\/villacanthus.it\\\/wp-content\\\/uploads\\\/2023\\\/05\\\/IMG-20200823-WA0002.jpg&quot;},{&quot;id&quot;:256,&quot;url&quot;:&quot;https:\\\/\\\/villacanthus.it\\\/wp-content\\\/uploads\\\/2023\\\/04\\\/villa-canthus.jpg&quot;},{&quot;id&quot;:58,&quot;url&quot;:&quot;https:\\\/\\\/villacanthus.it\\\/wp-content\\\/uploads\\\/2023\\\/03\\\/IMG-20210530-WA0003.jpg&quot;}],&quot;background_slideshow_loop&quot;:&quot;yes&quot;,&quot;background_slideshow_slide_duration&quot;:5000,&quot;background_slideshow_slide_transition&quot;:&quot;fade&quot;,&quot;background_slideshow_transition_duration&quot;:500}\">\n\t\t\t\t\t\t\t<div class=\"elementor-background-overlay\"><\/div>\n\t\t\t\t\t\t\t<div class=\"elementor-container elementor-column-gap-default\">\n\t\t\t\t\t<div class=\"elementor-column elementor-col-100 elementor-top-column elementor-element elementor-element-3707c45\" data-id=\"3707c45\" data-element_type=\"column\" data-e-type=\"column\">\n\t\t\t<div class=\"elementor-widget-wrap elementor-element-populated\">\n\t\t\t\t\t\t<div class=\"elementor-element elementor-element-1413ad5 elementor-absolute animated-slow elementor-invisible elementor-widget elementor-widget-image\" data-id=\"1413ad5\" data-element_type=\"widget\" data-e-type=\"widget\" data-settings=\"{&quot;_position&quot;:&quot;absolute&quot;,&quot;_animation&quot;:&quot;fadeInUp&quot;,&quot;_animation_delay&quot;:500}\" data-widget_type=\"image.default\">\n\t\t\t\t<div class=\"elementor-widget-container\">\n\t\t\t\t\t\t\t\t\t\t\t\t\t\t\t<img fetchpriority=\"high\" decoding=\"async\" width=\"349\" height=\"352\" src=\"https:\/\/villacanthus.it\/wp-content\/uploads\/2023\/03\/elemento-grafico-2.png\" class=\"attachment-large size-large wp-image-1443\" alt=\"\" srcset=\"https:\/\/villacanthus.it\/wp-content\/uploads\/2023\/03\/elemento-grafico-2.png 349w, https:\/\/villacanthus.it\/wp-content\/uploads\/2023\/03\/elemento-grafico-2-100x100.png 100w, https:\/\/villacanthus.it\/wp-content\/uploads\/2023\/03\/elemento-grafico-2-297x300.png 297w, https:\/\/villacanthus.it\/wp-content\/uploads\/2023\/03\/elemento-grafico-2-150x150.png 150w\" sizes=\"(max-width: 349px) 100vw, 349px\" \/>\t\t\t\t\t\t\t\t\t\t\t\t\t\t\t<\/div>\n\t\t\t\t<\/div>\n\t\t\t\t<div class=\"elementor-element elementor-element-d50c1be elementor-invisible elementor-widget elementor-widget-heading\" data-id=\"d50c1be\" data-element_type=\"widget\" data-e-type=\"widget\" data-settings=\"{&quot;_animation&quot;:&quot;fadeInUp&quot;}\" data-widget_type=\"heading.default\">\n\t\t\t\t<div class=\"elementor-widget-container\">\n\t\t\t\t\t<h2 class=\"elementor-heading-title elementor-size-default\">Privacy policy<\/h2>\t\t\t\t<\/div>\n\t\t\t\t<\/div>\n\t\t\t\t<div class=\"elementor-element elementor-element-21f315c elementor-widget elementor-widget-woocommerce-breadcrumb\" data-id=\"21f315c\" data-element_type=\"widget\" data-e-type=\"widget\" data-widget_type=\"woocommerce-breadcrumb.default\">\n\t\t\t\t<div class=\"elementor-widget-container\">\n\t\t\t\t\t<nav class=\"woocommerce-breadcrumb\" aria-label=\"Breadcrumb\">Start<\/nav>\t\t\t\t<\/div>\n\t\t\t\t<\/div>\n\t\t\t\t\t<\/div>\n\t\t<\/div>\n\t\t\t\t\t<\/div>\n\t\t<\/section>\n\t\t\t\t<section class=\"elementor-section elementor-top-section elementor-element elementor-element-ff09c00 elementor-section-full_width elementor-section-height-default elementor-section-height-default\" data-id=\"ff09c00\" data-element_type=\"section\" data-e-type=\"section\" data-settings=\"{&quot;background_background&quot;:&quot;classic&quot;}\">\n\t\t\t\t\t\t<div class=\"elementor-container elementor-column-gap-default\">\n\t\t\t\t\t<div class=\"elementor-column elementor-col-100 elementor-top-column elementor-element elementor-element-91f0752\" data-id=\"91f0752\" data-element_type=\"column\" data-e-type=\"column\">\n\t\t\t<div class=\"elementor-widget-wrap elementor-element-populated\">\n\t\t\t\t\t\t<section class=\"elementor-section elementor-inner-section elementor-element elementor-element-56a5ba7 elementor-section-boxed elementor-section-height-default elementor-section-height-default\" data-id=\"56a5ba7\" data-element_type=\"section\" data-e-type=\"section\">\n\t\t\t\t\t\t<div class=\"elementor-container elementor-column-gap-default\">\n\t\t\t\t\t<div class=\"elementor-column elementor-col-100 elementor-inner-column elementor-element elementor-element-f4c3dc6\" data-id=\"f4c3dc6\" data-element_type=\"column\" data-e-type=\"column\">\n\t\t\t<div class=\"elementor-widget-wrap elementor-element-populated\">\n\t\t\t\t\t\t<div class=\"elementor-element elementor-element-9ebcc27 elementor-widget elementor-widget-text-editor\" data-id=\"9ebcc27\" data-element_type=\"widget\" data-e-type=\"widget\" data-widget_type=\"text-editor.default\">\n\t\t\t\t<div class=\"elementor-widget-container\">\n\t\t\t\t\t\t\t\t\t<p><strong>Informationen zum Datenschutzrecht\u00a0\u00a0<\/strong><br \/>Auf dieser Seite wird beschrieben, wie die Website in Bezug auf die Verarbeitung personenbezogener Daten der Benutzer verwaltet wird, die sie konsultieren.<\/p><p>Diese Informationen werden auch gem\u00e4\u00df Art. bereitgestellt. 13 des Gesetzesdekrets Nr. 196\/2003 \u2013 Kodex zum Schutz personenbezogener Daten und gem\u00e4\u00df den Artikeln. 13-14 EU-Verordnung 2016\/679 f\u00fcr diejenigen, die mit den Webdiensten der Azienda Vinicola Villa Canthus di G. Ormenese e C. S.n.c. interagieren, elektronisch zug\u00e4nglich unter der Adresse:<\/p><p><blockquote class=\"wp-embedded-content\" data-secret=\"pCSZgic7vp\"><a href=\"https:\/\/villacanthus.it\/\">Home<\/a><\/blockquote><iframe class=\"wp-embedded-content\" sandbox=\"allow-scripts\" security=\"restricted\" style=\"position: absolute; clip: rect(1px, 1px, 1px, 1px);\" title=\"&#8220;Home&#8221; &#8212; Villa Canthus\" src=\"https:\/\/villacanthus.it\/embed\/#?secret=qanGWS0zjY#?secret=pCSZgic7vp\" data-secret=\"pCSZgic7vp\" width=\"600\" height=\"338\" frameborder=\"0\" marginwidth=\"0\" marginheight=\"0\" scrolling=\"no\"><\/iframe><\/p><p>Die Informationen werden nur f\u00fcr die Website des Weinguts Villa Canthus von G. Ormenese e C. S.n.c. bereitgestellt. und nicht f\u00fcr andere Websites, die der Benutzer m\u00f6glicherweise \u00fcber Links konsultiert.<\/p><p>Die Informationen basieren auch auf der Empfehlung Nr. 2\/2001, dass die europ\u00e4ischen Beh\u00f6rden zum Schutz personenbezogener Daten in der durch Art. 29 der Richtlinie Nr. 95\/46\/EG, angenommen am 17. Mai 2001, um einige Mindestanforderungen f\u00fcr die Online-Erhebung personenbezogener Daten festzulegen, insbesondere die Methoden, Zeiten und Art der Informationen, die Datenverantwortliche den betroffenen Personen zur Verf\u00fcgung stellen m\u00fcssen. Benutzer, wenn sie eine Verbindung zu Webseiten herstellen, unabh\u00e4ngig vom Zweck der Verbindung.<\/p><p>Die Daten des Unternehmens, das f\u00fcr die Datenverarbeitung gem\u00e4\u00df Artikel 29 des Kodex zum Schutz personenbezogener Daten und gem\u00e4\u00df Artikel 29 des Datenschutzgesetzes verantwortlich ist. 28 EU-VO 2016\/679 k\u00f6nnen Sie unter folgendem Link erreichen: <a href=\"https:\/\/omitech.it\/responsabile-del-trattamento\/\" target=\"_blank\" rel=\"noopener\">https:\/\/omitech.it\/responsabile-del-trattamento\/<\/a><\/p><p>Es werden keine aus dem Webservice stammenden Daten \u00fcbermittelt oder verbreitet.<\/p><p>Die von Nutzern zur Verf\u00fcgung gestellten personenbezogenen Daten, die Informationsmaterialanfragen (Mailinglisten, Newsletter, Antworten auf Fragen usw.) senden, werden ausschlie\u00dflich zum Zwecke der Erbringung der angeforderten Dienstleistung oder Bereitstellung verwendet und nicht an Dritte weitergegeben.<\/p><p>Arten der verarbeiteten Daten<br \/><br \/><strong>Browsing-Daten<\/strong><\/p><p>Die f\u00fcr den Betrieb dieser Website verwendeten Computersysteme und Softwareverfahren erfassen w\u00e4hrend ihres normalen Betriebs einige personenbezogene Daten, deren \u00dcbermittlung bei der Verwendung von Internet-Kommunikationsprotokollen implizit ist.<\/p><p>Hierbei handelt es sich um Informationen, die nicht erfasst werden, um identifizierten Interessenten zugeordnet zu werden, die aber aufgrund ihrer Beschaffenheit durch die Verarbeitung und Verkn\u00fcpfung mit Daten im Besitz Dritter eine Identifizierung der Nutzer erm\u00f6glichen k\u00f6nnten.<\/p><p>Zu dieser Datenkategorie geh\u00f6ren die IP-Adressen oder Dom\u00e4nennamen der Computer, die von Benutzern verwendet werden, die eine Verbindung zur Website herstellen, die Adressen in URI-Notation (Uniform Resource Identifier) \u200b\u200bder angeforderten Ressourcen, der Zeitpunkt der Anfrage und die verwendete Methode \u00dcbermittlung der Anfrage an den Server, die Gr\u00f6\u00dfe der als Antwort erhaltenen Datei, der numerische Code, der den Status der vom Server gegebenen Antwort angibt (erfolgreich, Fehler usw.) und andere Parameter, die sich auf das Betriebssystem und die IT-Umgebung des Benutzers beziehen .<\/p><p>Diese Daten werden ausschlie\u00dflich dazu verwendet, anonyme statistische Informationen \u00fcber die Nutzung der Website zu erhalten und deren ordnungsgem\u00e4\u00dfe Funktion zu \u00fcberpr\u00fcfen. Sie werden unmittelbar nach der Verarbeitung gel\u00f6scht. Die Daten k\u00f6nnten zur Feststellung der Verantwortlichkeit im Falle hypothetischer Computerkriminalit\u00e4t gegen die Website verwendet werden: Abgesehen von diesem Fall werden Daten \u00fcber Webkontakte derzeit nicht l\u00e4nger als sieben Tage gespeichert.<\/p><p>Vom Nutzer freiwillig angegebene Daten<\/p><p>Das optionale, ausdr\u00fcckliche und freiwillige Versenden von E-Mails an die auf dieser Website angegebenen Adressen, auch durch Ausf\u00fcllen bestimmter Formulare, beinhaltet die anschlie\u00dfende Erfassung der Absenderadresse, die f\u00fcr die Beantwortung von Anfragen erforderlich ist, sowie aller anderen darin enthaltenen personenbezogenen Daten Schreiben.<\/p><p>Die Daten werden im Wesentlichen zu folgenden konkreten Zwecken verarbeitet:<\/p><p>Informationsanfragen zu den angebotenen Dienstleistungen und Produkten\/L\u00f6sungen, die direkt von der Azienda Vinicola Villa Canthus di G. Ormenese e C. S.n.c. vermarktet werden.<br \/>Meldungen jeglicher Art, auch per Kontaktformular versandt;<br \/>\u00dcbermittlung von Informationen und\/oder personenbezogenen Daten zur Festlegung einer beruflichen Zusammenarbeit;<br \/>Versenden informativer Newsletter, sofern Sie bei dem jeweiligen Dienst registriert sind;<br \/>Abonnement des Unternehmensinformations-Newsletters (es wird darauf hingewiesen, dass der Newsletter keine kommerziellen und\/oder verkaufsf\u00f6rdernden Inhalte enth\u00e4lt).<br \/>Spezifische zusammenfassende Informationen werden auf Anfrage nach und nach auf den f\u00fcr bestimmte Dienste eingerichteten Seiten der Website gemeldet oder angezeigt.<\/p><p>4.2.1 Cookies<\/p><p>Cookies sind kleine Dateien, die von den von Ihnen besuchten Websites gesendet und auf Ihrem Computer gespeichert werden. Cookies werden im Dateiverzeichnis Ihres Browsers gespeichert. Wenn Sie die Website das n\u00e4chste Mal besuchen, liest Ihr Browser das Cookie und \u00fcbermittelt die Informationen an die Website oder Organisation zur\u00fcck, die das Cookie urspr\u00fcnglich erstellt hat. Um mehr \u00fcber diese Technologien und ihre Funktionsweise zu erfahren, besuchen Sie beispielsweise die Website allaboutcookies.org.<\/p><p>Die auf dieser Website verwendeten Sitzungscookies vermeiden den Einsatz anderer IT-Techniken, die m\u00f6glicherweise die Privatsph\u00e4re der Benutzer beim Surfen beeintr\u00e4chtigen k\u00f6nnten, und erm\u00f6glichen nicht die Erfassung pers\u00f6nlicher Identifikationsdaten des Benutzers.<\/p><p>Behandlungsmethoden<br \/>Personenbezogene Daten werden mit automatisierten Tools so lange verarbeitet, wie es f\u00fcr die Erreichung der Zwecke, f\u00fcr die sie erhoben wurden, unbedingt erforderlich ist.<\/p><p>Es werden besondere Sicherheitsma\u00dfnahmen beachtet, um Datenverlust, unerlaubte oder fehlerhafte Nutzung und unbefugten Zugriff zu verhindern.<\/p><p>\u00dcbermittlung Ihrer Daten ins Ausland<br \/>Die \u00fcber diese oder andere Websites eingegebenen personenbezogenen Daten k\u00f6nnen von uns oder unseren Vertretern zum Zweck der Erf\u00fcllung vertraglicher Verpflichtungen und zwingender gruppeninterner und\/oder Franchising-Kommunikationsanforderungen in andere L\u00e4nder \u00fcbermittelt werden.<\/p><p>Rechte der Interessenten<br \/>Die Personen, auf die sich die personenbezogenen Daten beziehen, haben jederzeit das Recht, eine Best\u00e4tigung \u00fcber das Vorhandensein oder Nichtvorhandensein dieser Daten zu erhalten und deren Inhalt und Herkunft zu erfahren, ihre Richtigkeit zu \u00fcberpr\u00fcfen oder ihre Erg\u00e4nzung, Aktualisierung oder Berichtigung zu verlangen (gem\u00e4\u00df Artikel 7 des Kodex zum Schutz personenbezogener Daten und gem\u00e4\u00df den Artikeln 15-22 der EU-Verordnung 2016\/679).<\/p><p>Gem\u00e4\u00df demselben Artikel haben Sie das Recht, die L\u00f6schung, Umwandlung in anonymisierte Form oder Sperrung der unter Versto\u00df gegen das Gesetz verarbeiteten Daten zu verlangen und sich in jedem Fall aus legitimen Gr\u00fcnden deren Verarbeitung zu widersetzen.<\/p><p>Anfragen sollten an folgende Adresse gerichtet werden:<\/p><p>\u2013 per herk\u00f6mmlicher Post an die Adresse des Weinguts Villa Canthus von G. Ormenese e C. S.n.c.<\/p><p>\u2013 per E-Mail an die Adresse: info@villacanthus.com<\/p><p>Rechtliche Hinweise<br \/>Hinweis f\u00fcr europ\u00e4ische Benutzer: Diese Datenschutzrichtlinie wurde in \u00dcbereinstimmung mit den in den Artikeln festgelegten Verpflichtungen erstellt. 13-14 EU-Verordnung 2016\/679 sowie die Bestimmungen der Richtlinie 2002\/58\/EG, aktualisiert durch die Richtlinie 2009\/136\/EG, in Bezug auf Cookies. Diese Datenschutzerkl\u00e4rung gilt ausschlie\u00dflich f\u00fcr diese Website.<\/p><p>F\u00fcr weitere Informationen k\u00f6nnen Sie sich an den Datenverantwortlichen wenden:<br \/>Firmenname: Azienda Vinicola Villa Canthus di G. Ormenese e C. S.n.c.<br \/>Sitz: Via Passo Lampol, 17 30020 Fossalta di Piave Venedig<br \/>Operativer Hauptsitz: Via Passo Lampol, 17 30020 Fossalta di Piave Venedig<br \/>Tel: 0421.679911 \u2013 Fax: 0421.679911<br \/>eM. info@villacanthus.com<\/p>\t\t\t\t\t\t\t\t<\/div>\n\t\t\t\t<\/div>\n\t\t\t\t\t<\/div>\n\t\t<\/div>\n\t\t\t\t\t<\/div>\n\t\t<\/section>\n\t\t\t\t\t<\/div>\n\t\t<\/div>\n\t\t\t\t\t<\/div>\n\t\t<\/section>\n\t\t\t\t<\/div>\n\t\t","protected":false},"excerpt":{"rendered":"<p>Informationen zum Datenschutzrecht\u00a0\u00a0Auf dieser Seite wird beschrieben, wie die Website in Bezug auf die Verarbeitung personenbezogener Daten der Benutzer verwaltet wird, die sie konsultieren. Diese Informationen werden auch gem\u00e4\u00df Art. bereitgestellt. 13 des Gesetzesdekrets Nr. 196\/2003 \u2013 Kodex zum Schutz personenbezogener Daten und gem\u00e4\u00df den Artikeln. 13-14 EU-Verordnung 2016\/679 f\u00fcr diejenigen, die mit den Webdiensten [&hellip;]<\/p>\n","protected":false},"author":1,"featured_media":0,"parent":0,"menu_order":0,"comment_status":"closed","ping_status":"closed","template":"elementor_header_footer","meta":{"_acf_changed":false,"footnotes":""},"class_list":["post-2112","page","type-page","status-publish","hentry"],"acf":[],"yoast_head":"<!-- This site is optimized with the Yoast SEO plugin v27.3 - https:\/\/yoast.com\/product\/yoast-seo-wordpress\/ -->\n<title>Privacy policy - Villa Canthus<\/title>\n<meta name=\"robots\" content=\"index, follow, max-snippet:-1, max-image-preview:large, max-video-preview:-1\" \/>\n<link rel=\"canonical\" href=\"https:\/\/villacanthus.it\/de\/privacy-policy\/\" \/>\n<meta property=\"og:locale\" content=\"de_DE\" \/>\n<meta property=\"og:type\" content=\"article\" \/>\n<meta property=\"og:title\" content=\"Privacy policy - Villa Canthus\" \/>\n<meta property=\"og:description\" content=\"Informationen zum Datenschutzrecht\u00a0\u00a0Auf dieser Seite wird beschrieben, wie die Website in Bezug auf die Verarbeitung personenbezogener Daten der Benutzer verwaltet wird, die sie konsultieren. Diese Informationen werden auch gem\u00e4\u00df Art. bereitgestellt. 13 des Gesetzesdekrets Nr. 196\/2003 \u2013 Kodex zum Schutz personenbezogener Daten und gem\u00e4\u00df den Artikeln. 13-14 EU-Verordnung 2016\/679 f\u00fcr diejenigen, die mit den Webdiensten [&hellip;]\" \/>\n<meta property=\"og:url\" content=\"https:\/\/villacanthus.it\/de\/privacy-policy\/\" \/>\n<meta property=\"og:site_name\" content=\"Villa Canthus\" \/>\n<meta property=\"article:modified_time\" content=\"2024-02-01T08:51:43+00:00\" \/>\n<meta property=\"og:image\" content=\"https:\/\/villacanthus.it\/wp-content\/uploads\/2023\/03\/elemento-grafico-2.png\" \/>\n<meta name=\"twitter:card\" content=\"summary_large_image\" \/>\n<meta name=\"twitter:label1\" content=\"Gesch\u00e4tzte Lesezeit\" \/>\n\t<meta name=\"twitter:data1\" content=\"6\u00a0Minuten\" \/>\n<script type=\"application\/ld+json\" class=\"yoast-schema-graph\">{\"@context\":\"https:\\\/\\\/schema.org\",\"@graph\":[{\"@type\":\"WebPage\",\"@id\":\"https:\\\/\\\/villacanthus.it\\\/de\\\/privacy-policy\\\/\",\"url\":\"https:\\\/\\\/villacanthus.it\\\/de\\\/privacy-policy\\\/\",\"name\":\"Privacy policy - Villa Canthus\",\"isPartOf\":{\"@id\":\"https:\\\/\\\/villacanthus.it\\\/de\\\/#website\"},\"primaryImageOfPage\":{\"@id\":\"https:\\\/\\\/villacanthus.it\\\/de\\\/privacy-policy\\\/#primaryimage\"},\"image\":{\"@id\":\"https:\\\/\\\/villacanthus.it\\\/de\\\/privacy-policy\\\/#primaryimage\"},\"thumbnailUrl\":\"https:\\\/\\\/villacanthus.it\\\/wp-content\\\/uploads\\\/2023\\\/03\\\/elemento-grafico-2.png\",\"datePublished\":\"2023-09-01T09:27:19+00:00\",\"dateModified\":\"2024-02-01T08:51:43+00:00\",\"breadcrumb\":{\"@id\":\"https:\\\/\\\/villacanthus.it\\\/de\\\/privacy-policy\\\/#breadcrumb\"},\"inLanguage\":\"de\",\"potentialAction\":[{\"@type\":\"ReadAction\",\"target\":[\"https:\\\/\\\/villacanthus.it\\\/de\\\/privacy-policy\\\/\"]}]},{\"@type\":\"ImageObject\",\"inLanguage\":\"de\",\"@id\":\"https:\\\/\\\/villacanthus.it\\\/de\\\/privacy-policy\\\/#primaryimage\",\"url\":\"https:\\\/\\\/villacanthus.it\\\/wp-content\\\/uploads\\\/2023\\\/03\\\/elemento-grafico-2.png\",\"contentUrl\":\"https:\\\/\\\/villacanthus.it\\\/wp-content\\\/uploads\\\/2023\\\/03\\\/elemento-grafico-2.png\"},{\"@type\":\"BreadcrumbList\",\"@id\":\"https:\\\/\\\/villacanthus.it\\\/de\\\/privacy-policy\\\/#breadcrumb\",\"itemListElement\":[{\"@type\":\"ListItem\",\"position\":1,\"name\":\"Home\",\"item\":\"https:\\\/\\\/villacanthus.it\\\/de\\\/\"},{\"@type\":\"ListItem\",\"position\":2,\"name\":\"Privacy policy\"}]},{\"@type\":\"WebSite\",\"@id\":\"https:\\\/\\\/villacanthus.it\\\/de\\\/#website\",\"url\":\"https:\\\/\\\/villacanthus.it\\\/de\\\/\",\"name\":\"Villa Canthus\",\"description\":\"\",\"publisher\":{\"@id\":\"https:\\\/\\\/villacanthus.it\\\/de\\\/#organization\"},\"potentialAction\":[{\"@type\":\"SearchAction\",\"target\":{\"@type\":\"EntryPoint\",\"urlTemplate\":\"https:\\\/\\\/villacanthus.it\\\/de\\\/?s={search_term_string}\"},\"query-input\":{\"@type\":\"PropertyValueSpecification\",\"valueRequired\":true,\"valueName\":\"search_term_string\"}}],\"inLanguage\":\"de\"},{\"@type\":\"Organization\",\"@id\":\"https:\\\/\\\/villacanthus.it\\\/de\\\/#organization\",\"name\":\"Villa Canthus\",\"url\":\"https:\\\/\\\/villacanthus.it\\\/de\\\/\",\"logo\":{\"@type\":\"ImageObject\",\"inLanguage\":\"de\",\"@id\":\"https:\\\/\\\/villacanthus.it\\\/de\\\/#\\\/schema\\\/logo\\\/image\\\/\",\"url\":\"https:\\\/\\\/villacanthus.it\\\/wp-content\\\/uploads\\\/2023\\\/03\\\/cropped-LOGO-villacanthus-oro-payoff.png\",\"contentUrl\":\"https:\\\/\\\/villacanthus.it\\\/wp-content\\\/uploads\\\/2023\\\/03\\\/cropped-LOGO-villacanthus-oro-payoff.png\",\"width\":684,\"height\":313,\"caption\":\"Villa Canthus\"},\"image\":{\"@id\":\"https:\\\/\\\/villacanthus.it\\\/de\\\/#\\\/schema\\\/logo\\\/image\\\/\"}}]}<\/script>\n<!-- \/ Yoast SEO plugin. -->","yoast_head_json":{"title":"Privacy policy - Villa Canthus","robots":{"index":"index","follow":"follow","max-snippet":"max-snippet:-1","max-image-preview":"max-image-preview:large","max-video-preview":"max-video-preview:-1"},"canonical":"https:\/\/villacanthus.it\/de\/privacy-policy\/","og_locale":"de_DE","og_type":"article","og_title":"Privacy policy - Villa Canthus","og_description":"Informationen zum Datenschutzrecht\u00a0\u00a0Auf dieser Seite wird beschrieben, wie die Website in Bezug auf die Verarbeitung personenbezogener Daten der Benutzer verwaltet wird, die sie konsultieren. Diese Informationen werden auch gem\u00e4\u00df Art. bereitgestellt. 13 des Gesetzesdekrets Nr. 196\/2003 \u2013 Kodex zum Schutz personenbezogener Daten und gem\u00e4\u00df den Artikeln. 13-14 EU-Verordnung 2016\/679 f\u00fcr diejenigen, die mit den Webdiensten [&hellip;]","og_url":"https:\/\/villacanthus.it\/de\/privacy-policy\/","og_site_name":"Villa Canthus","article_modified_time":"2024-02-01T08:51:43+00:00","og_image":[{"url":"https:\/\/villacanthus.it\/wp-content\/uploads\/2023\/03\/elemento-grafico-2.png","type":"","width":"","height":""}],"twitter_card":"summary_large_image","twitter_misc":{"Gesch\u00e4tzte Lesezeit":"6\u00a0Minuten"},"schema":{"@context":"https:\/\/schema.org","@graph":[{"@type":"WebPage","@id":"https:\/\/villacanthus.it\/de\/privacy-policy\/","url":"https:\/\/villacanthus.it\/de\/privacy-policy\/","name":"Privacy policy - Villa Canthus","isPartOf":{"@id":"https:\/\/villacanthus.it\/de\/#website"},"primaryImageOfPage":{"@id":"https:\/\/villacanthus.it\/de\/privacy-policy\/#primaryimage"},"image":{"@id":"https:\/\/villacanthus.it\/de\/privacy-policy\/#primaryimage"},"thumbnailUrl":"https:\/\/villacanthus.it\/wp-content\/uploads\/2023\/03\/elemento-grafico-2.png","datePublished":"2023-09-01T09:27:19+00:00","dateModified":"2024-02-01T08:51:43+00:00","breadcrumb":{"@id":"https:\/\/villacanthus.it\/de\/privacy-policy\/#breadcrumb"},"inLanguage":"de","potentialAction":[{"@type":"ReadAction","target":["https:\/\/villacanthus.it\/de\/privacy-policy\/"]}]},{"@type":"ImageObject","inLanguage":"de","@id":"https:\/\/villacanthus.it\/de\/privacy-policy\/#primaryimage","url":"https:\/\/villacanthus.it\/wp-content\/uploads\/2023\/03\/elemento-grafico-2.png","contentUrl":"https:\/\/villacanthus.it\/wp-content\/uploads\/2023\/03\/elemento-grafico-2.png"},{"@type":"BreadcrumbList","@id":"https:\/\/villacanthus.it\/de\/privacy-policy\/#breadcrumb","itemListElement":[{"@type":"ListItem","position":1,"name":"Home","item":"https:\/\/villacanthus.it\/de\/"},{"@type":"ListItem","position":2,"name":"Privacy policy"}]},{"@type":"WebSite","@id":"https:\/\/villacanthus.it\/de\/#website","url":"https:\/\/villacanthus.it\/de\/","name":"Villa Canthus","description":"","publisher":{"@id":"https:\/\/villacanthus.it\/de\/#organization"},"potentialAction":[{"@type":"SearchAction","target":{"@type":"EntryPoint","urlTemplate":"https:\/\/villacanthus.it\/de\/?s={search_term_string}"},"query-input":{"@type":"PropertyValueSpecification","valueRequired":true,"valueName":"search_term_string"}}],"inLanguage":"de"},{"@type":"Organization","@id":"https:\/\/villacanthus.it\/de\/#organization","name":"Villa Canthus","url":"https:\/\/villacanthus.it\/de\/","logo":{"@type":"ImageObject","inLanguage":"de","@id":"https:\/\/villacanthus.it\/de\/#\/schema\/logo\/image\/","url":"https:\/\/villacanthus.it\/wp-content\/uploads\/2023\/03\/cropped-LOGO-villacanthus-oro-payoff.png","contentUrl":"https:\/\/villacanthus.it\/wp-content\/uploads\/2023\/03\/cropped-LOGO-villacanthus-oro-payoff.png","width":684,"height":313,"caption":"Villa Canthus"},"image":{"@id":"https:\/\/villacanthus.it\/de\/#\/schema\/logo\/image\/"}}]}},"_links":{"self":[{"href":"https:\/\/villacanthus.it\/de\/wp-json\/wp\/v2\/pages\/2112","targetHints":{"allow":["GET"]}}],"collection":[{"href":"https:\/\/villacanthus.it\/de\/wp-json\/wp\/v2\/pages"}],"about":[{"href":"https:\/\/villacanthus.it\/de\/wp-json\/wp\/v2\/types\/page"}],"author":[{"embeddable":true,"href":"https:\/\/villacanthus.it\/de\/wp-json\/wp\/v2\/users\/1"}],"replies":[{"embeddable":true,"href":"https:\/\/villacanthus.it\/de\/wp-json\/wp\/v2\/comments?post=2112"}],"version-history":[{"count":4,"href":"https:\/\/villacanthus.it\/de\/wp-json\/wp\/v2\/pages\/2112\/revisions"}],"predecessor-version":[{"id":2431,"href":"https:\/\/villacanthus.it\/de\/wp-json\/wp\/v2\/pages\/2112\/revisions\/2431"}],"wp:attachment":[{"href":"https:\/\/villacanthus.it\/de\/wp-json\/wp\/v2\/media?parent=2112"}],"curies":[{"name":"wp","href":"https:\/\/api.w.org\/{rel}","templated":true}]}}