{"id":2106,"date":"2023-09-01T11:32:16","date_gmt":"2023-09-01T09:32:16","guid":{"rendered":"https:\/\/villacanthus.it\/cookie-policy\/"},"modified":"2023-09-26T14:40:51","modified_gmt":"2023-09-26T12:40:51","slug":"cookie-policy","status":"publish","type":"page","link":"https:\/\/villacanthus.it\/de\/cookie-policy\/","title":{"rendered":"Cookie policy"},"content":{"rendered":"\t\t<div data-elementor-type=\"wp-page\" data-elementor-id=\"2106\" class=\"elementor elementor-2106 elementor-1193\" data-elementor-post-type=\"page\">\n\t\t\t\t\t\t<section class=\"elementor-section elementor-top-section elementor-element elementor-element-8ad2957 elementor-section-boxed elementor-section-height-default elementor-section-height-default\" data-id=\"8ad2957\" data-element_type=\"section\" data-e-type=\"section\" data-settings=\"{&quot;background_background&quot;:&quot;slideshow&quot;,&quot;background_slideshow_gallery&quot;:[{&quot;id&quot;:684,&quot;url&quot;:&quot;https:\\\/\\\/villacanthus.it\\\/wp-content\\\/uploads\\\/2023\\\/05\\\/IMG-20200823-WA0002.jpg&quot;},{&quot;id&quot;:256,&quot;url&quot;:&quot;https:\\\/\\\/villacanthus.it\\\/wp-content\\\/uploads\\\/2023\\\/04\\\/villa-canthus.jpg&quot;},{&quot;id&quot;:58,&quot;url&quot;:&quot;https:\\\/\\\/villacanthus.it\\\/wp-content\\\/uploads\\\/2023\\\/03\\\/IMG-20210530-WA0003.jpg&quot;}],&quot;background_slideshow_loop&quot;:&quot;yes&quot;,&quot;background_slideshow_slide_duration&quot;:5000,&quot;background_slideshow_slide_transition&quot;:&quot;fade&quot;,&quot;background_slideshow_transition_duration&quot;:500}\">\n\t\t\t\t\t\t\t<div class=\"elementor-background-overlay\"><\/div>\n\t\t\t\t\t\t\t<div class=\"elementor-container elementor-column-gap-default\">\n\t\t\t\t\t<div class=\"elementor-column elementor-col-100 elementor-top-column elementor-element elementor-element-3707c45\" data-id=\"3707c45\" data-element_type=\"column\" data-e-type=\"column\">\n\t\t\t<div class=\"elementor-widget-wrap elementor-element-populated\">\n\t\t\t\t\t\t<div class=\"elementor-element elementor-element-1413ad5 elementor-absolute animated-slow elementor-invisible elementor-widget elementor-widget-image\" data-id=\"1413ad5\" data-element_type=\"widget\" data-e-type=\"widget\" data-settings=\"{&quot;_position&quot;:&quot;absolute&quot;,&quot;_animation&quot;:&quot;fadeInUp&quot;,&quot;_animation_delay&quot;:500}\" data-widget_type=\"image.default\">\n\t\t\t\t<div class=\"elementor-widget-container\">\n\t\t\t\t\t\t\t\t\t\t\t\t\t\t\t<img fetchpriority=\"high\" decoding=\"async\" width=\"349\" height=\"352\" src=\"https:\/\/villacanthus.it\/wp-content\/uploads\/2023\/03\/elemento-grafico-2.png\" class=\"attachment-large size-large wp-image-1443\" alt=\"\" srcset=\"https:\/\/villacanthus.it\/wp-content\/uploads\/2023\/03\/elemento-grafico-2.png 349w, https:\/\/villacanthus.it\/wp-content\/uploads\/2023\/03\/elemento-grafico-2-100x100.png 100w, https:\/\/villacanthus.it\/wp-content\/uploads\/2023\/03\/elemento-grafico-2-297x300.png 297w, https:\/\/villacanthus.it\/wp-content\/uploads\/2023\/03\/elemento-grafico-2-150x150.png 150w\" sizes=\"(max-width: 349px) 100vw, 349px\" \/>\t\t\t\t\t\t\t\t\t\t\t\t\t\t\t<\/div>\n\t\t\t\t<\/div>\n\t\t\t\t<div class=\"elementor-element elementor-element-d50c1be elementor-invisible elementor-widget elementor-widget-heading\" data-id=\"d50c1be\" data-element_type=\"widget\" data-e-type=\"widget\" data-settings=\"{&quot;_animation&quot;:&quot;fadeInUp&quot;}\" data-widget_type=\"heading.default\">\n\t\t\t\t<div class=\"elementor-widget-container\">\n\t\t\t\t\t<h2 class=\"elementor-heading-title elementor-size-default\">Cookie policy<\/h2>\t\t\t\t<\/div>\n\t\t\t\t<\/div>\n\t\t\t\t<div class=\"elementor-element elementor-element-21f315c elementor-widget elementor-widget-woocommerce-breadcrumb\" data-id=\"21f315c\" data-element_type=\"widget\" data-e-type=\"widget\" data-widget_type=\"woocommerce-breadcrumb.default\">\n\t\t\t\t<div class=\"elementor-widget-container\">\n\t\t\t\t\t<nav class=\"woocommerce-breadcrumb\" aria-label=\"Breadcrumb\">Start<\/nav>\t\t\t\t<\/div>\n\t\t\t\t<\/div>\n\t\t\t\t\t<\/div>\n\t\t<\/div>\n\t\t\t\t\t<\/div>\n\t\t<\/section>\n\t\t\t\t<section class=\"elementor-section elementor-top-section elementor-element elementor-element-ff09c00 elementor-section-full_width elementor-section-height-default elementor-section-height-default\" data-id=\"ff09c00\" data-element_type=\"section\" data-e-type=\"section\" data-settings=\"{&quot;background_background&quot;:&quot;classic&quot;}\">\n\t\t\t\t\t\t<div class=\"elementor-container elementor-column-gap-default\">\n\t\t\t\t\t<div class=\"elementor-column elementor-col-100 elementor-top-column elementor-element elementor-element-91f0752\" data-id=\"91f0752\" data-element_type=\"column\" data-e-type=\"column\">\n\t\t\t<div class=\"elementor-widget-wrap elementor-element-populated\">\n\t\t\t\t\t\t<section class=\"elementor-section elementor-inner-section elementor-element elementor-element-56a5ba7 elementor-section-boxed elementor-section-height-default elementor-section-height-default\" data-id=\"56a5ba7\" data-element_type=\"section\" data-e-type=\"section\">\n\t\t\t\t\t\t<div class=\"elementor-container elementor-column-gap-default\">\n\t\t\t\t\t<div class=\"elementor-column elementor-col-100 elementor-inner-column elementor-element elementor-element-f4c3dc6\" data-id=\"f4c3dc6\" data-element_type=\"column\" data-e-type=\"column\">\n\t\t\t<div class=\"elementor-widget-wrap elementor-element-populated\">\n\t\t\t\t\t\t<div class=\"elementor-element elementor-element-9ebcc27 elementor-widget elementor-widget-text-editor\" data-id=\"9ebcc27\" data-element_type=\"widget\" data-e-type=\"widget\" data-widget_type=\"text-editor.default\">\n\t\t\t\t<div class=\"elementor-widget-container\">\n\t\t\t\t\t\t\t\t\t<p><strong>Cookie-Richtlinie<\/strong><\/p>\n<p>In dieser Richtlinie wird ausf\u00fchrlich erl\u00e4utert, wie diese Website Cookies sowie Cookie-\u00e4hnliche Dateien und Technologien auf ihren Websites verwendet, wie z. B. Local Shared Objects, auch bekannt als \u201eFlash-Cookies\u201c, Web-Beacons usw. Wir bezeichnen diese im Allgemeinen als \u201eCookies\u201c. Wenn Sie unsere Website besuchen und Ihre Browsereinstellungen Cookies akzeptieren, gilt die Verwendung unserer Cookies als akzeptiert.<\/p>\n<p>Cookies sind kleine Dateien, die von den von Ihnen besuchten Websites gesendet und auf Ihrem Computer gespeichert werden. Cookies werden im Dateiverzeichnis Ihres Browsers gespeichert. Wenn Sie die Website das n\u00e4chste Mal besuchen, liest Ihr Browser das Cookie und \u00fcbermittelt die Informationen an die Website oder Organisation zur\u00fcck, die das Cookie urspr\u00fcnglich erstellt hat. Um mehr \u00fcber diese Technologien und ihre Funktionsweise zu erfahren, besuchen Sie beispielsweise die Website allaboutcookies.org.<\/p>\n<p>Die auf dieser Website verwendeten Sitzungscookies vermeiden den Einsatz anderer IT-Techniken, die m\u00f6glicherweise die Privatsph\u00e4re der Benutzer beim Surfen beeintr\u00e4chtigen k\u00f6nnten, und erm\u00f6glichen nicht die Erfassung pers\u00f6nlicher Identifikationsdaten des Benutzers.<\/p>\n<p>Die Aufbewahrungsdauer der erfassten Daten h\u00e4ngt von der Art der Cookies ab. Sitzungscookies verfallen, wenn der Browser geschlossen wird. Dauerhafte Cookies, einschlie\u00dflich Local Shared Objects (Flash-Cookies), haben typische Ablaufdaten zwischen zwei Monaten und einigen Jahren.<\/p>\n<p><strong>So deaktivieren Sie Cookies (Opt-out)<\/strong><\/p>\n<p>Die meisten Internetbrowser sind von vornherein so eingestellt, dass sie Cookies automatisch akzeptieren. Das bedeutet, dass Sie jederzeit die M\u00f6glichkeit haben, Ihren Browser so einzustellen, dass er alle Cookies, nur einige davon, akzeptiert oder sie ablehnt und ihre Verwendung durch die Websites deaktiviert. Normalerweise k\u00f6nnen Sie Ihre Browsereinstellungen auch so einstellen, dass Sie jedes Mal benachrichtigt werden, wenn ein Cookie auf Ihrem Computer gespeichert wird. Schlie\u00dflich k\u00f6nnen Sie am Ende jeder Browsersitzung die gesammelten Cookies von der Festplatte Ihres Ger\u00e4ts l\u00f6schen. Wenn Sie die im Cookie-Ordner des verwendeten Browsers installierten Cookies l\u00f6schen m\u00f6chten, sollten Sie bedenken, dass jeder Browser \u00fcber unterschiedliche Verfahren zur Verwaltung der Einstellungen verf\u00fcgt.<\/p>\n<p>Informationen zur Verwaltung von Cookies in Ihrem Browser finden Sie unter den folgenden Adressen:<\/p>\n<p>Google Chrome\u00a0(<a href=\"https:\/\/support.google.com\/chrome\/answer\/95647?co=GENIE.Platform%3DDesktop&amp;hl=it\" target=\"_blank\" rel=\"noreferrer noopener\">https: \/\/support.google.com\/chrome\/answer\/95647?co=GENIE.Platform%3DDesktop&amp;hl=it<\/a>)<br \/>\n<a href=\"https:\/\/support.mozilla.org\/it\/kb\/Gestione%20dei%20cookie\" target=\"_blank\" rel=\"noreferrer noopener\"><u>Mozilla Firefox\u00a0<\/u>(https:\/ \/support.mozilla.org\/it\/kb\/Gestione%20dei%20cookie)\u00a0<\/a><br \/>\n<a href=\"https:\/\/support.apple.com\/kb\/ph19214?locale=it_IT\" target=\"_blank\" rel=\"noreferrer noopener\"><u>Apple Safari\u00a0<\/u>(https:\/\/support .apple.com\/kb\/ph19214?locale=it_IT)<\/a><br \/>\n<a href=\"https:\/\/support.apple.com\/it-it\/HT201265\" target=\"_blank\" rel=\"noreferrer noopener\"><u>Apple Safari f\u00fcr mobile Ger\u00e4te\u00a0<\/u>(https:\/\/ support.apple.com\/it-it\/HT201265)\u00a0<\/a><br \/>\n<a href=\"https:\/\/support.microsoft.com\/it-it\/help\/17442\/windows-internet-explorer-delete-manage-cookies\" target=\"_blank\" rel=\"noreferrer noopener\"><u> Microsoft Windows Explorer<\/u>(https:\/\/support.microsoft.com\/it-it\/help\/17442\/windows-internet-explorer-delete-manage-cookies)\u00a0<\/a><br \/>\n<a href=\"https:\/\/privacy.microsoft.com\/it-IT\/windows-10-microsoft-edge-and-privacy\" target=\"_blank\" rel=\"noreferrer noopener\"><u>Microsoft Windows Edge\u00a0< \/u>(https:\/\/privacy.microsoft.com\/it-IT\/windows-10-microsoft-edge-and-privacy)<\/a><\/p>\n<p>Um au\u00dferdem keine Google Analytics-Cookies zu erhalten, k\u00f6nnen Sie die Seite besuchen:\u00a0<a href=\"https:\/\/tools.google.com\/dlpage\/gaoptout\/\" target=\"_blank\" rel=\"noreferrer noopener\">https:\/\/ tools.google.com\/dlpage\/gaoptout\/<br \/>\n<\/a>Alternativ ist es m\u00f6glich, nur Google Analytics-Cookies zu deaktivieren, indem Sie das von Google f\u00fcr die wichtigsten Browser bereitgestellte Opt-out-Add-on verwenden.<br \/>\nWenn Sie mehr \u00fcber Cookies im Allgemeinen erfahren m\u00f6chten, besuchen Sie die Seite www.allaboutcookies.org.<\/p>\n<p><strong>Technische Cookies, die keiner Zustimmung bed\u00fcrfen<\/strong><\/p>\n<p>Zu den sogenannten \u201etechnischen\u201c Cookies, f\u00fcr deren Verarbeitung keine Einwilligung erforderlich ist, z\u00e4hlen:<\/p>\n<ol>\n<li>a) Cookies im Zusammenhang mit Aktivit\u00e4ten, die f\u00fcr das Funktionieren der Website und die Bereitstellung des Dienstes unbedingt erforderlich sind: Dabei handelt es sich um Cookies, die dazu dienen, die normale Navigation auf der Website zu gew\u00e4hrleisten. In den meisten F\u00e4llen handelt es sich dabei um Sitzungscookies.<\/li>\n<li>b) Funktionscookies im Zusammenhang mit Optimierungsaktivit\u00e4ten: Dies sind Cookies, die es dem Benutzer erm\u00f6glichen, auf der Website nach ausgew\u00e4hlten Kriterien (wie Sprache, W\u00e4hrung, Inhalt des Warenkorbs bei Online-Eink\u00e4ufen) zu navigieren, um die Nutzung von zu erm\u00f6glichen die erbrachten Leistungen zu verbessern und\/oder zu verbessern. In den meisten F\u00e4llen ist es c<br \/>\n\t\t\t\t\t\t\t\t<\/div>\n\t\t\t\t<\/div>\n\t\t\t\t\t<\/div>\n\t\t<\/div>\n\t\t\t\t\t<\/div>\n\t\t<\/section>\n\t\t\t\t\t<\/div>\n\t\t<\/div>\n\t\t\t\t\t<\/div>\n\t\t<\/section>\n\t\t\t\t<\/div>\n\t\t","protected":false},"excerpt":{"rendered":"<p>Cookie-Richtlinie In dieser Richtlinie wird ausf\u00fchrlich erl\u00e4utert, wie diese Website Cookies sowie Cookie-\u00e4hnliche Dateien und Technologien auf ihren Websites verwendet, wie z. B. Local Shared Objects, auch bekannt als \u201eFlash-Cookies\u201c, Web-Beacons usw. Wir bezeichnen diese im Allgemeinen als \u201eCookies\u201c. Wenn Sie unsere Website besuchen und Ihre Browsereinstellungen Cookies akzeptieren, gilt die Verwendung unserer Cookies als [&hellip;]<\/p>\n","protected":false},"author":1,"featured_media":0,"parent":0,"menu_order":0,"comment_status":"closed","ping_status":"closed","template":"elementor_header_footer","meta":{"_acf_changed":false,"footnotes":""},"class_list":["post-2106","page","type-page","status-publish","hentry"],"acf":[],"yoast_head":"<!-- This site is optimized with the Yoast SEO plugin v27.3 - https:\/\/yoast.com\/product\/yoast-seo-wordpress\/ -->\n<title>Cookie policy - Villa Canthus<\/title>\n<meta name=\"robots\" content=\"index, follow, max-snippet:-1, max-image-preview:large, max-video-preview:-1\" \/>\n<link rel=\"canonical\" href=\"https:\/\/villacanthus.it\/de\/cookie-policy\/\" \/>\n<meta property=\"og:locale\" content=\"de_DE\" \/>\n<meta property=\"og:type\" content=\"article\" \/>\n<meta property=\"og:title\" content=\"Cookie policy - Villa Canthus\" \/>\n<meta property=\"og:description\" content=\"Cookie-Richtlinie In dieser Richtlinie wird ausf\u00fchrlich erl\u00e4utert, wie diese Website Cookies sowie Cookie-\u00e4hnliche Dateien und Technologien auf ihren Websites verwendet, wie z. B. Local Shared Objects, auch bekannt als \u201eFlash-Cookies\u201c, Web-Beacons usw. Wir bezeichnen diese im Allgemeinen als \u201eCookies\u201c. Wenn Sie unsere Website besuchen und Ihre Browsereinstellungen Cookies akzeptieren, gilt die Verwendung unserer Cookies als [&hellip;]\" \/>\n<meta property=\"og:url\" content=\"https:\/\/villacanthus.it\/de\/cookie-policy\/\" \/>\n<meta property=\"og:site_name\" content=\"Villa Canthus\" \/>\n<meta property=\"article:modified_time\" content=\"2023-09-26T12:40:51+00:00\" \/>\n<meta property=\"og:image\" content=\"https:\/\/villacanthus.it\/wp-content\/uploads\/2023\/03\/elemento-grafico-2.png\" \/>\n<meta name=\"twitter:card\" content=\"summary_large_image\" \/>\n<meta name=\"twitter:label1\" content=\"Gesch\u00e4tzte Lesezeit\" \/>\n\t<meta name=\"twitter:data1\" content=\"3\u00a0Minuten\" \/>\n<script type=\"application\/ld+json\" class=\"yoast-schema-graph\">{\"@context\":\"https:\\\/\\\/schema.org\",\"@graph\":[{\"@type\":\"WebPage\",\"@id\":\"https:\\\/\\\/villacanthus.it\\\/de\\\/cookie-policy\\\/\",\"url\":\"https:\\\/\\\/villacanthus.it\\\/de\\\/cookie-policy\\\/\",\"name\":\"Cookie policy - Villa Canthus\",\"isPartOf\":{\"@id\":\"https:\\\/\\\/villacanthus.it\\\/de\\\/#website\"},\"primaryImageOfPage\":{\"@id\":\"https:\\\/\\\/villacanthus.it\\\/de\\\/cookie-policy\\\/#primaryimage\"},\"image\":{\"@id\":\"https:\\\/\\\/villacanthus.it\\\/de\\\/cookie-policy\\\/#primaryimage\"},\"thumbnailUrl\":\"https:\\\/\\\/villacanthus.it\\\/wp-content\\\/uploads\\\/2023\\\/03\\\/elemento-grafico-2.png\",\"datePublished\":\"2023-09-01T09:32:16+00:00\",\"dateModified\":\"2023-09-26T12:40:51+00:00\",\"breadcrumb\":{\"@id\":\"https:\\\/\\\/villacanthus.it\\\/de\\\/cookie-policy\\\/#breadcrumb\"},\"inLanguage\":\"de\",\"potentialAction\":[{\"@type\":\"ReadAction\",\"target\":[\"https:\\\/\\\/villacanthus.it\\\/de\\\/cookie-policy\\\/\"]}]},{\"@type\":\"ImageObject\",\"inLanguage\":\"de\",\"@id\":\"https:\\\/\\\/villacanthus.it\\\/de\\\/cookie-policy\\\/#primaryimage\",\"url\":\"https:\\\/\\\/villacanthus.it\\\/wp-content\\\/uploads\\\/2023\\\/03\\\/elemento-grafico-2.png\",\"contentUrl\":\"https:\\\/\\\/villacanthus.it\\\/wp-content\\\/uploads\\\/2023\\\/03\\\/elemento-grafico-2.png\"},{\"@type\":\"BreadcrumbList\",\"@id\":\"https:\\\/\\\/villacanthus.it\\\/de\\\/cookie-policy\\\/#breadcrumb\",\"itemListElement\":[{\"@type\":\"ListItem\",\"position\":1,\"name\":\"Home\",\"item\":\"https:\\\/\\\/villacanthus.it\\\/de\\\/\"},{\"@type\":\"ListItem\",\"position\":2,\"name\":\"Cookie policy\"}]},{\"@type\":\"WebSite\",\"@id\":\"https:\\\/\\\/villacanthus.it\\\/de\\\/#website\",\"url\":\"https:\\\/\\\/villacanthus.it\\\/de\\\/\",\"name\":\"Villa Canthus\",\"description\":\"\",\"publisher\":{\"@id\":\"https:\\\/\\\/villacanthus.it\\\/de\\\/#organization\"},\"potentialAction\":[{\"@type\":\"SearchAction\",\"target\":{\"@type\":\"EntryPoint\",\"urlTemplate\":\"https:\\\/\\\/villacanthus.it\\\/de\\\/?s={search_term_string}\"},\"query-input\":{\"@type\":\"PropertyValueSpecification\",\"valueRequired\":true,\"valueName\":\"search_term_string\"}}],\"inLanguage\":\"de\"},{\"@type\":\"Organization\",\"@id\":\"https:\\\/\\\/villacanthus.it\\\/de\\\/#organization\",\"name\":\"Villa Canthus\",\"url\":\"https:\\\/\\\/villacanthus.it\\\/de\\\/\",\"logo\":{\"@type\":\"ImageObject\",\"inLanguage\":\"de\",\"@id\":\"https:\\\/\\\/villacanthus.it\\\/de\\\/#\\\/schema\\\/logo\\\/image\\\/\",\"url\":\"https:\\\/\\\/villacanthus.it\\\/wp-content\\\/uploads\\\/2023\\\/03\\\/cropped-LOGO-villacanthus-oro-payoff.png\",\"contentUrl\":\"https:\\\/\\\/villacanthus.it\\\/wp-content\\\/uploads\\\/2023\\\/03\\\/cropped-LOGO-villacanthus-oro-payoff.png\",\"width\":684,\"height\":313,\"caption\":\"Villa Canthus\"},\"image\":{\"@id\":\"https:\\\/\\\/villacanthus.it\\\/de\\\/#\\\/schema\\\/logo\\\/image\\\/\"}}]}<\/script>\n<!-- \/ Yoast SEO plugin. -->","yoast_head_json":{"title":"Cookie policy - Villa Canthus","robots":{"index":"index","follow":"follow","max-snippet":"max-snippet:-1","max-image-preview":"max-image-preview:large","max-video-preview":"max-video-preview:-1"},"canonical":"https:\/\/villacanthus.it\/de\/cookie-policy\/","og_locale":"de_DE","og_type":"article","og_title":"Cookie policy - Villa Canthus","og_description":"Cookie-Richtlinie In dieser Richtlinie wird ausf\u00fchrlich erl\u00e4utert, wie diese Website Cookies sowie Cookie-\u00e4hnliche Dateien und Technologien auf ihren Websites verwendet, wie z. B. Local Shared Objects, auch bekannt als \u201eFlash-Cookies\u201c, Web-Beacons usw. Wir bezeichnen diese im Allgemeinen als \u201eCookies\u201c. Wenn Sie unsere Website besuchen und Ihre Browsereinstellungen Cookies akzeptieren, gilt die Verwendung unserer Cookies als [&hellip;]","og_url":"https:\/\/villacanthus.it\/de\/cookie-policy\/","og_site_name":"Villa Canthus","article_modified_time":"2023-09-26T12:40:51+00:00","og_image":[{"url":"https:\/\/villacanthus.it\/wp-content\/uploads\/2023\/03\/elemento-grafico-2.png","type":"","width":"","height":""}],"twitter_card":"summary_large_image","twitter_misc":{"Gesch\u00e4tzte Lesezeit":"3\u00a0Minuten"},"schema":{"@context":"https:\/\/schema.org","@graph":[{"@type":"WebPage","@id":"https:\/\/villacanthus.it\/de\/cookie-policy\/","url":"https:\/\/villacanthus.it\/de\/cookie-policy\/","name":"Cookie policy - Villa Canthus","isPartOf":{"@id":"https:\/\/villacanthus.it\/de\/#website"},"primaryImageOfPage":{"@id":"https:\/\/villacanthus.it\/de\/cookie-policy\/#primaryimage"},"image":{"@id":"https:\/\/villacanthus.it\/de\/cookie-policy\/#primaryimage"},"thumbnailUrl":"https:\/\/villacanthus.it\/wp-content\/uploads\/2023\/03\/elemento-grafico-2.png","datePublished":"2023-09-01T09:32:16+00:00","dateModified":"2023-09-26T12:40:51+00:00","breadcrumb":{"@id":"https:\/\/villacanthus.it\/de\/cookie-policy\/#breadcrumb"},"inLanguage":"de","potentialAction":[{"@type":"ReadAction","target":["https:\/\/villacanthus.it\/de\/cookie-policy\/"]}]},{"@type":"ImageObject","inLanguage":"de","@id":"https:\/\/villacanthus.it\/de\/cookie-policy\/#primaryimage","url":"https:\/\/villacanthus.it\/wp-content\/uploads\/2023\/03\/elemento-grafico-2.png","contentUrl":"https:\/\/villacanthus.it\/wp-content\/uploads\/2023\/03\/elemento-grafico-2.png"},{"@type":"BreadcrumbList","@id":"https:\/\/villacanthus.it\/de\/cookie-policy\/#breadcrumb","itemListElement":[{"@type":"ListItem","position":1,"name":"Home","item":"https:\/\/villacanthus.it\/de\/"},{"@type":"ListItem","position":2,"name":"Cookie policy"}]},{"@type":"WebSite","@id":"https:\/\/villacanthus.it\/de\/#website","url":"https:\/\/villacanthus.it\/de\/","name":"Villa Canthus","description":"","publisher":{"@id":"https:\/\/villacanthus.it\/de\/#organization"},"potentialAction":[{"@type":"SearchAction","target":{"@type":"EntryPoint","urlTemplate":"https:\/\/villacanthus.it\/de\/?s={search_term_string}"},"query-input":{"@type":"PropertyValueSpecification","valueRequired":true,"valueName":"search_term_string"}}],"inLanguage":"de"},{"@type":"Organization","@id":"https:\/\/villacanthus.it\/de\/#organization","name":"Villa Canthus","url":"https:\/\/villacanthus.it\/de\/","logo":{"@type":"ImageObject","inLanguage":"de","@id":"https:\/\/villacanthus.it\/de\/#\/schema\/logo\/image\/","url":"https:\/\/villacanthus.it\/wp-content\/uploads\/2023\/03\/cropped-LOGO-villacanthus-oro-payoff.png","contentUrl":"https:\/\/villacanthus.it\/wp-content\/uploads\/2023\/03\/cropped-LOGO-villacanthus-oro-payoff.png","width":684,"height":313,"caption":"Villa Canthus"},"image":{"@id":"https:\/\/villacanthus.it\/de\/#\/schema\/logo\/image\/"}}]}},"_links":{"self":[{"href":"https:\/\/villacanthus.it\/de\/wp-json\/wp\/v2\/pages\/2106","targetHints":{"allow":["GET"]}}],"collection":[{"href":"https:\/\/villacanthus.it\/de\/wp-json\/wp\/v2\/pages"}],"about":[{"href":"https:\/\/villacanthus.it\/de\/wp-json\/wp\/v2\/types\/page"}],"author":[{"embeddable":true,"href":"https:\/\/villacanthus.it\/de\/wp-json\/wp\/v2\/users\/1"}],"replies":[{"embeddable":true,"href":"https:\/\/villacanthus.it\/de\/wp-json\/wp\/v2\/comments?post=2106"}],"version-history":[{"count":1,"href":"https:\/\/villacanthus.it\/de\/wp-json\/wp\/v2\/pages\/2106\/revisions"}],"predecessor-version":[{"id":2107,"href":"https:\/\/villacanthus.it\/de\/wp-json\/wp\/v2\/pages\/2106\/revisions\/2107"}],"wp:attachment":[{"href":"https:\/\/villacanthus.it\/de\/wp-json\/wp\/v2\/media?parent=2106"}],"curies":[{"name":"wp","href":"https:\/\/api.w.org\/{rel}","templated":true}]}}