{"id":2104,"date":"2023-09-01T09:17:24","date_gmt":"2023-09-01T07:17:24","guid":{"rendered":"https:\/\/villacanthus.it\/allgemeine-verkaufsbedingungen\/"},"modified":"2023-09-26T14:39:57","modified_gmt":"2023-09-26T12:39:57","slug":"allgemeine-verkaufsbedingungen","status":"publish","type":"page","link":"https:\/\/villacanthus.it\/de\/allgemeine-verkaufsbedingungen\/","title":{"rendered":"Allgemeine Verkaufsbedingungen"},"content":{"rendered":"\t\t<div data-elementor-type=\"wp-page\" data-elementor-id=\"2104\" class=\"elementor elementor-2104 elementor-1161\" data-elementor-post-type=\"page\">\n\t\t\t\t\t\t<section class=\"elementor-section elementor-top-section elementor-element elementor-element-3513ad8 elementor-section-boxed elementor-section-height-default elementor-section-height-default\" data-id=\"3513ad8\" data-element_type=\"section\" data-e-type=\"section\" data-settings=\"{&quot;background_background&quot;:&quot;slideshow&quot;,&quot;background_slideshow_gallery&quot;:[{&quot;id&quot;:684,&quot;url&quot;:&quot;https:\\\/\\\/villacanthus.it\\\/wp-content\\\/uploads\\\/2023\\\/05\\\/IMG-20200823-WA0002.jpg&quot;},{&quot;id&quot;:256,&quot;url&quot;:&quot;https:\\\/\\\/villacanthus.it\\\/wp-content\\\/uploads\\\/2023\\\/04\\\/villa-canthus.jpg&quot;},{&quot;id&quot;:58,&quot;url&quot;:&quot;https:\\\/\\\/villacanthus.it\\\/wp-content\\\/uploads\\\/2023\\\/03\\\/IMG-20210530-WA0003.jpg&quot;}],&quot;background_slideshow_loop&quot;:&quot;yes&quot;,&quot;background_slideshow_slide_duration&quot;:5000,&quot;background_slideshow_slide_transition&quot;:&quot;fade&quot;,&quot;background_slideshow_transition_duration&quot;:500}\">\n\t\t\t\t\t\t\t<div class=\"elementor-background-overlay\"><\/div>\n\t\t\t\t\t\t\t<div class=\"elementor-container elementor-column-gap-default\">\n\t\t\t\t\t<div class=\"elementor-column elementor-col-100 elementor-top-column elementor-element elementor-element-3fd1695\" data-id=\"3fd1695\" data-element_type=\"column\" data-e-type=\"column\">\n\t\t\t<div class=\"elementor-widget-wrap elementor-element-populated\">\n\t\t\t\t\t\t<div class=\"elementor-element elementor-element-4af36c8 elementor-absolute animated-slow elementor-invisible elementor-widget elementor-widget-image\" data-id=\"4af36c8\" data-element_type=\"widget\" data-e-type=\"widget\" data-settings=\"{&quot;_position&quot;:&quot;absolute&quot;,&quot;_animation&quot;:&quot;fadeInUp&quot;,&quot;_animation_delay&quot;:500}\" data-widget_type=\"image.default\">\n\t\t\t\t<div class=\"elementor-widget-container\">\n\t\t\t\t\t\t\t\t\t\t\t\t\t\t\t<img fetchpriority=\"high\" decoding=\"async\" width=\"349\" height=\"352\" src=\"https:\/\/villacanthus.it\/wp-content\/uploads\/2023\/03\/elemento-grafico-2.png\" class=\"attachment-large size-large wp-image-1443\" alt=\"\" srcset=\"https:\/\/villacanthus.it\/wp-content\/uploads\/2023\/03\/elemento-grafico-2.png 349w, https:\/\/villacanthus.it\/wp-content\/uploads\/2023\/03\/elemento-grafico-2-100x100.png 100w, https:\/\/villacanthus.it\/wp-content\/uploads\/2023\/03\/elemento-grafico-2-297x300.png 297w, https:\/\/villacanthus.it\/wp-content\/uploads\/2023\/03\/elemento-grafico-2-150x150.png 150w\" sizes=\"(max-width: 349px) 100vw, 349px\" \/>\t\t\t\t\t\t\t\t\t\t\t\t\t\t\t<\/div>\n\t\t\t\t<\/div>\n\t\t\t\t<div class=\"elementor-element elementor-element-2a7f94b elementor-invisible elementor-widget elementor-widget-heading\" data-id=\"2a7f94b\" data-element_type=\"widget\" data-e-type=\"widget\" data-settings=\"{&quot;_animation&quot;:&quot;fadeInUp&quot;}\" data-widget_type=\"heading.default\">\n\t\t\t\t<div class=\"elementor-widget-container\">\n\t\t\t\t\t<h2 class=\"elementor-heading-title elementor-size-default\">Allgemeine Verkaufsbedingungen<\/h2>\t\t\t\t<\/div>\n\t\t\t\t<\/div>\n\t\t\t\t<div class=\"elementor-element elementor-element-3a8be0b elementor-widget elementor-widget-woocommerce-breadcrumb\" data-id=\"3a8be0b\" data-element_type=\"widget\" data-e-type=\"widget\" data-widget_type=\"woocommerce-breadcrumb.default\">\n\t\t\t\t<div class=\"elementor-widget-container\">\n\t\t\t\t\t<nav class=\"woocommerce-breadcrumb\" aria-label=\"Breadcrumb\">Start<\/nav>\t\t\t\t<\/div>\n\t\t\t\t<\/div>\n\t\t\t\t\t<\/div>\n\t\t<\/div>\n\t\t\t\t\t<\/div>\n\t\t<\/section>\n\t\t\t\t<section class=\"elementor-section elementor-top-section elementor-element elementor-element-b9ca8b6 elementor-section-full_width elementor-section-height-default elementor-section-height-default\" data-id=\"b9ca8b6\" data-element_type=\"section\" data-e-type=\"section\" data-settings=\"{&quot;background_background&quot;:&quot;classic&quot;}\">\n\t\t\t\t\t\t<div class=\"elementor-container elementor-column-gap-default\">\n\t\t\t\t\t<div class=\"elementor-column elementor-col-100 elementor-top-column elementor-element elementor-element-263e738\" data-id=\"263e738\" data-element_type=\"column\" data-e-type=\"column\">\n\t\t\t<div class=\"elementor-widget-wrap elementor-element-populated\">\n\t\t\t\t\t\t<section class=\"elementor-section elementor-inner-section elementor-element elementor-element-ffa3acc elementor-section-boxed elementor-section-height-default elementor-section-height-default\" data-id=\"ffa3acc\" data-element_type=\"section\" data-e-type=\"section\">\n\t\t\t\t\t\t<div class=\"elementor-container elementor-column-gap-default\">\n\t\t\t\t\t<div class=\"elementor-column elementor-col-100 elementor-inner-column elementor-element elementor-element-6eaa516\" data-id=\"6eaa516\" data-element_type=\"column\" data-e-type=\"column\">\n\t\t\t<div class=\"elementor-widget-wrap elementor-element-populated\">\n\t\t\t\t\t\t<div class=\"elementor-element elementor-element-40772d0 elementor-invisible elementor-widget elementor-widget-heading\" data-id=\"40772d0\" data-element_type=\"widget\" data-e-type=\"widget\" data-settings=\"{&quot;_animation&quot;:&quot;fadeInUp&quot;}\" data-widget_type=\"heading.default\">\n\t\t\t\t<div class=\"elementor-widget-container\">\n\t\t\t\t\t<h2 class=\"elementor-heading-title elementor-size-default\">Allgemeine Verkaufsbedingungen<\/h2>\t\t\t\t<\/div>\n\t\t\t\t<\/div>\n\t\t\t\t<div class=\"elementor-element elementor-element-bbb2a0a elementor-widget elementor-widget-text-editor\" data-id=\"bbb2a0a\" data-element_type=\"widget\" data-e-type=\"widget\" data-widget_type=\"text-editor.default\">\n\t\t\t\t<div class=\"elementor-widget-container\">\n\t\t\t\t\t\t\t\t\t<p>Allgemeine Verkaufsbedingungen<\/p>\n<p>1. Annahme der Bedingungen<br \/>\nDiese Allgemeinen Verkaufsbedingungen regeln das Verh\u00e4ltnis zwischen dem Kunden und unserem Online-Shop. Mit der Bestellung erkl\u00e4ren Sie sich mit diesen Bedingungen einverstanden. Bitte lesen Sie die Allgemeinen Verkaufsbedingungen sorgf\u00e4ltig durch, bevor Sie einen Kauf t\u00e4tigen.<\/p>\n<p>2. Verk\u00e4uferinformationen<br \/>\nDer Verk\u00e4ufer ist Azienda Vinicola Villa Canthus di G. Ormenese e C. S.n.c., mit Sitz in Via Passo Lampol, 17 30020 Fossalta di Piave Venezia, Umsatzsteuer-Identifikationsnummer 02083150272. Sie k\u00f6nnen uns unter 421.679911 kontaktieren, wenn Sie Hilfe oder zus\u00e4tzliche Informationen ben\u00f6tigen.<\/p>\n<p>3. Produkte und Beschreibungen<br \/>\nWir tun unser Bestes, um in unserem Online-Shop genaue und detaillierte Produktbeschreibungen bereitzustellen. Es k\u00f6nnen jedoch Fehler oder Ungenauigkeiten auftreten. Wenn ein Produkt nicht der Beschreibung entspricht, kontaktieren Sie uns bitte umgehend, um eine L\u00f6sung zu finden.<\/p>\n<p>4. Preise und Zahlungen<br \/>\nDie Preise der Produkte sind in unserem Online-Shop angegeben und werden in Euro angegeben, sofern nicht anders angegeben. Die Versandkosten sowie ggf. zus\u00e4tzlich anfallende Steuern und Abgaben werden im Rahmen des Kaufvorgangs angegeben.<\/p>\n<p>5. Kaufvorgang<br \/>\nUm einen Einkauf in unserem Online-Shop zu t\u00e4tigen, legen Sie die gew\u00fcnschten Produkte in Ihren Warenkorb und befolgen Sie die Anweisungen, um Ihre Bestellung abzuschlie\u00dfen. Bitte geben Sie im Kaufprozess die abgefragten Informationen korrekt und vollst\u00e4ndig an. Sobald Sie Ihre Bestellung aufgegeben haben, erhalten Sie per E-Mail eine Best\u00e4tigung mit den Kaufdetails.<\/p>\n<p>6. Versand und Lieferung<br \/>\nVersandarten und -zeiten werden in unseren Versandinformationen angegeben. Wir werden unser Bestes tun, um Bestellungen so schnell wie m\u00f6glich zu liefern, k\u00f6nnen jedoch nicht f\u00fcr Verz\u00f6gerungen verantwortlich gemacht werden, die durch Umst\u00e4nde verursacht werden, die au\u00dferhalb unserer Kontrolle liegen.<\/p>\n<p>7. Widerrufsrecht<br \/>\nGem\u00e4\u00df den geltenden Gesetzen haben Sie das Recht, innerhalb von 14 Tagen nach Erhalt der Produkte von Ihrem Kauf zur\u00fcckzutreten. Um dieses Recht auszu\u00fcben, kontaktieren Sie uns innerhalb der angegebenen Frist und wir werden Ihnen Anweisungen zur R\u00fcckgabe zukommen lassen. Zur\u00fcckgesandte Produkte m\u00fcssen sich in demselben Zustand befinden, in dem sie erhalten wurden.<\/p>\n<p>8. Haftungsbeschr\u00e4nkung<br \/>\nSoweit gesetzlich zul\u00e4ssig, haftet unser Online-Shop nicht f\u00fcr direkte, indirekte, besondere, Folge- oder sonstige Sch\u00e4den, die sich aus der Nutzung unserer Produkte oder Dienstleistungen ergeben.<\/p>\n<p>9. Schutz personenbezogener Daten<br \/>\nWir verarbeiten Ihre personenbezogenen Daten im Einklang mit den geltenden Datenschutzgesetzen. Weitere Informationen dar\u00fcber, wie wir Ihre Daten verwalten und sch\u00fctzen, finden Sie in unserer Datenschutzerkl\u00e4rung.<\/p>\n<p>10. \u00c4nderungen der Bedingungen<br \/>\nWir behalten uns das Recht vor, jederzeit \u00c4nderungen an diesen Allgemeinen Verkaufsbedingungen vorzunehmen. Die \u00c4nderungen treten mit der Ver\u00f6ffentlichung in unserem Online-Shop in Kraft. Wir empfehlen Ihnen, regelm\u00e4\u00dfig nach Updates zu suchen.<\/p>\n<p>Dies sind die Allgemeinen Verkaufsbedingungen unseres Online-Shops. Indem Sie diese Bedingungen akzeptieren, best\u00e4tigen Sie, dass Sie gesetzlich berechtigt sind, in unserem Shop einzukaufen. Vielen Dank f\u00fcr Ihr Vertrauen und dass Sie sich f\u00fcr unsere Produkte entschieden haben.<\/p>\n\t\t\t\t\t\t\t\t<\/div>\n\t\t\t\t<\/div>\n\t\t\t\t\t<\/div>\n\t\t<\/div>\n\t\t\t\t\t<\/div>\n\t\t<\/section>\n\t\t\t\t\t<\/div>\n\t\t<\/div>\n\t\t\t\t\t<\/div>\n\t\t<\/section>\n\t\t\t\t<\/div>\n\t\t","protected":false},"excerpt":{"rendered":"<p>Allgemeine Verkaufsbedingungen Allgemeine Verkaufsbedingungen 1. Annahme der Bedingungen Diese Allgemeinen Verkaufsbedingungen regeln das Verh\u00e4ltnis zwischen dem Kunden und unserem Online-Shop. Mit der Bestellung erkl\u00e4ren Sie sich mit diesen Bedingungen einverstanden. Bitte lesen Sie die Allgemeinen Verkaufsbedingungen sorgf\u00e4ltig durch, bevor Sie einen Kauf t\u00e4tigen. 2. Verk\u00e4uferinformationen Der Verk\u00e4ufer ist Azienda Vinicola Villa Canthus di G. Ormenese [&hellip;]<\/p>\n","protected":false},"author":1,"featured_media":0,"parent":0,"menu_order":0,"comment_status":"closed","ping_status":"closed","template":"elementor_header_footer","meta":{"_acf_changed":false,"footnotes":""},"class_list":["post-2104","page","type-page","status-publish","hentry"],"acf":[],"yoast_head":"<!-- This site is optimized with the Yoast SEO plugin v27.3 - https:\/\/yoast.com\/product\/yoast-seo-wordpress\/ -->\n<title>Allgemeine Verkaufsbedingungen - Villa Canthus<\/title>\n<meta name=\"robots\" content=\"index, follow, max-snippet:-1, max-image-preview:large, max-video-preview:-1\" \/>\n<link rel=\"canonical\" href=\"https:\/\/villacanthus.it\/de\/allgemeine-verkaufsbedingungen\/\" \/>\n<meta property=\"og:locale\" content=\"de_DE\" \/>\n<meta property=\"og:type\" content=\"article\" \/>\n<meta property=\"og:title\" content=\"Allgemeine Verkaufsbedingungen - Villa Canthus\" \/>\n<meta property=\"og:description\" content=\"Allgemeine Verkaufsbedingungen Allgemeine Verkaufsbedingungen 1. Annahme der Bedingungen Diese Allgemeinen Verkaufsbedingungen regeln das Verh\u00e4ltnis zwischen dem Kunden und unserem Online-Shop. Mit der Bestellung erkl\u00e4ren Sie sich mit diesen Bedingungen einverstanden. Bitte lesen Sie die Allgemeinen Verkaufsbedingungen sorgf\u00e4ltig durch, bevor Sie einen Kauf t\u00e4tigen. 2. Verk\u00e4uferinformationen Der Verk\u00e4ufer ist Azienda Vinicola Villa Canthus di G. Ormenese [&hellip;]\" \/>\n<meta property=\"og:url\" content=\"https:\/\/villacanthus.it\/de\/allgemeine-verkaufsbedingungen\/\" \/>\n<meta property=\"og:site_name\" content=\"Villa Canthus\" \/>\n<meta property=\"article:modified_time\" content=\"2023-09-26T12:39:57+00:00\" \/>\n<meta property=\"og:image\" content=\"https:\/\/villacanthus.it\/wp-content\/uploads\/2023\/03\/elemento-grafico-2.png\" \/>\n<meta name=\"twitter:card\" content=\"summary_large_image\" \/>\n<meta name=\"twitter:label1\" content=\"Gesch\u00e4tzte Lesezeit\" \/>\n\t<meta name=\"twitter:data1\" content=\"2\u00a0Minuten\" \/>\n<script type=\"application\/ld+json\" class=\"yoast-schema-graph\">{\"@context\":\"https:\\\/\\\/schema.org\",\"@graph\":[{\"@type\":\"WebPage\",\"@id\":\"https:\\\/\\\/villacanthus.it\\\/de\\\/allgemeine-verkaufsbedingungen\\\/\",\"url\":\"https:\\\/\\\/villacanthus.it\\\/de\\\/allgemeine-verkaufsbedingungen\\\/\",\"name\":\"Allgemeine Verkaufsbedingungen - Villa Canthus\",\"isPartOf\":{\"@id\":\"https:\\\/\\\/villacanthus.it\\\/de\\\/#website\"},\"primaryImageOfPage\":{\"@id\":\"https:\\\/\\\/villacanthus.it\\\/de\\\/allgemeine-verkaufsbedingungen\\\/#primaryimage\"},\"image\":{\"@id\":\"https:\\\/\\\/villacanthus.it\\\/de\\\/allgemeine-verkaufsbedingungen\\\/#primaryimage\"},\"thumbnailUrl\":\"https:\\\/\\\/villacanthus.it\\\/wp-content\\\/uploads\\\/2023\\\/03\\\/elemento-grafico-2.png\",\"datePublished\":\"2023-09-01T07:17:24+00:00\",\"dateModified\":\"2023-09-26T12:39:57+00:00\",\"breadcrumb\":{\"@id\":\"https:\\\/\\\/villacanthus.it\\\/de\\\/allgemeine-verkaufsbedingungen\\\/#breadcrumb\"},\"inLanguage\":\"de\",\"potentialAction\":[{\"@type\":\"ReadAction\",\"target\":[\"https:\\\/\\\/villacanthus.it\\\/de\\\/allgemeine-verkaufsbedingungen\\\/\"]}]},{\"@type\":\"ImageObject\",\"inLanguage\":\"de\",\"@id\":\"https:\\\/\\\/villacanthus.it\\\/de\\\/allgemeine-verkaufsbedingungen\\\/#primaryimage\",\"url\":\"https:\\\/\\\/villacanthus.it\\\/wp-content\\\/uploads\\\/2023\\\/03\\\/elemento-grafico-2.png\",\"contentUrl\":\"https:\\\/\\\/villacanthus.it\\\/wp-content\\\/uploads\\\/2023\\\/03\\\/elemento-grafico-2.png\"},{\"@type\":\"BreadcrumbList\",\"@id\":\"https:\\\/\\\/villacanthus.it\\\/de\\\/allgemeine-verkaufsbedingungen\\\/#breadcrumb\",\"itemListElement\":[{\"@type\":\"ListItem\",\"position\":1,\"name\":\"Home\",\"item\":\"https:\\\/\\\/villacanthus.it\\\/de\\\/\"},{\"@type\":\"ListItem\",\"position\":2,\"name\":\"Allgemeine Verkaufsbedingungen\"}]},{\"@type\":\"WebSite\",\"@id\":\"https:\\\/\\\/villacanthus.it\\\/de\\\/#website\",\"url\":\"https:\\\/\\\/villacanthus.it\\\/de\\\/\",\"name\":\"Villa Canthus\",\"description\":\"\",\"publisher\":{\"@id\":\"https:\\\/\\\/villacanthus.it\\\/de\\\/#organization\"},\"potentialAction\":[{\"@type\":\"SearchAction\",\"target\":{\"@type\":\"EntryPoint\",\"urlTemplate\":\"https:\\\/\\\/villacanthus.it\\\/de\\\/?s={search_term_string}\"},\"query-input\":{\"@type\":\"PropertyValueSpecification\",\"valueRequired\":true,\"valueName\":\"search_term_string\"}}],\"inLanguage\":\"de\"},{\"@type\":\"Organization\",\"@id\":\"https:\\\/\\\/villacanthus.it\\\/de\\\/#organization\",\"name\":\"Villa Canthus\",\"url\":\"https:\\\/\\\/villacanthus.it\\\/de\\\/\",\"logo\":{\"@type\":\"ImageObject\",\"inLanguage\":\"de\",\"@id\":\"https:\\\/\\\/villacanthus.it\\\/de\\\/#\\\/schema\\\/logo\\\/image\\\/\",\"url\":\"https:\\\/\\\/villacanthus.it\\\/wp-content\\\/uploads\\\/2023\\\/03\\\/cropped-LOGO-villacanthus-oro-payoff.png\",\"contentUrl\":\"https:\\\/\\\/villacanthus.it\\\/wp-content\\\/uploads\\\/2023\\\/03\\\/cropped-LOGO-villacanthus-oro-payoff.png\",\"width\":684,\"height\":313,\"caption\":\"Villa Canthus\"},\"image\":{\"@id\":\"https:\\\/\\\/villacanthus.it\\\/de\\\/#\\\/schema\\\/logo\\\/image\\\/\"}}]}<\/script>\n<!-- \/ Yoast SEO plugin. -->","yoast_head_json":{"title":"Allgemeine Verkaufsbedingungen - Villa Canthus","robots":{"index":"index","follow":"follow","max-snippet":"max-snippet:-1","max-image-preview":"max-image-preview:large","max-video-preview":"max-video-preview:-1"},"canonical":"https:\/\/villacanthus.it\/de\/allgemeine-verkaufsbedingungen\/","og_locale":"de_DE","og_type":"article","og_title":"Allgemeine Verkaufsbedingungen - Villa Canthus","og_description":"Allgemeine Verkaufsbedingungen Allgemeine Verkaufsbedingungen 1. Annahme der Bedingungen Diese Allgemeinen Verkaufsbedingungen regeln das Verh\u00e4ltnis zwischen dem Kunden und unserem Online-Shop. Mit der Bestellung erkl\u00e4ren Sie sich mit diesen Bedingungen einverstanden. Bitte lesen Sie die Allgemeinen Verkaufsbedingungen sorgf\u00e4ltig durch, bevor Sie einen Kauf t\u00e4tigen. 2. Verk\u00e4uferinformationen Der Verk\u00e4ufer ist Azienda Vinicola Villa Canthus di G. Ormenese [&hellip;]","og_url":"https:\/\/villacanthus.it\/de\/allgemeine-verkaufsbedingungen\/","og_site_name":"Villa Canthus","article_modified_time":"2023-09-26T12:39:57+00:00","og_image":[{"url":"https:\/\/villacanthus.it\/wp-content\/uploads\/2023\/03\/elemento-grafico-2.png","type":"","width":"","height":""}],"twitter_card":"summary_large_image","twitter_misc":{"Gesch\u00e4tzte Lesezeit":"2\u00a0Minuten"},"schema":{"@context":"https:\/\/schema.org","@graph":[{"@type":"WebPage","@id":"https:\/\/villacanthus.it\/de\/allgemeine-verkaufsbedingungen\/","url":"https:\/\/villacanthus.it\/de\/allgemeine-verkaufsbedingungen\/","name":"Allgemeine Verkaufsbedingungen - Villa Canthus","isPartOf":{"@id":"https:\/\/villacanthus.it\/de\/#website"},"primaryImageOfPage":{"@id":"https:\/\/villacanthus.it\/de\/allgemeine-verkaufsbedingungen\/#primaryimage"},"image":{"@id":"https:\/\/villacanthus.it\/de\/allgemeine-verkaufsbedingungen\/#primaryimage"},"thumbnailUrl":"https:\/\/villacanthus.it\/wp-content\/uploads\/2023\/03\/elemento-grafico-2.png","datePublished":"2023-09-01T07:17:24+00:00","dateModified":"2023-09-26T12:39:57+00:00","breadcrumb":{"@id":"https:\/\/villacanthus.it\/de\/allgemeine-verkaufsbedingungen\/#breadcrumb"},"inLanguage":"de","potentialAction":[{"@type":"ReadAction","target":["https:\/\/villacanthus.it\/de\/allgemeine-verkaufsbedingungen\/"]}]},{"@type":"ImageObject","inLanguage":"de","@id":"https:\/\/villacanthus.it\/de\/allgemeine-verkaufsbedingungen\/#primaryimage","url":"https:\/\/villacanthus.it\/wp-content\/uploads\/2023\/03\/elemento-grafico-2.png","contentUrl":"https:\/\/villacanthus.it\/wp-content\/uploads\/2023\/03\/elemento-grafico-2.png"},{"@type":"BreadcrumbList","@id":"https:\/\/villacanthus.it\/de\/allgemeine-verkaufsbedingungen\/#breadcrumb","itemListElement":[{"@type":"ListItem","position":1,"name":"Home","item":"https:\/\/villacanthus.it\/de\/"},{"@type":"ListItem","position":2,"name":"Allgemeine Verkaufsbedingungen"}]},{"@type":"WebSite","@id":"https:\/\/villacanthus.it\/de\/#website","url":"https:\/\/villacanthus.it\/de\/","name":"Villa Canthus","description":"","publisher":{"@id":"https:\/\/villacanthus.it\/de\/#organization"},"potentialAction":[{"@type":"SearchAction","target":{"@type":"EntryPoint","urlTemplate":"https:\/\/villacanthus.it\/de\/?s={search_term_string}"},"query-input":{"@type":"PropertyValueSpecification","valueRequired":true,"valueName":"search_term_string"}}],"inLanguage":"de"},{"@type":"Organization","@id":"https:\/\/villacanthus.it\/de\/#organization","name":"Villa Canthus","url":"https:\/\/villacanthus.it\/de\/","logo":{"@type":"ImageObject","inLanguage":"de","@id":"https:\/\/villacanthus.it\/de\/#\/schema\/logo\/image\/","url":"https:\/\/villacanthus.it\/wp-content\/uploads\/2023\/03\/cropped-LOGO-villacanthus-oro-payoff.png","contentUrl":"https:\/\/villacanthus.it\/wp-content\/uploads\/2023\/03\/cropped-LOGO-villacanthus-oro-payoff.png","width":684,"height":313,"caption":"Villa Canthus"},"image":{"@id":"https:\/\/villacanthus.it\/de\/#\/schema\/logo\/image\/"}}]}},"_links":{"self":[{"href":"https:\/\/villacanthus.it\/de\/wp-json\/wp\/v2\/pages\/2104","targetHints":{"allow":["GET"]}}],"collection":[{"href":"https:\/\/villacanthus.it\/de\/wp-json\/wp\/v2\/pages"}],"about":[{"href":"https:\/\/villacanthus.it\/de\/wp-json\/wp\/v2\/types\/page"}],"author":[{"embeddable":true,"href":"https:\/\/villacanthus.it\/de\/wp-json\/wp\/v2\/users\/1"}],"replies":[{"embeddable":true,"href":"https:\/\/villacanthus.it\/de\/wp-json\/wp\/v2\/comments?post=2104"}],"version-history":[{"count":1,"href":"https:\/\/villacanthus.it\/de\/wp-json\/wp\/v2\/pages\/2104\/revisions"}],"predecessor-version":[{"id":2105,"href":"https:\/\/villacanthus.it\/de\/wp-json\/wp\/v2\/pages\/2104\/revisions\/2105"}],"wp:attachment":[{"href":"https:\/\/villacanthus.it\/de\/wp-json\/wp\/v2\/media?parent=2104"}],"curies":[{"name":"wp","href":"https:\/\/api.w.org\/{rel}","templated":true}]}}